{"id":6152,"date":"2024-07-24T14:47:25","date_gmt":"2024-07-24T14:47:25","guid":{"rendered":"https:\/\/yournordichome.com\/product\/jani-floor-lamp-nature-stoneware\/"},"modified":"2025-07-30T16:25:20","modified_gmt":"2025-07-30T16:25:20","slug":"lampa-podlogowa-jani-kamionka-natura","status":"publish","type":"product","link":"https:\/\/yournordichome.com\/pl\/product\/jani-floor-lamp-nature-stoneware\/","title":{"rendered":"Lampa pod\u0142ogowa Jani, Nature, kamionka"},"content":{"rendered":"<p>Lampa pod\u0142ogowa Jani marki Bloomingville to elegancka lampa pod\u0142ogowa. Prosty aba\u017cur ozdobiony jest pionowymi paskami, kt\u00f3re tworz\u0105 pi\u0119kny kontrast z naturalnym wygl\u0105dem podstawy.<\/p>\n<p>Wymiary produktu: D24xH114 cm<br \/>\nRozmiar klosza: H65 cm<br \/>\nKolor: naturalny<br \/>\nSk\u0142ad: Kamionka, P\u0142\u00f3tno, \u017belazo<br \/>\nCertyfikat CE: Tak<br \/>\nKlasa energetyczna \u017car\u00f3wki: Wszystkie klasy<br \/>\nRozmiar \u017car\u00f3wki: E27, Zwyk\u0142a i LED<br \/>\nMoc \u017car\u00f3wki maks: 40W \/ LED 5W \/ CFL 9W<br \/>\n\u017bar\u00f3wka nie wchodzi w sk\u0142ad zestawu.<br \/>\nPrzew\u00f3d: Przezroczysty, Plastik, 200 cm<br \/>\nDo u\u017cytku na zewn\u0105trz: Nie<br \/>\nPrze\u0142\u0105cznik no\u017cny na przewodzie.<\/p>","protected":false},"excerpt":{"rendered":"<p>Lampa pod\u0142ogowa, kt\u00f3ra \u0142\u0105czy nowoczesny design z odrobin\u0105 naturalnych kszta\u0142t\u00f3w. Podstawa lampy ma organiczn\u0105 tekstur\u0119, a neutralny kolor zapewnia spokojny i ziemisty wyraz.<\/p>","protected":false},"featured_media":5840,"comment_status":"closed","ping_status":"closed","template":"","meta":{"_acf_changed":false,"_kad_post_transparent":"default","_kad_post_title":"","_kad_post_layout":"default","_kad_post_sidebar_id":"","_kad_post_content_style":"default","_kad_post_vertical_padding":"default","_kad_post_feature":"","_kad_post_feature_position":"","_kad_post_header":false,"_kad_post_footer":false,"_kad_post_classname":""},"pwb-brand":[17],"product_brand":[],"product_cat":[176,72],"product_tag":[1069,334,398,206,397,117],"gyarto":[],"class_list":{"0":"post-6152","1":"product","2":"type-product","3":"status-publish","4":"has-post-thumbnail","6":"pwb-brand-bloomingville","7":"product_cat-floor-lamp","8":"product_cat-lamp","9":"product_tag-autumn-winter-2024","10":"product_tag-new-arrivals","11":"product_tag-nordic-design","12":"product_tag-nordic-furniture","13":"product_tag-nordic-home","14":"product_tag-nordic-lamp","15":"pa_colour-nature","16":"pa_material-stoneware","18":"first","19":"instock","20":"taxable","21":"shipping-taxable","22":"purchasable","23":"product-type-simple","24":"entry","25":"content-bg","26":"loop-entry"},"acf":[],"brands":[{"id":17,"name":"Bloomingville","slug":"bloomingville"}],"_links":{"self":[{"href":"https:\/\/yournordichome.com\/pl\/wp-json\/wp\/v2\/product\/6152","targetHints":{"allow":["GET"]}}],"collection":[{"href":"https:\/\/yournordichome.com\/pl\/wp-json\/wp\/v2\/product"}],"about":[{"href":"https:\/\/yournordichome.com\/pl\/wp-json\/wp\/v2\/types\/product"}],"replies":[{"embeddable":true,"href":"https:\/\/yournordichome.com\/pl\/wp-json\/wp\/v2\/comments?post=6152"}],"wp:featuredmedia":[{"embeddable":true,"href":"https:\/\/yournordichome.com\/pl\/wp-json\/wp\/v2\/media\/5840"}],"wp:attachment":[{"href":"https:\/\/yournordichome.com\/pl\/wp-json\/wp\/v2\/media?parent=6152"}],"wp:term":[{"taxonomy":"pwb-brand","embeddable":true,"href":"https:\/\/yournordichome.com\/pl\/wp-json\/wp\/v2\/pwb-brand?post=6152"},{"taxonomy":"product_brand","embeddable":true,"href":"https:\/\/yournordichome.com\/pl\/wp-json\/wp\/v2\/product_brand?post=6152"},{"taxonomy":"product_cat","embeddable":true,"href":"https:\/\/yournordichome.com\/pl\/wp-json\/wp\/v2\/product_cat?post=6152"},{"taxonomy":"product_tag","embeddable":true,"href":"https:\/\/yournordichome.com\/pl\/wp-json\/wp\/v2\/product_tag?post=6152"},{"taxonomy":"gyarto","embeddable":true,"href":"https:\/\/yournordichome.com\/pl\/wp-json\/wp\/v2\/gyarto?post=6152"}],"curies":[{"name":"wp","href":"https:\/\/api.w.org\/{rel}","templated":true}]}}