{"id":5112,"date":"2024-01-25T17:53:27","date_gmt":"2024-01-25T17:53:27","guid":{"rendered":"https:\/\/yournordichome.com\/product\/factory-pendant-lamp-o32\/"},"modified":"2026-01-30T16:55:09","modified_gmt":"2026-01-30T16:55:09","slug":"fabryczna-lampa-wiszaca-o32","status":"publish","type":"product","link":"https:\/\/yournordichome.com\/pl\/product\/factory-pendant-lamp-o32\/","title":{"rendered":"Lampa wisz\u0105ca Factory \u00d832"},"content":{"rendered":"<p><strong>Lampa wisz\u0105ca Factory<\/strong> marki Chic Antique, kt\u00f3ra \u015bwietnie wygl\u0105da zawieszona nad sto\u0142em w jadalni lub jako ukierunkowane o\u015bwietlenie obszaru w salonie lub sypialni.<\/p>\n<p>Lampa jest cz\u0119\u015bci\u0105 kolekcji Factory, kt\u00f3ra znana jest z industrialnego wygl\u0105du z ciemnymi odcieniami i wyra\u017anymi liniami. Styl ten ma charakterystyczny wygl\u0105d dzi\u0119ki zastosowaniu metalu, kt\u00f3ry tworzy surowy i rustykalny wyraz oraz fabryczny charakter.<\/p>\n<p>Elementy kolekcji Factory pi\u0119knie si\u0119 uzupe\u0142niaj\u0105, ale mo\u017cna je r\u00f3wnie\u017c \u0142\u0105czy\u0107 z klasycznym stylem skandynawskim.<\/p>\n<p>Wymiary produktu: H40\/D32 cm<br \/>\nMateria\u0142: metal<br \/>\nGniazdo: E27, max. 60W<br \/>\nDrut: 150 cm, \u0142\u0105cznie z rozet\u0105 sufitow\u0105<\/p>","protected":false},"excerpt":{"rendered":"<p>Czarna metalowa lampa sufitowa w stylu industrialnym o zu\u017cytym wygl\u0105dzie.<\/p>","protected":false},"featured_media":5101,"comment_status":"closed","ping_status":"closed","template":"","meta":{"_acf_changed":false,"_kad_post_transparent":"default","_kad_post_title":"","_kad_post_layout":"default","_kad_post_sidebar_id":"","_kad_post_content_style":"default","_kad_post_vertical_padding":"default","_kad_post_feature":"","_kad_post_feature_position":"","_kad_post_header":false,"_kad_post_footer":false,"_kad_post_classname":""},"pwb-brand":[19],"product_brand":[],"product_cat":[72,114],"product_tag":[177,334,398,397,34,117,396,1059],"gyarto":[],"class_list":{"0":"post-5112","1":"product","2":"type-product","3":"status-publish","4":"has-post-thumbnail","6":"pwb-brand-chic-antique","7":"product_cat-lamp","8":"product_cat-pendant-lamp","9":"product_tag-industrial-style","10":"product_tag-new-arrivals","11":"product_tag-nordic-design","12":"product_tag-nordic-home","13":"product_tag-nordic-interior-design","14":"product_tag-nordic-lamp","15":"product_tag-nordic-style","16":"product_tag-spring-summer-2024","17":"pa_colour-antique-black","18":"pa_material-metal","20":"first","21":"instock","22":"taxable","23":"shipping-taxable","24":"purchasable","25":"product-type-simple","26":"entry","27":"content-bg","28":"loop-entry"},"acf":[],"brands":[{"id":19,"name":"Chic Antique","slug":"szykowny-antyk"}],"_links":{"self":[{"href":"https:\/\/yournordichome.com\/pl\/wp-json\/wp\/v2\/product\/5112","targetHints":{"allow":["GET"]}}],"collection":[{"href":"https:\/\/yournordichome.com\/pl\/wp-json\/wp\/v2\/product"}],"about":[{"href":"https:\/\/yournordichome.com\/pl\/wp-json\/wp\/v2\/types\/product"}],"replies":[{"embeddable":true,"href":"https:\/\/yournordichome.com\/pl\/wp-json\/wp\/v2\/comments?post=5112"}],"wp:featuredmedia":[{"embeddable":true,"href":"https:\/\/yournordichome.com\/pl\/wp-json\/wp\/v2\/media\/5101"}],"wp:attachment":[{"href":"https:\/\/yournordichome.com\/pl\/wp-json\/wp\/v2\/media?parent=5112"}],"wp:term":[{"taxonomy":"pwb-brand","embeddable":true,"href":"https:\/\/yournordichome.com\/pl\/wp-json\/wp\/v2\/pwb-brand?post=5112"},{"taxonomy":"product_brand","embeddable":true,"href":"https:\/\/yournordichome.com\/pl\/wp-json\/wp\/v2\/product_brand?post=5112"},{"taxonomy":"product_cat","embeddable":true,"href":"https:\/\/yournordichome.com\/pl\/wp-json\/wp\/v2\/product_cat?post=5112"},{"taxonomy":"product_tag","embeddable":true,"href":"https:\/\/yournordichome.com\/pl\/wp-json\/wp\/v2\/product_tag?post=5112"},{"taxonomy":"gyarto","embeddable":true,"href":"https:\/\/yournordichome.com\/pl\/wp-json\/wp\/v2\/gyarto?post=5112"}],"curies":[{"name":"wp","href":"https:\/\/api.w.org\/{rel}","templated":true}]}}