{"id":5098,"date":"2024-01-23T17:02:27","date_gmt":"2024-01-23T17:02:27","guid":{"rendered":"https:\/\/yournordichome.com\/product\/floor-lamp-in-natural-wicker\/"},"modified":"2026-04-15T07:20:05","modified_gmt":"2026-04-15T07:20:05","slug":"lampa-podlogowa-z-naturalnej-wikliny","status":"publish","type":"product","link":"https:\/\/yournordichome.com\/pl\/product\/floor-lamp-in-natural-wicker\/","title":{"rendered":"Lampa pod\u0142ogowa z naturalnej wikliny"},"content":{"rendered":"<p><strong>Lampa pod\u0142ogowa z naturalnej wikliny<\/strong> przez Chic Antique. Mo\u017ce by\u0107 dekoracyjnym dodatkiem do Twojego domu, kt\u00f3ry po w\u0142\u0105czeniu wniesie do pomieszczenia ciep\u0142e \u015bwiat\u0142o. Postaw j\u0105 w ciemnym k\u0105cie i wprowad\u017a atmosfer\u0119 hygge jeszcze bli\u017cej swojego domu!<\/p>\n<p>Wymiary produktu: H127\/D28 cm<br \/>\nMateria\u0142: Rafia, Metal<br \/>\nGniazdo: E27<br \/>\nDrut: 150 cm<\/p>","protected":false},"excerpt":{"rendered":"<p>Lampa pod\u0142ogowa wykonana z naturalnej rafii, ozdobiona delikatnym wzorem. Dzi\u0119ki specjalnemu splotowi jest przytulnym \u017ar\u00f3d\u0142em \u015bwiat\u0142a.<\/p>","protected":false},"featured_media":5084,"comment_status":"closed","ping_status":"closed","template":"","meta":{"_acf_changed":false,"_kad_post_transparent":"default","_kad_post_title":"","_kad_post_layout":"default","_kad_post_sidebar_id":"","_kad_post_content_style":"default","_kad_post_vertical_padding":"default","_kad_post_feature":"","_kad_post_feature_position":"","_kad_post_header":false,"_kad_post_footer":false,"_kad_post_classname":""},"pwb-brand":[19],"product_brand":[],"product_cat":[176,72],"product_tag":[334,398,397,34,117,396,1059],"gyarto":[],"class_list":{"0":"post-5098","1":"product","2":"type-product","3":"status-publish","4":"has-post-thumbnail","6":"pwb-brand-chic-antique","7":"product_cat-floor-lamp","8":"product_cat-lamp","9":"product_tag-new-arrivals","10":"product_tag-nordic-design","11":"product_tag-nordic-home","12":"product_tag-nordic-interior-design","13":"product_tag-nordic-lamp","14":"product_tag-nordic-style","15":"product_tag-spring-summer-2024","16":"pa_colour-nature","17":"pa_material-metal","18":"pa_material-raffia","20":"first","21":"outofstock","22":"taxable","23":"shipping-taxable","24":"purchasable","25":"product-type-simple","26":"entry","27":"content-bg","28":"loop-entry"},"acf":[],"brands":[{"id":19,"name":"Chic Antique","slug":"szykowny-antyk"}],"_links":{"self":[{"href":"https:\/\/yournordichome.com\/pl\/wp-json\/wp\/v2\/product\/5098","targetHints":{"allow":["GET"]}}],"collection":[{"href":"https:\/\/yournordichome.com\/pl\/wp-json\/wp\/v2\/product"}],"about":[{"href":"https:\/\/yournordichome.com\/pl\/wp-json\/wp\/v2\/types\/product"}],"replies":[{"embeddable":true,"href":"https:\/\/yournordichome.com\/pl\/wp-json\/wp\/v2\/comments?post=5098"}],"wp:featuredmedia":[{"embeddable":true,"href":"https:\/\/yournordichome.com\/pl\/wp-json\/wp\/v2\/media\/5084"}],"wp:attachment":[{"href":"https:\/\/yournordichome.com\/pl\/wp-json\/wp\/v2\/media?parent=5098"}],"wp:term":[{"taxonomy":"pwb-brand","embeddable":true,"href":"https:\/\/yournordichome.com\/pl\/wp-json\/wp\/v2\/pwb-brand?post=5098"},{"taxonomy":"product_brand","embeddable":true,"href":"https:\/\/yournordichome.com\/pl\/wp-json\/wp\/v2\/product_brand?post=5098"},{"taxonomy":"product_cat","embeddable":true,"href":"https:\/\/yournordichome.com\/pl\/wp-json\/wp\/v2\/product_cat?post=5098"},{"taxonomy":"product_tag","embeddable":true,"href":"https:\/\/yournordichome.com\/pl\/wp-json\/wp\/v2\/product_tag?post=5098"},{"taxonomy":"gyarto","embeddable":true,"href":"https:\/\/yournordichome.com\/pl\/wp-json\/wp\/v2\/gyarto?post=5098"}],"curies":[{"name":"wp","href":"https:\/\/api.w.org\/{rel}","templated":true}]}}