{"id":4610,"date":"2024-01-06T14:27:33","date_gmt":"2024-01-06T14:27:33","guid":{"rendered":"https:\/\/yournordichome.com\/product\/lounge-chair-nature-rattan\/"},"modified":"2025-07-30T16:40:17","modified_gmt":"2025-07-30T16:40:17","slug":"fotel-wypoczynkowy-natura-rattan","status":"publish","type":"product","link":"https:\/\/yournordichome.com\/pl\/product\/lounge-chair-nature-rattan\/","title":{"rendered":"Fotel wypoczynkowy, Nature, Rattan"},"content":{"rendered":"<p>Baal Lounge Chair marki Bloomingville to pi\u0119kny fotel wypoczynkowy wykonany z rattanu z wieloma pi\u0119knymi detalami. To krzes\u0142o b\u0119dzie idealne do u\u017cytku w szklarni lub w salonie. Dzi\u0119ki unikalnemu wzornictwu i szczeg\u00f3\u0142owej konstrukcji, ten fotel doda odrobin\u0119 elegancji i uroku ka\u017cdemu pomieszczeniu w domu.<\/p>\n<p>Wymiary produktu: L61xH75xW77 cm<br \/>\nG\u0142\u0119boko\u015b\u0107 siedziska: 50 cm<br \/>\nWysoko\u015b\u0107 siedziska: 34 cm<br \/>\nWysoko\u015b\u0107 ramienia: 54 cm<br \/>\nKolor: naturalny<br \/>\nSk\u0142ad: Rattan<br \/>\nInstrukcja piel\u0119gnacji: Przetrze\u0107 wilgotn\u0105 szmatk\u0105.<br \/>\nMaksymalny ud\u017awig: 110 kg<\/p>","protected":false},"excerpt":{"rendered":"<p>Fotel wykonany z rattanu, kt\u00f3ry mo\u017cna stylizowa\u0107 za pomoc\u0105 poduszek i narzut, aby stworzy\u0107 przytuln\u0105 i relaksuj\u0105c\u0105 atmosfer\u0119.<\/p>","protected":false},"featured_media":3586,"comment_status":"closed","ping_status":"closed","template":"","meta":{"_acf_changed":false,"_kad_post_transparent":"default","_kad_post_title":"","_kad_post_layout":"default","_kad_post_sidebar_id":"","_kad_post_content_style":"default","_kad_post_vertical_padding":"default","_kad_post_feature":"","_kad_post_feature_position":"","_kad_post_header":false,"_kad_post_footer":false,"_kad_post_classname":""},"pwb-brand":[17],"product_brand":[],"product_cat":[152,153],"product_tag":[154,398,397,34,396],"gyarto":[],"class_list":{"0":"post-4610","1":"product","2":"type-product","3":"status-publish","4":"has-post-thumbnail","6":"pwb-brand-bloomingville","7":"product_cat-chair","8":"product_cat-lounge-chair","9":"product_tag-armchair","10":"product_tag-nordic-design","11":"product_tag-nordic-home","12":"product_tag-nordic-interior-design","13":"product_tag-nordic-style","14":"pa_colour-nature","15":"pa_material-rattan","17":"first","18":"instock","19":"taxable","20":"shipping-taxable","21":"purchasable","22":"product-type-simple","23":"entry","24":"content-bg","25":"loop-entry"},"acf":[],"brands":[{"id":17,"name":"Bloomingville","slug":"bloomingville"}],"_links":{"self":[{"href":"https:\/\/yournordichome.com\/pl\/wp-json\/wp\/v2\/product\/4610","targetHints":{"allow":["GET"]}}],"collection":[{"href":"https:\/\/yournordichome.com\/pl\/wp-json\/wp\/v2\/product"}],"about":[{"href":"https:\/\/yournordichome.com\/pl\/wp-json\/wp\/v2\/types\/product"}],"replies":[{"embeddable":true,"href":"https:\/\/yournordichome.com\/pl\/wp-json\/wp\/v2\/comments?post=4610"}],"wp:featuredmedia":[{"embeddable":true,"href":"https:\/\/yournordichome.com\/pl\/wp-json\/wp\/v2\/media\/3586"}],"wp:attachment":[{"href":"https:\/\/yournordichome.com\/pl\/wp-json\/wp\/v2\/media?parent=4610"}],"wp:term":[{"taxonomy":"pwb-brand","embeddable":true,"href":"https:\/\/yournordichome.com\/pl\/wp-json\/wp\/v2\/pwb-brand?post=4610"},{"taxonomy":"product_brand","embeddable":true,"href":"https:\/\/yournordichome.com\/pl\/wp-json\/wp\/v2\/product_brand?post=4610"},{"taxonomy":"product_cat","embeddable":true,"href":"https:\/\/yournordichome.com\/pl\/wp-json\/wp\/v2\/product_cat?post=4610"},{"taxonomy":"product_tag","embeddable":true,"href":"https:\/\/yournordichome.com\/pl\/wp-json\/wp\/v2\/product_tag?post=4610"},{"taxonomy":"gyarto","embeddable":true,"href":"https:\/\/yournordichome.com\/pl\/wp-json\/wp\/v2\/gyarto?post=4610"}],"curies":[{"name":"wp","href":"https:\/\/api.w.org\/{rel}","templated":true}]}}