{"id":4606,"date":"2024-01-06T14:27:33","date_gmt":"2024-01-06T14:27:33","guid":{"rendered":"https:\/\/yournordichome.com\/product\/loft-dining-table\/"},"modified":"2025-04-04T07:46:27","modified_gmt":"2025-04-04T07:46:27","slug":"loft-dining-table","status":"publish","type":"product","link":"https:\/\/yournordichome.com\/pl\/product\/loft-dining-table\/","title":{"rendered":"Loft Dining Table"},"content":{"rendered":"<p>The Loft Dining Table by Bloomingville has a raw and natural look. The table top is made of reclaimed wood and the frame is black metal. The legs are collapsable for easy storage. Gather your friends and family around this beautiful large dining table. The fact that the tabletop is made of reclaimed wood means that every table is unique.<\/p>\n<p>Product dimensions: L190xH75xW85 cm<br \/>\nKolor: br\u0105zowy<br \/>\nSk\u0142ad: Drewno z odzysku, \u017belazo<br \/>\nInstrukcja piel\u0119gnacji: Przetrze\u0107 wilgotn\u0105 szmatk\u0105.<br \/>\nMaksymalny ud\u017awig: 150 kg<br \/>\nR\u00f3\u017cnice w rozmiarze, kszta\u0142cie i kolorze mog\u0105 wynika\u0107 z zastosowanych materia\u0142\u00f3w.<\/p>","protected":false},"excerpt":{"rendered":"<p>Loft Dining table with reclaimed wood tabletop standing on a black metal frame.<\/p>","protected":false},"featured_media":4586,"comment_status":"closed","ping_status":"closed","template":"","meta":{"_acf_changed":false,"_kad_post_transparent":"default","_kad_post_title":"","_kad_post_layout":"default","_kad_post_sidebar_id":"","_kad_post_content_style":"default","_kad_post_vertical_padding":"default","_kad_post_feature":"","_kad_post_feature_position":"","_kad_post_header":false,"_kad_post_footer":false,"_kad_post_classname":""},"pwb-brand":[17],"product_brand":[],"product_cat":[240,157],"product_tag":[334,398,397,34,396,1059],"gyarto":[],"class_list":{"0":"post-4606","1":"product","2":"type-product","3":"status-publish","4":"has-post-thumbnail","6":"pwb-brand-bloomingville","7":"product_cat-dining-table","8":"product_cat-table","9":"product_tag-new-arrivals","10":"product_tag-nordic-design","11":"product_tag-nordic-home","12":"product_tag-nordic-interior-design","13":"product_tag-nordic-style","14":"product_tag-spring-summer-2024","15":"pa_colour-brown","16":"pa_material-reclaimed-wood","18":"first","19":"outofstock","20":"taxable","21":"shipping-taxable","22":"purchasable","23":"product-type-simple","24":"entry","25":"content-bg","26":"loop-entry"},"acf":[],"brands":[{"id":17,"name":"Bloomingville","slug":"bloomingville"}],"_links":{"self":[{"href":"https:\/\/yournordichome.com\/pl\/wp-json\/wp\/v2\/product\/4606","targetHints":{"allow":["GET"]}}],"collection":[{"href":"https:\/\/yournordichome.com\/pl\/wp-json\/wp\/v2\/product"}],"about":[{"href":"https:\/\/yournordichome.com\/pl\/wp-json\/wp\/v2\/types\/product"}],"replies":[{"embeddable":true,"href":"https:\/\/yournordichome.com\/pl\/wp-json\/wp\/v2\/comments?post=4606"}],"wp:featuredmedia":[{"embeddable":true,"href":"https:\/\/yournordichome.com\/pl\/wp-json\/wp\/v2\/media\/4586"}],"wp:attachment":[{"href":"https:\/\/yournordichome.com\/pl\/wp-json\/wp\/v2\/media?parent=4606"}],"wp:term":[{"taxonomy":"pwb-brand","embeddable":true,"href":"https:\/\/yournordichome.com\/pl\/wp-json\/wp\/v2\/pwb-brand?post=4606"},{"taxonomy":"product_brand","embeddable":true,"href":"https:\/\/yournordichome.com\/pl\/wp-json\/wp\/v2\/product_brand?post=4606"},{"taxonomy":"product_cat","embeddable":true,"href":"https:\/\/yournordichome.com\/pl\/wp-json\/wp\/v2\/product_cat?post=4606"},{"taxonomy":"product_tag","embeddable":true,"href":"https:\/\/yournordichome.com\/pl\/wp-json\/wp\/v2\/product_tag?post=4606"},{"taxonomy":"gyarto","embeddable":true,"href":"https:\/\/yournordichome.com\/pl\/wp-json\/wp\/v2\/gyarto?post=4606"}],"curies":[{"name":"wp","href":"https:\/\/api.w.org\/{rel}","templated":true}]}}