{"id":4560,"date":"2024-01-02T17:12:08","date_gmt":"2024-01-02T17:12:08","guid":{"rendered":"https:\/\/yournordichome.com\/product\/graphic-cotton-cushion\/"},"modified":"2025-09-28T14:42:38","modified_gmt":"2025-09-28T14:42:38","slug":"bawelniana-poduszka-z-grafika","status":"publish","type":"product","link":"https:\/\/yournordichome.com\/pl\/product\/graphic-cotton-cushion\/","title":{"rendered":"Bawe\u0142niana poduszka z grafik\u0105"},"content":{"rendered":"<p>Bawe\u0142niana poduszka ozdobiona graficznymi wzorami, kolorami ziemi i b\u0142\u0119kitem wody. Po\u0142\u00f3\u017c j\u0105 na krze\u015ble, na sofie lub na \u0142\u00f3\u017cku, b\u0119dzie wyko\u0144czeniem dekoracji, o kt\u00f3rej w\u0142a\u015bnie marzy\u0142e\u015b.<\/p>\n<p>Wymiary produktu: L45xW45 cm<br \/>\nKolor: naturalny<br \/>\nSk\u0142ad: 100% Bawe\u0142na, Wype\u0142nienie: 100% Poliester<br \/>\nWybielanie: Nie<br \/>\nCzyszczenie na sucho: Nie<br \/>\nWype\u0142nienie: Poliester<br \/>\nInstrukcja prania: Pra\u0107 w pralce w 40 stopniach<br \/>\nZamek b\u0142yskawiczny: Plastik<\/p>","protected":false},"excerpt":{"rendered":"<p>Bawe\u0142niana poduszka ozdobiona kolorami ziemi i b\u0142\u0119kitem wody. Graficzne wzory nadaj\u0105 poduszce klimat bohemy.<\/p>","protected":false},"featured_media":4549,"comment_status":"closed","ping_status":"closed","template":"","meta":{"_acf_changed":false,"_kad_post_transparent":"default","_kad_post_title":"","_kad_post_layout":"default","_kad_post_sidebar_id":"","_kad_post_content_style":"default","_kad_post_vertical_padding":"default","_kad_post_feature":"","_kad_post_feature_position":"","_kad_post_header":false,"_kad_post_footer":false,"_kad_post_classname":""},"pwb-brand":[17],"product_brand":[],"product_cat":[294,65],"product_tag":[1053,1058,398,397,34,396],"gyarto":[],"class_list":{"0":"post-4560","1":"product","2":"type-product","3":"status-publish","4":"has-post-thumbnail","6":"pwb-brand-bloomingville","7":"product_cat-pillow","8":"product_cat-rugs-and-textiles","9":"product_tag-cushion","10":"product_tag-new-year-sale","11":"product_tag-nordic-design","12":"product_tag-nordic-home","13":"product_tag-nordic-interior-design","14":"product_tag-nordic-style","15":"pa_colour-nature","16":"pa_material-cotton","18":"first","19":"instock","20":"sale","21":"taxable","22":"shipping-taxable","23":"purchasable","24":"product-type-simple","25":"entry","26":"content-bg","27":"loop-entry"},"acf":[],"brands":[{"id":17,"name":"Bloomingville","slug":"bloomingville"}],"_links":{"self":[{"href":"https:\/\/yournordichome.com\/pl\/wp-json\/wp\/v2\/product\/4560","targetHints":{"allow":["GET"]}}],"collection":[{"href":"https:\/\/yournordichome.com\/pl\/wp-json\/wp\/v2\/product"}],"about":[{"href":"https:\/\/yournordichome.com\/pl\/wp-json\/wp\/v2\/types\/product"}],"replies":[{"embeddable":true,"href":"https:\/\/yournordichome.com\/pl\/wp-json\/wp\/v2\/comments?post=4560"}],"wp:featuredmedia":[{"embeddable":true,"href":"https:\/\/yournordichome.com\/pl\/wp-json\/wp\/v2\/media\/4549"}],"wp:attachment":[{"href":"https:\/\/yournordichome.com\/pl\/wp-json\/wp\/v2\/media?parent=4560"}],"wp:term":[{"taxonomy":"pwb-brand","embeddable":true,"href":"https:\/\/yournordichome.com\/pl\/wp-json\/wp\/v2\/pwb-brand?post=4560"},{"taxonomy":"product_brand","embeddable":true,"href":"https:\/\/yournordichome.com\/pl\/wp-json\/wp\/v2\/product_brand?post=4560"},{"taxonomy":"product_cat","embeddable":true,"href":"https:\/\/yournordichome.com\/pl\/wp-json\/wp\/v2\/product_cat?post=4560"},{"taxonomy":"product_tag","embeddable":true,"href":"https:\/\/yournordichome.com\/pl\/wp-json\/wp\/v2\/product_tag?post=4560"},{"taxonomy":"gyarto","embeddable":true,"href":"https:\/\/yournordichome.com\/pl\/wp-json\/wp\/v2\/gyarto?post=4560"}],"curies":[{"name":"wp","href":"https:\/\/api.w.org\/{rel}","templated":true}]}}