{"id":4558,"date":"2024-01-02T17:12:08","date_gmt":"2024-01-02T17:12:08","guid":{"rendered":"https:\/\/yournordichome.com\/product\/white-cushion-cotton\/"},"modified":"2025-07-30T16:41:31","modified_gmt":"2025-07-30T16:41:31","slug":"biala-bawelniana-poduszka","status":"publish","type":"product","link":"https:\/\/yournordichome.com\/pl\/product\/white-cushion-cotton\/","title":{"rendered":"Bia\u0142a poduszka, bawe\u0142na"},"content":{"rendered":"<p>Pomimo u\u017cycia tylko kolor\u00f3w czarnego i bia\u0142ego, ta poduszka dodaje wyj\u0105tkowego akcentu ka\u017cdemu krzes\u0142u, sofie lub \u0142\u00f3\u017cku, na kt\u00f3rym j\u0105 umie\u015bcisz. Prosty nadruk graficzny stanowi doskona\u0142y kontrast dla cz\u0119sto mi\u0119kkiego materia\u0142u, na kt\u00f3rym ta poduszka zostanie umieszczona.<\/p>\n<p>Wymiary produktu: L40xW40 cm<br \/>\nKolor: naturalny<br \/>\nSk\u0142ad: 100% Bawe\u0142na, Wype\u0142nienie: 100% Poliester<br \/>\nWybielanie: Nie<br \/>\nWyko\u0144czenie kolorystyczne: Nadruk<br \/>\nCzyszczenie na sucho: Nie<br \/>\nWype\u0142nienie: Poliester<br \/>\nWyko\u0144czenie produktu: Tkane<br \/>\nInstrukcja prania: Pra\u0107 w pralce w 40 stopniach<br \/>\nZamek b\u0142yskawiczny: Plastik<\/p>","protected":false},"excerpt":{"rendered":"<p>Bia\u0142a poduszka utkana z bawe\u0142ny i zadrukowana wzorem przypominaj\u0105cym poci\u0105gni\u0119cia p\u0119dzla w czarnym kolorze.<\/p>","protected":false},"featured_media":4552,"comment_status":"closed","ping_status":"closed","template":"","meta":{"_acf_changed":false,"_kad_post_transparent":"default","_kad_post_title":"","_kad_post_layout":"default","_kad_post_sidebar_id":"","_kad_post_content_style":"default","_kad_post_vertical_padding":"default","_kad_post_feature":"","_kad_post_feature_position":"","_kad_post_header":false,"_kad_post_footer":false,"_kad_post_classname":""},"pwb-brand":[17],"product_brand":[],"product_cat":[294,65],"product_tag":[1053,1058,398,397,34,396],"gyarto":[],"class_list":{"0":"post-4558","1":"product","2":"type-product","3":"status-publish","4":"has-post-thumbnail","6":"pwb-brand-bloomingville","7":"product_cat-pillow","8":"product_cat-rugs-and-textiles","9":"product_tag-cushion","10":"product_tag-new-year-sale","11":"product_tag-nordic-design","12":"product_tag-nordic-home","13":"product_tag-nordic-interior-design","14":"product_tag-nordic-style","15":"pa_colour-white","16":"pa_material-cotton","18":"first","19":"instock","20":"sale","21":"taxable","22":"shipping-taxable","23":"purchasable","24":"product-type-simple","25":"entry","26":"content-bg","27":"loop-entry"},"acf":[],"brands":[{"id":17,"name":"Bloomingville","slug":"bloomingville"}],"_links":{"self":[{"href":"https:\/\/yournordichome.com\/pl\/wp-json\/wp\/v2\/product\/4558","targetHints":{"allow":["GET"]}}],"collection":[{"href":"https:\/\/yournordichome.com\/pl\/wp-json\/wp\/v2\/product"}],"about":[{"href":"https:\/\/yournordichome.com\/pl\/wp-json\/wp\/v2\/types\/product"}],"replies":[{"embeddable":true,"href":"https:\/\/yournordichome.com\/pl\/wp-json\/wp\/v2\/comments?post=4558"}],"wp:featuredmedia":[{"embeddable":true,"href":"https:\/\/yournordichome.com\/pl\/wp-json\/wp\/v2\/media\/4552"}],"wp:attachment":[{"href":"https:\/\/yournordichome.com\/pl\/wp-json\/wp\/v2\/media?parent=4558"}],"wp:term":[{"taxonomy":"pwb-brand","embeddable":true,"href":"https:\/\/yournordichome.com\/pl\/wp-json\/wp\/v2\/pwb-brand?post=4558"},{"taxonomy":"product_brand","embeddable":true,"href":"https:\/\/yournordichome.com\/pl\/wp-json\/wp\/v2\/product_brand?post=4558"},{"taxonomy":"product_cat","embeddable":true,"href":"https:\/\/yournordichome.com\/pl\/wp-json\/wp\/v2\/product_cat?post=4558"},{"taxonomy":"product_tag","embeddable":true,"href":"https:\/\/yournordichome.com\/pl\/wp-json\/wp\/v2\/product_tag?post=4558"},{"taxonomy":"gyarto","embeddable":true,"href":"https:\/\/yournordichome.com\/pl\/wp-json\/wp\/v2\/gyarto?post=4558"}],"curies":[{"name":"wp","href":"https:\/\/api.w.org\/{rel}","templated":true}]}}