{"id":4449,"date":"2023-12-16T17:04:53","date_gmt":"2023-12-16T17:04:53","guid":{"rendered":"https:\/\/yournordichome.com\/product\/cream-table-lamp-stoneware\/"},"modified":"2025-07-30T16:49:13","modified_gmt":"2025-07-30T16:49:13","slug":"kremowa-lampa-stolowa-kamionka","status":"publish","type":"product","link":"https:\/\/yournordichome.com\/pl\/product\/cream-table-lamp-stoneware\/","title":{"rendered":"Kremowa lampa sto\u0142owa, kamionka"},"content":{"rendered":"<p>Lampa sto\u0142owa Sergio marki Bloomingville to bardzo uniwersalna lampa o minimalistycznym skandynawskim kszta\u0142cie i delikatnym wyrazie. Kremowe kolory na ceramicznej podstawie i lniany klosz pi\u0119knie komponuj\u0105 si\u0119 ton w ton. Lekka i elegancka lampa.<\/p>\n<p>Wymiary produktu: D20,5xH54,5 cm<br \/>\nWysoko\u015b\u0107 klosza: 24 cm<br \/>\nKolor: naturalny<br \/>\nSk\u0142ad: Kamionka, P\u0142\u00f3tno, \u017belazo<br \/>\nCertyfikat CE: Tak<br \/>\nKlasa energetyczna \u017car\u00f3wki: Wszystkie klasy<br \/>\n\u017bar\u00f3wka w zestawie: Nie<br \/>\nKszta\u0142t \u017car\u00f3wki: Zwyk\u0142a<br \/>\nRozmiar \u017car\u00f3wki: E27<br \/>\nTyp \u017car\u00f3wki: Zwyk\u0142a i LED<br \/>\nMoc \u017car\u00f3wki maks. 40 W \/ LED 5 W \/ CFL 9 W<br \/>\nKolor przewodu: Przezroczysty<br \/>\nD\u0142ugo\u015b\u0107 przewodu: 160 cm<br \/>\nMateria\u0142 przewodu: PVC+CU<br \/>\nW\u0142\u0105cz przew\u00f3d.<br \/>\nDo u\u017cytku na zewn\u0105trz: Nie<\/p>","protected":false},"excerpt":{"rendered":"<p>Kremowa lampa sto\u0142owa z lnianym kloszem w naturalnym kolorze. Minimalistyczny i elegancki element skandynawski.<\/p>","protected":false},"featured_media":4429,"comment_status":"closed","ping_status":"closed","template":"","meta":{"_acf_changed":false,"_kad_post_transparent":"default","_kad_post_title":"","_kad_post_layout":"default","_kad_post_sidebar_id":"","_kad_post_content_style":"default","_kad_post_vertical_padding":"default","_kad_post_feature":"","_kad_post_feature_position":"","_kad_post_header":false,"_kad_post_footer":false,"_kad_post_classname":""},"pwb-brand":[17],"product_brand":[],"product_cat":[73,72],"product_tag":[334,398,397,34,117,396,1059],"gyarto":[],"class_list":{"0":"post-4449","1":"product","2":"type-product","3":"status-publish","4":"has-post-thumbnail","6":"pwb-brand-bloomingville","7":"product_cat-desk-and-table-lamp","8":"product_cat-lamp","9":"product_tag-new-arrivals","10":"product_tag-nordic-design","11":"product_tag-nordic-home","12":"product_tag-nordic-interior-design","13":"product_tag-nordic-lamp","14":"product_tag-nordic-style","15":"product_tag-spring-summer-2024","16":"pa_colour-cream","17":"pa_material-stoneware","19":"first","20":"instock","21":"taxable","22":"shipping-taxable","23":"purchasable","24":"product-type-simple","25":"entry","26":"content-bg","27":"loop-entry"},"acf":[],"brands":[{"id":17,"name":"Bloomingville","slug":"bloomingville"}],"_links":{"self":[{"href":"https:\/\/yournordichome.com\/pl\/wp-json\/wp\/v2\/product\/4449","targetHints":{"allow":["GET"]}}],"collection":[{"href":"https:\/\/yournordichome.com\/pl\/wp-json\/wp\/v2\/product"}],"about":[{"href":"https:\/\/yournordichome.com\/pl\/wp-json\/wp\/v2\/types\/product"}],"replies":[{"embeddable":true,"href":"https:\/\/yournordichome.com\/pl\/wp-json\/wp\/v2\/comments?post=4449"}],"wp:featuredmedia":[{"embeddable":true,"href":"https:\/\/yournordichome.com\/pl\/wp-json\/wp\/v2\/media\/4429"}],"wp:attachment":[{"href":"https:\/\/yournordichome.com\/pl\/wp-json\/wp\/v2\/media?parent=4449"}],"wp:term":[{"taxonomy":"pwb-brand","embeddable":true,"href":"https:\/\/yournordichome.com\/pl\/wp-json\/wp\/v2\/pwb-brand?post=4449"},{"taxonomy":"product_brand","embeddable":true,"href":"https:\/\/yournordichome.com\/pl\/wp-json\/wp\/v2\/product_brand?post=4449"},{"taxonomy":"product_cat","embeddable":true,"href":"https:\/\/yournordichome.com\/pl\/wp-json\/wp\/v2\/product_cat?post=4449"},{"taxonomy":"product_tag","embeddable":true,"href":"https:\/\/yournordichome.com\/pl\/wp-json\/wp\/v2\/product_tag?post=4449"},{"taxonomy":"gyarto","embeddable":true,"href":"https:\/\/yournordichome.com\/pl\/wp-json\/wp\/v2\/gyarto?post=4449"}],"curies":[{"name":"wp","href":"https:\/\/api.w.org\/{rel}","templated":true}]}}