{"id":4375,"date":"2023-12-11T16:36:59","date_gmt":"2023-12-11T16:36:59","guid":{"rendered":"https:\/\/yournordichome.com\/product\/floor-lamp-nature-rubberwood\/"},"modified":"2025-12-18T10:11:31","modified_gmt":"2025-12-18T10:11:31","slug":"lampa-podlogowa-natura-drewno-kauczukowe","status":"publish","type":"product","link":"https:\/\/yournordichome.com\/pl\/product\/floor-lamp-nature-rubberwood\/","title":{"rendered":"Lampa pod\u0142ogowa, Nature, drewno kauczukowe"},"content":{"rendered":"<p>Lampa pod\u0142ogowa Leonor marki Creative Collection jest wykonana z drewna kauczukowego o d\u0142ugim i smuk\u0142ym kszta\u0142cie, kt\u00f3ry nadaje jej elegancki wygl\u0105d. Klosz wykonany jest z lnu w jasnym i naturalnym kolorze.<\/p>\n<p>Wymiary produktu: D45xH130 cm<br \/>\nRozmiar klosza: 40x45xH35 cm<br \/>\nKolor: naturalny<br \/>\nSk\u0142ad: Drewno kauczukowe, P\u0142\u00f3tno, \u017belazo<br \/>\nCertyfikat CE: Tak<br \/>\nKlasa energetyczna \u017car\u00f3wki: Wszystkie klasy<br \/>\n\u017bar\u00f3wka w zestawie: Nie<br \/>\nKszta\u0142t \u017car\u00f3wki: Zwyk\u0142a<br \/>\nRozmiar \u017car\u00f3wki: E27<br \/>\nTyp \u017car\u00f3wki: Zwyk\u0142a i LED<br \/>\nMoc \u017car\u00f3wki: Max LED 5W \/CFL 9W \/40W<br \/>\nKolor przewodu: Przezroczysty<br \/>\nD\u0142ugo\u015b\u0107 przewodu: 200 cm<br \/>\nMateria\u0142 przewodu: Tworzywo sztuczne<br \/>\nPrze\u0142\u0105cznik: Na przewodzie<br \/>\nDo u\u017cytku na zewn\u0105trz: Nie<\/p>","protected":false},"excerpt":{"rendered":"<p>Lampa pod\u0142ogowa w stylu skandynawskim o czystym designie. Wykonana jest z drewna kauczukowego w naturalnym kolorze, a klosz z lnu. Subtelne, naturalne kolory sprawiaj\u0105, \u017ce jest to wyj\u0105tkowy dodatek do Twojego domu.<\/p>","protected":false},"featured_media":4363,"comment_status":"closed","ping_status":"closed","template":"","meta":{"_acf_changed":false,"_kad_post_transparent":"default","_kad_post_title":"","_kad_post_layout":"default","_kad_post_sidebar_id":"","_kad_post_content_style":"default","_kad_post_vertical_padding":"default","_kad_post_feature":"","_kad_post_feature_position":"","_kad_post_header":false,"_kad_post_footer":false,"_kad_post_classname":""},"pwb-brand":[17],"product_brand":[],"product_cat":[176,72],"product_tag":[334,398,397,34,117,396,1059],"gyarto":[],"class_list":{"0":"post-4375","1":"product","2":"type-product","3":"status-publish","4":"has-post-thumbnail","6":"pwb-brand-bloomingville","7":"product_cat-floor-lamp","8":"product_cat-lamp","9":"product_tag-new-arrivals","10":"product_tag-nordic-design","11":"product_tag-nordic-home","12":"product_tag-nordic-interior-design","13":"product_tag-nordic-lamp","14":"product_tag-nordic-style","15":"product_tag-spring-summer-2024","16":"pa_colour-nature","17":"pa_material-rubberwood","19":"first","20":"instock","21":"taxable","22":"shipping-taxable","23":"purchasable","24":"product-type-simple","25":"entry","26":"content-bg","27":"loop-entry"},"acf":[],"brands":[{"id":17,"name":"Bloomingville","slug":"bloomingville"}],"_links":{"self":[{"href":"https:\/\/yournordichome.com\/pl\/wp-json\/wp\/v2\/product\/4375","targetHints":{"allow":["GET"]}}],"collection":[{"href":"https:\/\/yournordichome.com\/pl\/wp-json\/wp\/v2\/product"}],"about":[{"href":"https:\/\/yournordichome.com\/pl\/wp-json\/wp\/v2\/types\/product"}],"replies":[{"embeddable":true,"href":"https:\/\/yournordichome.com\/pl\/wp-json\/wp\/v2\/comments?post=4375"}],"wp:featuredmedia":[{"embeddable":true,"href":"https:\/\/yournordichome.com\/pl\/wp-json\/wp\/v2\/media\/4363"}],"wp:attachment":[{"href":"https:\/\/yournordichome.com\/pl\/wp-json\/wp\/v2\/media?parent=4375"}],"wp:term":[{"taxonomy":"pwb-brand","embeddable":true,"href":"https:\/\/yournordichome.com\/pl\/wp-json\/wp\/v2\/pwb-brand?post=4375"},{"taxonomy":"product_brand","embeddable":true,"href":"https:\/\/yournordichome.com\/pl\/wp-json\/wp\/v2\/product_brand?post=4375"},{"taxonomy":"product_cat","embeddable":true,"href":"https:\/\/yournordichome.com\/pl\/wp-json\/wp\/v2\/product_cat?post=4375"},{"taxonomy":"product_tag","embeddable":true,"href":"https:\/\/yournordichome.com\/pl\/wp-json\/wp\/v2\/product_tag?post=4375"},{"taxonomy":"gyarto","embeddable":true,"href":"https:\/\/yournordichome.com\/pl\/wp-json\/wp\/v2\/gyarto?post=4375"}],"curies":[{"name":"wp","href":"https:\/\/api.w.org\/{rel}","templated":true}]}}