{"id":4292,"date":"2023-12-07T18:23:54","date_gmt":"2023-12-07T18:23:54","guid":{"rendered":"https:\/\/yournordichome.com\/product\/fabric-armchair-grey-nordic\/"},"modified":"2025-07-30T16:52:50","modified_gmt":"2025-07-30T16:52:50","slug":"fotel-materialowy-szary-nordic","status":"publish","type":"product","link":"https:\/\/yournordichome.com\/pl\/product\/fabric-armchair-grey-nordic\/","title":{"rendered":"Fotel materia\u0142owy szary nordic"},"content":{"rendered":"<p>Fotel Perry Lounge Chair marki Bloomingville charakteryzuje si\u0119 prostym i klasycznym designem z nowoczesnym akcentem. Umie\u015b\u0107 go przy kominku lub w rogu salonu, aby stworzy\u0107 przytulny k\u0105cik.<\/p>\n<p>Wymiary produktu: L71xH100xW71 cm<br \/>\nWysoko\u015b\u0107 ramienia: 60 cm<br \/>\nG\u0142\u0119boko\u015b\u0107 siedziska: 50 cm<br \/>\nWysoko\u015b\u0107 siedziska: 42 cm<br \/>\nWysoko\u015b\u0107 n\u00f3g: 31 cm<br \/>\nKolor: naturalny<br \/>\nSk\u0142ad: Poliester, Sklejka, Metal<br \/>\nTrwa\u0142o\u015b\u0107 tkaniny (Martindale) 80.000<br \/>\nMaksymalny ud\u017awig: 120 kg<\/p>","protected":false},"excerpt":{"rendered":"<p>Fotel wypoczynkowy z szar\u0105 tkanin\u0105 w klasycznym skandynawskim stylu. Wysokie oparcie i mi\u0119kkie siedzisko zapewniaj\u0105 wysoki komfort, a stylowa szara tkanina boucl\u00e9 i smuk\u0142e metalowe nogi dodaj\u0105 nowoczesnego charakteru.<\/p>","protected":false},"featured_media":4276,"comment_status":"closed","ping_status":"closed","template":"","meta":{"_acf_changed":false,"_kad_post_transparent":"default","_kad_post_title":"","_kad_post_layout":"default","_kad_post_sidebar_id":"","_kad_post_content_style":"default","_kad_post_vertical_padding":"default","_kad_post_feature":"","_kad_post_feature_position":"","_kad_post_header":false,"_kad_post_footer":false,"_kad_post_classname":""},"pwb-brand":[17],"product_brand":[],"product_cat":[152,153],"product_tag":[334,398,397,34,396,439,1059],"gyarto":[],"class_list":{"0":"post-4292","1":"product","2":"type-product","3":"status-publish","4":"has-post-thumbnail","6":"pwb-brand-bloomingville","7":"product_cat-chair","8":"product_cat-lounge-chair","9":"product_tag-new-arrivals","10":"product_tag-nordic-design","11":"product_tag-nordic-home","12":"product_tag-nordic-interior-design","13":"product_tag-nordic-style","14":"product_tag-rectangular-coffee-table","15":"product_tag-spring-summer-2024","16":"pa_colour-grey","17":"pa_colour-nature","18":"pa_material-plywood","19":"pa_material-polyester","21":"first","22":"instock","23":"taxable","24":"shipping-taxable","25":"purchasable","26":"product-type-simple","27":"entry","28":"content-bg","29":"loop-entry"},"acf":[],"brands":[{"id":17,"name":"Bloomingville","slug":"bloomingville"}],"_links":{"self":[{"href":"https:\/\/yournordichome.com\/pl\/wp-json\/wp\/v2\/product\/4292","targetHints":{"allow":["GET"]}}],"collection":[{"href":"https:\/\/yournordichome.com\/pl\/wp-json\/wp\/v2\/product"}],"about":[{"href":"https:\/\/yournordichome.com\/pl\/wp-json\/wp\/v2\/types\/product"}],"replies":[{"embeddable":true,"href":"https:\/\/yournordichome.com\/pl\/wp-json\/wp\/v2\/comments?post=4292"}],"wp:featuredmedia":[{"embeddable":true,"href":"https:\/\/yournordichome.com\/pl\/wp-json\/wp\/v2\/media\/4276"}],"wp:attachment":[{"href":"https:\/\/yournordichome.com\/pl\/wp-json\/wp\/v2\/media?parent=4292"}],"wp:term":[{"taxonomy":"pwb-brand","embeddable":true,"href":"https:\/\/yournordichome.com\/pl\/wp-json\/wp\/v2\/pwb-brand?post=4292"},{"taxonomy":"product_brand","embeddable":true,"href":"https:\/\/yournordichome.com\/pl\/wp-json\/wp\/v2\/product_brand?post=4292"},{"taxonomy":"product_cat","embeddable":true,"href":"https:\/\/yournordichome.com\/pl\/wp-json\/wp\/v2\/product_cat?post=4292"},{"taxonomy":"product_tag","embeddable":true,"href":"https:\/\/yournordichome.com\/pl\/wp-json\/wp\/v2\/product_tag?post=4292"},{"taxonomy":"gyarto","embeddable":true,"href":"https:\/\/yournordichome.com\/pl\/wp-json\/wp\/v2\/gyarto?post=4292"}],"curies":[{"name":"wp","href":"https:\/\/api.w.org\/{rel}","templated":true}]}}