{"id":4247,"date":"2023-12-05T19:22:11","date_gmt":"2023-12-05T19:22:11","guid":{"rendered":"https:\/\/yournordichome.com\/product\/black-metal-bookcase\/"},"modified":"2025-09-20T08:38:38","modified_gmt":"2025-09-20T08:38:38","slug":"czarny-metalowy-regal","status":"publish","type":"product","link":"https:\/\/yournordichome.com\/pl\/product\/black-metal-bookcase\/","title":{"rendered":"Czarny metalowy rega\u0142 na ksi\u0105\u017cki"},"content":{"rendered":"<p>Rega\u0142 Valde marki Bloomingville ma klasyczny i ponadczasowy design, wykonany z czarnego metalu. Mo\u017ce by\u0107 ustawiony przy \u015bcianie lub swobodnie sta\u0107 w pokoju jako przegroda. Dzi\u0119ki prostemu designowi nadaje si\u0119 do ka\u017cdego pomieszczenia, zar\u00f3wno do przechowywania, jak i eksponowania ulubionych ksi\u0105\u017cek i przedmiot\u00f3w dekoracyjnych.<\/p>\n<p>Wymiary produktu: L80xH114xW40 cm<br \/>\nKolor: czarny<br \/>\nSk\u0142ad: \u017belazo<br \/>\nMaksymalny ud\u017awig: 5 kg na p\u00f3\u0142k\u0119<br \/>\nInstrukcja piel\u0119gnacji: Przetrze\u0107 wilgotn\u0105 szmatk\u0105.<\/p>","protected":false},"excerpt":{"rendered":"<p>Rega\u0142 wykonany z metalu w kolorze czarnym o prostym skandynawskim designie.<\/p>","protected":false},"featured_media":4228,"comment_status":"closed","ping_status":"closed","template":"","meta":{"_acf_changed":false,"_kad_post_transparent":"default","_kad_post_title":"","_kad_post_layout":"default","_kad_post_sidebar_id":"","_kad_post_content_style":"default","_kad_post_vertical_padding":"default","_kad_post_feature":"","_kad_post_feature_position":"","_kad_post_header":false,"_kad_post_footer":false,"_kad_post_classname":""},"pwb-brand":[17],"product_brand":[],"product_cat":[94,141],"product_tag":[133,334,398,397,34,396,136,1059],"gyarto":[],"class_list":{"0":"post-4247","1":"product","2":"type-product","3":"status-publish","4":"has-post-thumbnail","6":"pwb-brand-bloomingville","7":"product_cat-furniture","8":"product_cat-shelving-unit","9":"product_tag-bookcase","10":"product_tag-new-arrivals","11":"product_tag-nordic-design","12":"product_tag-nordic-home","13":"product_tag-nordic-interior-design","14":"product_tag-nordic-style","15":"product_tag-shelves","16":"product_tag-spring-summer-2024","17":"pa_colour-black","18":"pa_material-metal","20":"first","21":"outofstock","22":"taxable","23":"shipping-taxable","24":"purchasable","25":"product-type-simple","26":"entry","27":"content-bg","28":"loop-entry"},"acf":[],"brands":[{"id":17,"name":"Bloomingville","slug":"bloomingville"}],"_links":{"self":[{"href":"https:\/\/yournordichome.com\/pl\/wp-json\/wp\/v2\/product\/4247","targetHints":{"allow":["GET"]}}],"collection":[{"href":"https:\/\/yournordichome.com\/pl\/wp-json\/wp\/v2\/product"}],"about":[{"href":"https:\/\/yournordichome.com\/pl\/wp-json\/wp\/v2\/types\/product"}],"replies":[{"embeddable":true,"href":"https:\/\/yournordichome.com\/pl\/wp-json\/wp\/v2\/comments?post=4247"}],"wp:featuredmedia":[{"embeddable":true,"href":"https:\/\/yournordichome.com\/pl\/wp-json\/wp\/v2\/media\/4228"}],"wp:attachment":[{"href":"https:\/\/yournordichome.com\/pl\/wp-json\/wp\/v2\/media?parent=4247"}],"wp:term":[{"taxonomy":"pwb-brand","embeddable":true,"href":"https:\/\/yournordichome.com\/pl\/wp-json\/wp\/v2\/pwb-brand?post=4247"},{"taxonomy":"product_brand","embeddable":true,"href":"https:\/\/yournordichome.com\/pl\/wp-json\/wp\/v2\/product_brand?post=4247"},{"taxonomy":"product_cat","embeddable":true,"href":"https:\/\/yournordichome.com\/pl\/wp-json\/wp\/v2\/product_cat?post=4247"},{"taxonomy":"product_tag","embeddable":true,"href":"https:\/\/yournordichome.com\/pl\/wp-json\/wp\/v2\/product_tag?post=4247"},{"taxonomy":"gyarto","embeddable":true,"href":"https:\/\/yournordichome.com\/pl\/wp-json\/wp\/v2\/gyarto?post=4247"}],"curies":[{"name":"wp","href":"https:\/\/api.w.org\/{rel}","templated":true}]}}