{"id":3924,"date":"2023-11-05T14:29:04","date_gmt":"2023-11-05T14:29:04","guid":{"rendered":"https:\/\/yournordichome.com\/product\/table-lamp-grey-stoneware\/"},"modified":"2025-07-30T16:58:51","modified_gmt":"2025-07-30T16:58:51","slug":"lampa-stolowa-kamionka-szara","status":"publish","type":"product","link":"https:\/\/yournordichome.com\/pl\/product\/table-lamp-grey-stoneware\/","title":{"rendered":"Lampa sto\u0142owa, szara kamionka"},"content":{"rendered":"<p><strong>Lampa sto\u0142owa Isabelle marki Bloomingville<\/strong> zosta\u0142 zaprojektowany w stylu vintage, kt\u00f3ry idealnie pasuje do dom\u00f3w w stylu skandynawskim.<\/p>\n<p>Wymiary produktu: D44xH62 cm<br \/>\nKolor: Szary<br \/>\nSk\u0142ad: Kamionka, P\u0142\u00f3tno<br \/>\nCertyfikat CE: Tak<br \/>\nKlasa energetyczna \u017car\u00f3wki: Wszystkie<br \/>\n\u017bar\u00f3wka w zestawie: Nie<br \/>\nKszta\u0142t \u017car\u00f3wki: Zwyk\u0142a<br \/>\nRozmiar \u017car\u00f3wki: E27<br \/>\nTyp \u017car\u00f3wki: LED lub energooszcz\u0119dna (CFL)<br \/>\nMaksymalna moc \u017car\u00f3wki: \u017barowa: 40W \/ LED: 5W \/ CFL: 11W<br \/>\nInstrukcja piel\u0119gnacji: Przetrze\u0107 wilgotn\u0105 szmatk\u0105.<br \/>\nKolor przewodu: czarny<br \/>\nD\u0142ugo\u015b\u0107 przewodu: 150 cm<br \/>\nMateria\u0142 przewodu: Tworzywo sztuczne<br \/>\nW\u0142\u0105cz przew\u00f3d.<br \/>\nDo u\u017cytku na zewn\u0105trz: Nie<br \/>\nGniazdo posiada funkcj\u0119 pochylania.<\/p>","protected":false},"excerpt":{"rendered":"<p>Lampa sto\u0142owa z pi\u0119kn\u0105 kamionkow\u0105 podstaw\u0105 w kolorze szarym o rustykalnym i vintage wygl\u0105dzie.<\/p>","protected":false},"featured_media":3894,"comment_status":"closed","ping_status":"closed","template":"","meta":{"_acf_changed":false,"_kad_post_transparent":"default","_kad_post_title":"","_kad_post_layout":"default","_kad_post_sidebar_id":"","_kad_post_content_style":"default","_kad_post_vertical_padding":"default","_kad_post_feature":"","_kad_post_feature_position":"","_kad_post_header":false,"_kad_post_footer":false,"_kad_post_classname":""},"pwb-brand":[17],"product_brand":[],"product_cat":[73,72],"product_tag":[398,397,34,117,396],"gyarto":[],"class_list":{"0":"post-3924","1":"product","2":"type-product","3":"status-publish","4":"has-post-thumbnail","6":"pwb-brand-bloomingville","7":"product_cat-desk-and-table-lamp","8":"product_cat-lamp","9":"product_tag-nordic-design","10":"product_tag-nordic-home","11":"product_tag-nordic-interior-design","12":"product_tag-nordic-lamp","13":"product_tag-nordic-style","14":"pa_colour-grey","15":"pa_material-stoneware","17":"first","18":"instock","19":"taxable","20":"shipping-taxable","21":"purchasable","22":"product-type-simple","23":"entry","24":"content-bg","25":"loop-entry"},"acf":[],"brands":[{"id":17,"name":"Bloomingville","slug":"bloomingville"}],"_links":{"self":[{"href":"https:\/\/yournordichome.com\/pl\/wp-json\/wp\/v2\/product\/3924","targetHints":{"allow":["GET"]}}],"collection":[{"href":"https:\/\/yournordichome.com\/pl\/wp-json\/wp\/v2\/product"}],"about":[{"href":"https:\/\/yournordichome.com\/pl\/wp-json\/wp\/v2\/types\/product"}],"replies":[{"embeddable":true,"href":"https:\/\/yournordichome.com\/pl\/wp-json\/wp\/v2\/comments?post=3924"}],"wp:featuredmedia":[{"embeddable":true,"href":"https:\/\/yournordichome.com\/pl\/wp-json\/wp\/v2\/media\/3894"}],"wp:attachment":[{"href":"https:\/\/yournordichome.com\/pl\/wp-json\/wp\/v2\/media?parent=3924"}],"wp:term":[{"taxonomy":"pwb-brand","embeddable":true,"href":"https:\/\/yournordichome.com\/pl\/wp-json\/wp\/v2\/pwb-brand?post=3924"},{"taxonomy":"product_brand","embeddable":true,"href":"https:\/\/yournordichome.com\/pl\/wp-json\/wp\/v2\/product_brand?post=3924"},{"taxonomy":"product_cat","embeddable":true,"href":"https:\/\/yournordichome.com\/pl\/wp-json\/wp\/v2\/product_cat?post=3924"},{"taxonomy":"product_tag","embeddable":true,"href":"https:\/\/yournordichome.com\/pl\/wp-json\/wp\/v2\/product_tag?post=3924"},{"taxonomy":"gyarto","embeddable":true,"href":"https:\/\/yournordichome.com\/pl\/wp-json\/wp\/v2\/gyarto?post=3924"}],"curies":[{"name":"wp","href":"https:\/\/api.w.org\/{rel}","templated":true}]}}