{"id":3916,"date":"2023-11-05T14:29:04","date_gmt":"2023-11-05T14:29:04","guid":{"rendered":"https:\/\/yournordichome.com\/product\/tray-table-black-rattan\/"},"modified":"2025-07-30T16:58:36","modified_gmt":"2025-07-30T16:58:36","slug":"stolik-na-tace-czarny-rattan","status":"publish","type":"product","link":"https:\/\/yournordichome.com\/pl\/product\/tray-table-black-rattan\/","title":{"rendered":"Stolik z tac\u0105, czarny rattan"},"content":{"rendered":"<p><strong>Stolik Milli Tray marki Bloomingville<\/strong> to czarny stolik z wyjmowan\u0105 tac\u0105 z rattanu, kt\u00f3ry tworzy przytulno\u015b\u0107 w ka\u017cdym domu.<\/p>\n<p>Wymiary produktu: D60xH47 cm<br \/>\nKolor: czarny<br \/>\nSk\u0142ad: Rattan, Drewno Gmelina<br \/>\nInstrukcja piel\u0119gnacji: Przetrze\u0107 wilgotn\u0105 szmatk\u0105.<br \/>\nMaksymalny ud\u017awig: 5 kg<br \/>\nMog\u0105 wyst\u0105pi\u0107 r\u00f3\u017cnice wynikaj\u0105ce z zastosowanych materia\u0142\u00f3w.<\/p>","protected":false},"excerpt":{"rendered":"<p>Stolik z okr\u0105g\u0142ym blatem i wyjmowan\u0105 tac\u0105 z rattanu w kolorze czarnym.<\/p>","protected":false},"featured_media":3902,"comment_status":"closed","ping_status":"closed","template":"","meta":{"_acf_changed":false,"_kad_post_transparent":"default","_kad_post_title":"","_kad_post_layout":"default","_kad_post_sidebar_id":"","_kad_post_content_style":"default","_kad_post_vertical_padding":"default","_kad_post_feature":"","_kad_post_feature_position":"","_kad_post_header":false,"_kad_post_footer":false,"_kad_post_classname":""},"pwb-brand":[17],"product_brand":[],"product_cat":[341,157],"product_tag":[398,397,34,396,134],"gyarto":[],"class_list":{"0":"post-3916","1":"product","2":"type-product","3":"status-publish","4":"has-post-thumbnail","6":"pwb-brand-bloomingville","7":"product_cat-side-table","8":"product_cat-table","9":"product_tag-nordic-design","10":"product_tag-nordic-home","11":"product_tag-nordic-interior-design","12":"product_tag-nordic-style","13":"product_tag-rattan-furniture","14":"pa_colour-black","15":"pa_material-rattan","17":"first","18":"instock","19":"taxable","20":"shipping-taxable","21":"purchasable","22":"product-type-simple","23":"entry","24":"content-bg","25":"loop-entry"},"acf":[],"brands":[{"id":17,"name":"Bloomingville","slug":"bloomingville"}],"_links":{"self":[{"href":"https:\/\/yournordichome.com\/pl\/wp-json\/wp\/v2\/product\/3916","targetHints":{"allow":["GET"]}}],"collection":[{"href":"https:\/\/yournordichome.com\/pl\/wp-json\/wp\/v2\/product"}],"about":[{"href":"https:\/\/yournordichome.com\/pl\/wp-json\/wp\/v2\/types\/product"}],"replies":[{"embeddable":true,"href":"https:\/\/yournordichome.com\/pl\/wp-json\/wp\/v2\/comments?post=3916"}],"wp:featuredmedia":[{"embeddable":true,"href":"https:\/\/yournordichome.com\/pl\/wp-json\/wp\/v2\/media\/3902"}],"wp:attachment":[{"href":"https:\/\/yournordichome.com\/pl\/wp-json\/wp\/v2\/media?parent=3916"}],"wp:term":[{"taxonomy":"pwb-brand","embeddable":true,"href":"https:\/\/yournordichome.com\/pl\/wp-json\/wp\/v2\/pwb-brand?post=3916"},{"taxonomy":"product_brand","embeddable":true,"href":"https:\/\/yournordichome.com\/pl\/wp-json\/wp\/v2\/product_brand?post=3916"},{"taxonomy":"product_cat","embeddable":true,"href":"https:\/\/yournordichome.com\/pl\/wp-json\/wp\/v2\/product_cat?post=3916"},{"taxonomy":"product_tag","embeddable":true,"href":"https:\/\/yournordichome.com\/pl\/wp-json\/wp\/v2\/product_tag?post=3916"},{"taxonomy":"gyarto","embeddable":true,"href":"https:\/\/yournordichome.com\/pl\/wp-json\/wp\/v2\/gyarto?post=3916"}],"curies":[{"name":"wp","href":"https:\/\/api.w.org\/{rel}","templated":true}]}}