{"id":3915,"date":"2023-11-05T14:29:04","date_gmt":"2023-11-05T14:29:04","guid":{"rendered":"https:\/\/yournordichome.com\/product\/side-table-white-marble\/"},"modified":"2026-04-15T07:08:29","modified_gmt":"2026-04-15T07:08:29","slug":"stolik-boczny-bialy-marmur","status":"publish","type":"product","link":"https:\/\/yournordichome.com\/pl\/product\/side-table-white-marble\/","title":{"rendered":"Stolik boczny, bia\u0142y marmur"},"content":{"rendered":"<p><strong>Stolik boczny Jasmia marki Bloomingville<\/strong> wykonane z marmuru w kolorze bia\u0142ym. Pi\u0119kno kamienia naturalnego polega na tym, \u017ce nie ma dw\u00f3ch identycznych egzemplarzy. Ka\u017cdy z nich jest unikalnym dzie\u0142em sztuki wykutym przez matk\u0119 natur\u0119 na przestrzeni tysi\u0105cleci przy u\u017cyciu ciep\u0142a, ci\u015bnienia i wielu r\u00f3\u017cnych minera\u0142\u00f3w i materia\u0142\u00f3w organicznych. Spos\u00f3b, w jaki te minera\u0142y osadzaj\u0105 si\u0119 w kamieniu, powoduje ogromn\u0105 r\u00f3\u017cnorodno\u015b\u0107 kolor\u00f3w, wzor\u00f3w, tekstur i \u017cy\u0142ek w ka\u017cdej p\u0142ycie.<\/p>\n<p>Wymiary produktu: D46xH53 cm<br \/>\nKolor: bia\u0142y<br \/>\nSk\u0142ad: Marmur<br \/>\nInstrukcja piel\u0119gnacji: Przetrze\u0107 wilgotn\u0105 szmatk\u0105.<br \/>\nMaksymalny ud\u017awig: 20 kg<br \/>\nMog\u0105 wyst\u0105pi\u0107 r\u00f3\u017cnice wynikaj\u0105ce z zastosowanych materia\u0142\u00f3w.<\/p>","protected":false},"excerpt":{"rendered":"<p>Stolik boczny w skandynawskim stylu, wyci\u0119ty z pi\u0119knego bia\u0142ego marmuru z okr\u0105g\u0142ym blatem.<\/p>","protected":false},"featured_media":3875,"comment_status":"closed","ping_status":"closed","template":"","meta":{"_acf_changed":false,"_kad_post_transparent":"default","_kad_post_title":"","_kad_post_layout":"default","_kad_post_sidebar_id":"","_kad_post_content_style":"default","_kad_post_vertical_padding":"default","_kad_post_feature":"","_kad_post_feature_position":"","_kad_post_header":false,"_kad_post_footer":false,"_kad_post_classname":""},"pwb-brand":[17],"product_brand":[],"product_cat":[341,157],"product_tag":[398,397,34,396],"gyarto":[],"class_list":{"0":"post-3915","1":"product","2":"type-product","3":"status-publish","4":"has-post-thumbnail","6":"pwb-brand-bloomingville","7":"product_cat-side-table","8":"product_cat-table","9":"product_tag-nordic-design","10":"product_tag-nordic-home","11":"product_tag-nordic-interior-design","12":"product_tag-nordic-style","13":"pa_colour-white","14":"pa_material-marble","16":"first","17":"instock","18":"taxable","19":"shipping-taxable","20":"purchasable","21":"product-type-simple","22":"entry","23":"content-bg","24":"loop-entry"},"acf":[],"brands":[{"id":17,"name":"Bloomingville","slug":"bloomingville"}],"_links":{"self":[{"href":"https:\/\/yournordichome.com\/pl\/wp-json\/wp\/v2\/product\/3915","targetHints":{"allow":["GET"]}}],"collection":[{"href":"https:\/\/yournordichome.com\/pl\/wp-json\/wp\/v2\/product"}],"about":[{"href":"https:\/\/yournordichome.com\/pl\/wp-json\/wp\/v2\/types\/product"}],"replies":[{"embeddable":true,"href":"https:\/\/yournordichome.com\/pl\/wp-json\/wp\/v2\/comments?post=3915"}],"wp:featuredmedia":[{"embeddable":true,"href":"https:\/\/yournordichome.com\/pl\/wp-json\/wp\/v2\/media\/3875"}],"wp:attachment":[{"href":"https:\/\/yournordichome.com\/pl\/wp-json\/wp\/v2\/media?parent=3915"}],"wp:term":[{"taxonomy":"pwb-brand","embeddable":true,"href":"https:\/\/yournordichome.com\/pl\/wp-json\/wp\/v2\/pwb-brand?post=3915"},{"taxonomy":"product_brand","embeddable":true,"href":"https:\/\/yournordichome.com\/pl\/wp-json\/wp\/v2\/product_brand?post=3915"},{"taxonomy":"product_cat","embeddable":true,"href":"https:\/\/yournordichome.com\/pl\/wp-json\/wp\/v2\/product_cat?post=3915"},{"taxonomy":"product_tag","embeddable":true,"href":"https:\/\/yournordichome.com\/pl\/wp-json\/wp\/v2\/product_tag?post=3915"},{"taxonomy":"gyarto","embeddable":true,"href":"https:\/\/yournordichome.com\/pl\/wp-json\/wp\/v2\/gyarto?post=3915"}],"curies":[{"name":"wp","href":"https:\/\/api.w.org\/{rel}","templated":true}]}}