{"id":3833,"date":"2023-10-28T17:59:20","date_gmt":"2023-10-28T17:59:20","guid":{"rendered":"https:\/\/yournordichome.com\/product\/lounge-chair-nature-teak\/"},"modified":"2025-09-04T15:23:12","modified_gmt":"2025-09-04T15:23:12","slug":"fotel-wypoczynkowy-natura-teak","status":"publish","type":"product","link":"https:\/\/yournordichome.com\/pl\/product\/lounge-chair-nature-teak\/","title":{"rendered":"Fotel wypoczynkowy Nature Teak"},"content":{"rendered":"<p><strong>Fotel wypoczynkowy<\/strong> marki Bloomingville jest wykonane z drewna tekowego ze skr\u0119conymi li\u015b\u0107mi bananowca. Krzes\u0142o ma wiele pi\u0119knych detali i jest bardzo wygodne.<\/p>\n<p>Wymiary produktu: L57xH84xW81 cm<br \/>\nG\u0142\u0119boko\u015b\u0107 siedziska: 40 cm<br \/>\nWysoko\u015b\u0107 siedziska: 49 cm<br \/>\nKolor: naturalny<br \/>\nSk\u0142ad: Drewno tekowe, Li\u015b\u0107 bananowca<br \/>\nMaksymalny ud\u017awig: 110 kg<br \/>\nInstrukcja piel\u0119gnacji: Przetrze\u0107 wilgotn\u0105 szmatk\u0105.<br \/>\nDo u\u017cytku na zewn\u0105trz: Nie<br \/>\nZe wzgl\u0119du na naturalne materia\u0142y mog\u0105 wyst\u0105pi\u0107 r\u00f3\u017cnice w kolorze.<\/p>","protected":false},"excerpt":{"rendered":"<p>Fotel wypoczynkowy wykonany z surowego drewna tekowego z naturalnymi, skr\u0119conymi li\u015b\u0107mi bananowca, kt\u00f3re nadaj\u0105 mu delikatny i rustykalny wygl\u0105d.<\/p>","protected":false},"featured_media":3803,"comment_status":"closed","ping_status":"closed","template":"","meta":{"_acf_changed":false,"_kad_post_transparent":"default","_kad_post_title":"","_kad_post_layout":"default","_kad_post_sidebar_id":"","_kad_post_content_style":"default","_kad_post_vertical_padding":"default","_kad_post_feature":"","_kad_post_feature_position":"","_kad_post_header":false,"_kad_post_footer":false,"_kad_post_classname":""},"pwb-brand":[17],"product_brand":[],"product_cat":[152,153],"product_tag":[398,397,34,396],"gyarto":[],"class_list":{"0":"post-3833","1":"product","2":"type-product","3":"status-publish","4":"has-post-thumbnail","6":"pwb-brand-bloomingville","7":"product_cat-chair","8":"product_cat-lounge-chair","9":"product_tag-nordic-design","10":"product_tag-nordic-home","11":"product_tag-nordic-interior-design","12":"product_tag-nordic-style","13":"pa_colour-nature","14":"pa_material-teak-wood","16":"first","17":"instock","18":"taxable","19":"shipping-taxable","20":"purchasable","21":"product-type-simple","22":"entry","23":"content-bg","24":"loop-entry"},"acf":[],"brands":[{"id":17,"name":"Bloomingville","slug":"bloomingville"}],"_links":{"self":[{"href":"https:\/\/yournordichome.com\/pl\/wp-json\/wp\/v2\/product\/3833","targetHints":{"allow":["GET"]}}],"collection":[{"href":"https:\/\/yournordichome.com\/pl\/wp-json\/wp\/v2\/product"}],"about":[{"href":"https:\/\/yournordichome.com\/pl\/wp-json\/wp\/v2\/types\/product"}],"replies":[{"embeddable":true,"href":"https:\/\/yournordichome.com\/pl\/wp-json\/wp\/v2\/comments?post=3833"}],"wp:featuredmedia":[{"embeddable":true,"href":"https:\/\/yournordichome.com\/pl\/wp-json\/wp\/v2\/media\/3803"}],"wp:attachment":[{"href":"https:\/\/yournordichome.com\/pl\/wp-json\/wp\/v2\/media?parent=3833"}],"wp:term":[{"taxonomy":"pwb-brand","embeddable":true,"href":"https:\/\/yournordichome.com\/pl\/wp-json\/wp\/v2\/pwb-brand?post=3833"},{"taxonomy":"product_brand","embeddable":true,"href":"https:\/\/yournordichome.com\/pl\/wp-json\/wp\/v2\/product_brand?post=3833"},{"taxonomy":"product_cat","embeddable":true,"href":"https:\/\/yournordichome.com\/pl\/wp-json\/wp\/v2\/product_cat?post=3833"},{"taxonomy":"product_tag","embeddable":true,"href":"https:\/\/yournordichome.com\/pl\/wp-json\/wp\/v2\/product_tag?post=3833"},{"taxonomy":"gyarto","embeddable":true,"href":"https:\/\/yournordichome.com\/pl\/wp-json\/wp\/v2\/gyarto?post=3833"}],"curies":[{"name":"wp","href":"https:\/\/api.w.org\/{rel}","templated":true}]}}