{"id":3830,"date":"2023-10-28T17:59:20","date_gmt":"2023-10-28T17:59:20","guid":{"rendered":"https:\/\/yournordichome.com\/product\/pingo-basket-w-lid-nature-water-hyacinth\/"},"modified":"2025-09-20T08:49:53","modified_gmt":"2025-09-20T08:49:53","slug":"pingo-koszyk-z-pokrywka-natura-hiacynt-wodny","status":"publish","type":"product","link":"https:\/\/yournordichome.com\/pl\/product\/pingo-basket-w-lid-nature-water-hyacinth\/","title":{"rendered":"Koszyk Pingo z pokrywk\u0105, Nature, Hiacynt wodny"},"content":{"rendered":"<p><strong>Pingo Basket<\/strong> z pokrywk\u0105 od Bloomingville MINI pozwala \u015bledzi\u0107 wszystkie zabawki! Kosz w kszta\u0142cie ptaka ma pokryw\u0119, kt\u00f3r\u0105 mo\u017cna \u0142atwo zdj\u0105\u0107, aby ma\u0142e r\u0105czki mog\u0142y \u0142atwo chwyci\u0107 pluszaki i zabawki.<\/p>\n<p>Wymiary produktu: L44xH47xW38 cm<br \/>\nKolor: naturalny<br \/>\nSk\u0142ad: Hiacynt wodny, \u017belazo<\/p>","protected":false},"excerpt":{"rendered":"<p>Koszyk Pingo z pokrywk\u0105 wykonan\u0105 z hiacyntu wodnego, idealny do przechowywania, a jednocze\u015bnie zabawny towarzysz zabaw.<\/p>","protected":false},"featured_media":3811,"comment_status":"closed","ping_status":"closed","template":"","meta":{"_acf_changed":false,"_kad_post_transparent":"default","_kad_post_title":"","_kad_post_layout":"default","_kad_post_sidebar_id":"","_kad_post_content_style":"default","_kad_post_vertical_padding":"default","_kad_post_feature":"","_kad_post_feature_position":"","_kad_post_header":false,"_kad_post_footer":false,"_kad_post_classname":""},"pwb-brand":[17],"product_brand":[],"product_cat":[77,47],"product_tag":[148,398,397,34,396],"gyarto":[],"class_list":{"0":"post-3830","1":"product","2":"type-product","3":"status-publish","4":"has-post-thumbnail","6":"pwb-brand-bloomingville","7":"product_cat-childrens-furniture","8":"product_cat-kids","9":"product_tag-kids-room-storage","10":"product_tag-nordic-design","11":"product_tag-nordic-home","12":"product_tag-nordic-interior-design","13":"product_tag-nordic-style","14":"pa_colour-nature","15":"pa_material-water-hyacinth","17":"first","18":"outofstock","19":"taxable","20":"shipping-taxable","21":"purchasable","22":"product-type-simple","23":"entry","24":"content-bg","25":"loop-entry"},"acf":[],"brands":[{"id":17,"name":"Bloomingville","slug":"bloomingville"}],"_links":{"self":[{"href":"https:\/\/yournordichome.com\/pl\/wp-json\/wp\/v2\/product\/3830","targetHints":{"allow":["GET"]}}],"collection":[{"href":"https:\/\/yournordichome.com\/pl\/wp-json\/wp\/v2\/product"}],"about":[{"href":"https:\/\/yournordichome.com\/pl\/wp-json\/wp\/v2\/types\/product"}],"replies":[{"embeddable":true,"href":"https:\/\/yournordichome.com\/pl\/wp-json\/wp\/v2\/comments?post=3830"}],"wp:featuredmedia":[{"embeddable":true,"href":"https:\/\/yournordichome.com\/pl\/wp-json\/wp\/v2\/media\/3811"}],"wp:attachment":[{"href":"https:\/\/yournordichome.com\/pl\/wp-json\/wp\/v2\/media?parent=3830"}],"wp:term":[{"taxonomy":"pwb-brand","embeddable":true,"href":"https:\/\/yournordichome.com\/pl\/wp-json\/wp\/v2\/pwb-brand?post=3830"},{"taxonomy":"product_brand","embeddable":true,"href":"https:\/\/yournordichome.com\/pl\/wp-json\/wp\/v2\/product_brand?post=3830"},{"taxonomy":"product_cat","embeddable":true,"href":"https:\/\/yournordichome.com\/pl\/wp-json\/wp\/v2\/product_cat?post=3830"},{"taxonomy":"product_tag","embeddable":true,"href":"https:\/\/yournordichome.com\/pl\/wp-json\/wp\/v2\/product_tag?post=3830"},{"taxonomy":"gyarto","embeddable":true,"href":"https:\/\/yournordichome.com\/pl\/wp-json\/wp\/v2\/gyarto?post=3830"}],"curies":[{"name":"wp","href":"https:\/\/api.w.org\/{rel}","templated":true}]}}