{"id":3766,"date":"2023-10-28T12:05:52","date_gmt":"2023-10-28T12:05:52","guid":{"rendered":"https:\/\/yournordichome.com\/product\/runner-rug-purple-wool\/"},"modified":"2025-07-30T17:08:38","modified_gmt":"2025-07-30T17:08:38","slug":"dywanik-do-biegania-fioletowa-welna","status":"publish","type":"product","link":"https:\/\/yournordichome.com\/pl\/product\/runner-rug-purple-wool\/","title":{"rendered":"Dywan do biegania Fioletowy We\u0142na"},"content":{"rendered":"<p><strong>Dywanik do biegania<\/strong> marki Bloomingville to wyj\u0105tkowy dywan z graficznym wzorem w monety, wykonany z bawe\u0142ny i we\u0142ny w odcieniach fioletu. Doda pomieszczeniu ciep\u0142a i osobistego wyrazu, a Ty mo\u017cesz go stylizowa\u0107 w ka\u017cdym pomieszczeniu.<\/p>\n<p>Wymiary produktu: L245xW75 cm<br \/>\nKolor: Fioletowy<br \/>\nSk\u0142ad: 79% We\u0142na, 19% Poliester, 2% Inne W\u0142\u00f3kna<br \/>\nWybielanie: Nie<br \/>\nWyko\u0144czenie kolorystyczne: Barwiona prz\u0119dza<br \/>\nCzyszczenie na sucho: Czyszczenie punktowe<br \/>\nSuszenie: Nie<br \/>\nPrasowanie: Brak<br \/>\nWyko\u0144czenie produktu: Tkane<\/p>","protected":false},"excerpt":{"rendered":"<p>Dywan do biegania o unikalnym designie z graficznym wzorem w monety, wykonany z bawe\u0142ny i we\u0142ny w odcieniach fioletu.<\/p>","protected":false},"featured_media":3748,"comment_status":"closed","ping_status":"closed","template":"","meta":{"_acf_changed":false,"_kad_post_transparent":"default","_kad_post_title":"","_kad_post_layout":"default","_kad_post_sidebar_id":"","_kad_post_content_style":"default","_kad_post_vertical_padding":"default","_kad_post_feature":"","_kad_post_feature_position":"","_kad_post_header":false,"_kad_post_footer":false,"_kad_post_classname":""},"pwb-brand":[17],"product_brand":[],"product_cat":[88,65],"product_tag":[82,79,398,397,34,396,80],"gyarto":[],"class_list":{"0":"post-3766","1":"product","2":"type-product","3":"status-publish","4":"has-post-thumbnail","6":"pwb-brand-bloomingville","7":"product_cat-rug","8":"product_cat-rugs-and-textiles","9":"product_tag-carpet","10":"product_tag-cotton-rug","11":"product_tag-nordic-design","12":"product_tag-nordic-home","13":"product_tag-nordic-interior-design","14":"product_tag-nordic-style","15":"product_tag-nordic-style-rug","16":"pa_colour-multi","17":"pa_colour-purple","18":"pa_material-wool","20":"first","21":"instock","22":"taxable","23":"shipping-taxable","24":"purchasable","25":"product-type-simple","26":"entry","27":"content-bg","28":"loop-entry"},"acf":[],"brands":[{"id":17,"name":"Bloomingville","slug":"bloomingville"}],"_links":{"self":[{"href":"https:\/\/yournordichome.com\/pl\/wp-json\/wp\/v2\/product\/3766","targetHints":{"allow":["GET"]}}],"collection":[{"href":"https:\/\/yournordichome.com\/pl\/wp-json\/wp\/v2\/product"}],"about":[{"href":"https:\/\/yournordichome.com\/pl\/wp-json\/wp\/v2\/types\/product"}],"replies":[{"embeddable":true,"href":"https:\/\/yournordichome.com\/pl\/wp-json\/wp\/v2\/comments?post=3766"}],"wp:featuredmedia":[{"embeddable":true,"href":"https:\/\/yournordichome.com\/pl\/wp-json\/wp\/v2\/media\/3748"}],"wp:attachment":[{"href":"https:\/\/yournordichome.com\/pl\/wp-json\/wp\/v2\/media?parent=3766"}],"wp:term":[{"taxonomy":"pwb-brand","embeddable":true,"href":"https:\/\/yournordichome.com\/pl\/wp-json\/wp\/v2\/pwb-brand?post=3766"},{"taxonomy":"product_brand","embeddable":true,"href":"https:\/\/yournordichome.com\/pl\/wp-json\/wp\/v2\/product_brand?post=3766"},{"taxonomy":"product_cat","embeddable":true,"href":"https:\/\/yournordichome.com\/pl\/wp-json\/wp\/v2\/product_cat?post=3766"},{"taxonomy":"product_tag","embeddable":true,"href":"https:\/\/yournordichome.com\/pl\/wp-json\/wp\/v2\/product_tag?post=3766"},{"taxonomy":"gyarto","embeddable":true,"href":"https:\/\/yournordichome.com\/pl\/wp-json\/wp\/v2\/gyarto?post=3766"}],"curies":[{"name":"wp","href":"https:\/\/api.w.org\/{rel}","templated":true}]}}