{"id":3763,"date":"2023-10-28T12:05:52","date_gmt":"2023-10-28T12:05:52","guid":{"rendered":"https:\/\/yournordichome.com\/product\/oval-rug-brown-cotton\/"},"modified":"2025-07-30T17:07:45","modified_gmt":"2025-07-30T17:07:45","slug":"owalny-dywan-brazowa-bawelna","status":"publish","type":"product","link":"https:\/\/yournordichome.com\/pl\/product\/oval-rug-brown-cotton\/","title":{"rendered":"Owalny dywan br\u0105zowy bawe\u0142niany"},"content":{"rendered":"<p><strong>Owalny dywanik<\/strong> marki Bloomingville to owalny, bawe\u0142niany dywan z pi\u0119knym, tuftowanym wzorem.<\/p>\n<p>Wymiary produktu: L160xW70 cm<br \/>\nKolor: br\u0105zowy<br \/>\nSk\u0142ad: 97% bawe\u0142na, 3% inne w\u0142\u00f3kna<br \/>\nWybielanie: Nie<br \/>\nWyko\u0144czenie kolorystyczne: Barwiona prz\u0119dza<br \/>\nCzyszczenie na sucho: Nie<br \/>\nPrasowanie: Brak<br \/>\nWyko\u0144czenie produktu: Tuftowany<\/p>","protected":false},"excerpt":{"rendered":"<p>Owalny dywan wykonany z bawe\u0142ny w ciep\u0142ym, g\u0142\u0119bokim br\u0105zowym kolorze z pikowanym wzorem.<\/p>","protected":false},"featured_media":3735,"comment_status":"closed","ping_status":"closed","template":"","meta":{"_acf_changed":false,"_kad_post_transparent":"default","_kad_post_title":"","_kad_post_layout":"default","_kad_post_sidebar_id":"","_kad_post_content_style":"default","_kad_post_vertical_padding":"default","_kad_post_feature":"","_kad_post_feature_position":"","_kad_post_header":false,"_kad_post_footer":false,"_kad_post_classname":""},"pwb-brand":[17],"product_brand":[],"product_cat":[88,65],"product_tag":[82,79,398,397,34,396,80],"gyarto":[],"class_list":{"0":"post-3763","1":"product","2":"type-product","3":"status-publish","4":"has-post-thumbnail","6":"pwb-brand-bloomingville","7":"product_cat-rug","8":"product_cat-rugs-and-textiles","9":"product_tag-carpet","10":"product_tag-cotton-rug","11":"product_tag-nordic-design","12":"product_tag-nordic-home","13":"product_tag-nordic-interior-design","14":"product_tag-nordic-style","15":"product_tag-nordic-style-rug","16":"pa_colour-brown","17":"pa_material-cotton","19":"first","20":"instock","21":"taxable","22":"shipping-taxable","23":"purchasable","24":"product-type-simple","25":"entry","26":"content-bg","27":"loop-entry"},"acf":[],"brands":[{"id":17,"name":"Bloomingville","slug":"bloomingville"}],"_links":{"self":[{"href":"https:\/\/yournordichome.com\/pl\/wp-json\/wp\/v2\/product\/3763","targetHints":{"allow":["GET"]}}],"collection":[{"href":"https:\/\/yournordichome.com\/pl\/wp-json\/wp\/v2\/product"}],"about":[{"href":"https:\/\/yournordichome.com\/pl\/wp-json\/wp\/v2\/types\/product"}],"replies":[{"embeddable":true,"href":"https:\/\/yournordichome.com\/pl\/wp-json\/wp\/v2\/comments?post=3763"}],"wp:featuredmedia":[{"embeddable":true,"href":"https:\/\/yournordichome.com\/pl\/wp-json\/wp\/v2\/media\/3735"}],"wp:attachment":[{"href":"https:\/\/yournordichome.com\/pl\/wp-json\/wp\/v2\/media?parent=3763"}],"wp:term":[{"taxonomy":"pwb-brand","embeddable":true,"href":"https:\/\/yournordichome.com\/pl\/wp-json\/wp\/v2\/pwb-brand?post=3763"},{"taxonomy":"product_brand","embeddable":true,"href":"https:\/\/yournordichome.com\/pl\/wp-json\/wp\/v2\/product_brand?post=3763"},{"taxonomy":"product_cat","embeddable":true,"href":"https:\/\/yournordichome.com\/pl\/wp-json\/wp\/v2\/product_cat?post=3763"},{"taxonomy":"product_tag","embeddable":true,"href":"https:\/\/yournordichome.com\/pl\/wp-json\/wp\/v2\/product_tag?post=3763"},{"taxonomy":"gyarto","embeddable":true,"href":"https:\/\/yournordichome.com\/pl\/wp-json\/wp\/v2\/gyarto?post=3763"}],"curies":[{"name":"wp","href":"https:\/\/api.w.org\/{rel}","templated":true}]}}