{"id":3695,"date":"2023-10-28T10:18:08","date_gmt":"2023-10-28T10:18:08","guid":{"rendered":"https:\/\/yournordichome.com\/product\/bookcase-w-drawers-kids-room\/"},"modified":"2025-07-30T17:13:31","modified_gmt":"2025-07-30T17:13:31","slug":"regal-z-szufladami-pokoj-dzieciecy","status":"publish","type":"product","link":"https:\/\/yournordichome.com\/pl\/product\/bookcase-w-drawers-kids-room\/","title":{"rendered":"Rega\u0142 z szufladami, pok\u00f3j dzieci\u0119cy"},"content":{"rendered":"<p><strong>Rega\u0142 z szufladami<\/strong> marki Bloomingville to prawdopodobnie najs\u0142odsze miejsce do przechowywania w pokoju dzieci\u0119cym. Dzi\u0119ki p\u00f3\u0142kom, szufladom i uroczym detalom rega\u0142 jest idealny do wszystkich pokoi dzieci\u0119cych, w kt\u00f3rych priorytetem jest przytulne przechowywanie. Mebel mo\u017cna ustawi\u0107 zar\u00f3wno pionowo, jak i poziomo, w zale\u017cno\u015bci od potrzeb.<\/p>\n<p>Wymiary produktu: L55xH89,5xW28 cm<br \/>\nKolor: naturalny<br \/>\nSk\u0142ad: Drewno Paulownia, MDF, Sklejka, \u017belazo<br \/>\nMateria\u0142 ramy: Drewno Paulownia<br \/>\nPokr\u0119t\u0142o: drewno sosnowe, naturalne<br \/>\nMaksymalny ud\u017awig: 8 kg na p\u00f3\u0142k\u0119<br \/>\nInstrukcja piel\u0119gnacji: Przetrze\u0107 wilgotn\u0105 szmatk\u0105.<br \/>\nPrzed u\u017cyciem musi zosta\u0107 z\u0142o\u017cony przez osob\u0119 doros\u0142\u0105<\/p>","protected":false},"excerpt":{"rendered":"<p>Rega\u0142 z szufladami z uroczymi detalami do pokoju dzieci\u0119cego wykonany z drewna.<\/p>","protected":false},"featured_media":3634,"comment_status":"closed","ping_status":"closed","template":"","meta":{"_acf_changed":false,"_kad_post_transparent":"default","_kad_post_title":"","_kad_post_layout":"default","_kad_post_sidebar_id":"","_kad_post_content_style":"default","_kad_post_vertical_padding":"default","_kad_post_feature":"","_kad_post_feature_position":"","_kad_post_header":false,"_kad_post_footer":false,"_kad_post_classname":""},"pwb-brand":[17],"product_brand":[],"product_cat":[77,47],"product_tag":[398,397,34,396],"gyarto":[],"class_list":{"0":"post-3695","1":"product","2":"type-product","3":"status-publish","4":"has-post-thumbnail","6":"pwb-brand-bloomingville","7":"product_cat-childrens-furniture","8":"product_cat-kids","9":"product_tag-nordic-design","10":"product_tag-nordic-home","11":"product_tag-nordic-interior-design","12":"product_tag-nordic-style","13":"pa_colour-multi","14":"pa_colour-nature","15":"pa_material-paulownia-wood","17":"first","18":"instock","19":"taxable","20":"shipping-taxable","21":"purchasable","22":"product-type-simple","23":"entry","24":"content-bg","25":"loop-entry"},"acf":[],"brands":[{"id":17,"name":"Bloomingville","slug":"bloomingville"}],"_links":{"self":[{"href":"https:\/\/yournordichome.com\/pl\/wp-json\/wp\/v2\/product\/3695","targetHints":{"allow":["GET"]}}],"collection":[{"href":"https:\/\/yournordichome.com\/pl\/wp-json\/wp\/v2\/product"}],"about":[{"href":"https:\/\/yournordichome.com\/pl\/wp-json\/wp\/v2\/types\/product"}],"replies":[{"embeddable":true,"href":"https:\/\/yournordichome.com\/pl\/wp-json\/wp\/v2\/comments?post=3695"}],"wp:featuredmedia":[{"embeddable":true,"href":"https:\/\/yournordichome.com\/pl\/wp-json\/wp\/v2\/media\/3634"}],"wp:attachment":[{"href":"https:\/\/yournordichome.com\/pl\/wp-json\/wp\/v2\/media?parent=3695"}],"wp:term":[{"taxonomy":"pwb-brand","embeddable":true,"href":"https:\/\/yournordichome.com\/pl\/wp-json\/wp\/v2\/pwb-brand?post=3695"},{"taxonomy":"product_brand","embeddable":true,"href":"https:\/\/yournordichome.com\/pl\/wp-json\/wp\/v2\/product_brand?post=3695"},{"taxonomy":"product_cat","embeddable":true,"href":"https:\/\/yournordichome.com\/pl\/wp-json\/wp\/v2\/product_cat?post=3695"},{"taxonomy":"product_tag","embeddable":true,"href":"https:\/\/yournordichome.com\/pl\/wp-json\/wp\/v2\/product_tag?post=3695"},{"taxonomy":"gyarto","embeddable":true,"href":"https:\/\/yournordichome.com\/pl\/wp-json\/wp\/v2\/gyarto?post=3695"}],"curies":[{"name":"wp","href":"https:\/\/api.w.org\/{rel}","templated":true}]}}