{"id":3678,"date":"2023-10-28T10:18:08","date_gmt":"2023-10-28T10:18:08","guid":{"rendered":"https:\/\/yournordichome.com\/product\/table-lamp-white-stoneware\/"},"modified":"2025-07-30T17:09:09","modified_gmt":"2025-07-30T17:09:09","slug":"lampa-stolowa-biala-kamionka","status":"publish","type":"product","link":"https:\/\/yournordichome.com\/pl\/product\/table-lamp-white-stoneware\/","title":{"rendered":"Lampa sto\u0142owa Bia\u0142a kamionka"},"content":{"rendered":"<p><strong>Lampa sto\u0142owa<\/strong> marki Bloomingville, kt\u00f3ra nie tylko rozja\u015bni ciemne k\u0105ty, ale r\u00f3wnie\u017c pos\u0142u\u017cy jako dekoracja. Aba\u017cur wykonany jest z jutowych sznurk\u00f3w, kt\u00f3re kontrastuj\u0105 z niesamowit\u0105 kamionkow\u0105 podstaw\u0105 ozdobion\u0105 kszta\u0142tem twarzy.<\/p>\n<p>Wymiary produktu: D40,5xH66 cm<br \/>\nKolor: bia\u0142y<br \/>\nSk\u0142ad: Kamionka, Juta<br \/>\nCertyfikat CE: Tak<br \/>\nKlasa energetyczna \u017car\u00f3wki: Wszystkie<br \/>\n\u017bar\u00f3wka w zestawie: Nie<br \/>\nKszta\u0142t \u017car\u00f3wki: Zwyk\u0142a<br \/>\nRozmiar \u017car\u00f3wki: E27<br \/>\nTyp \u017car\u00f3wki: LED lub energooszcz\u0119dna (CFL)<br \/>\nMaksymalna moc \u017car\u00f3wki: \u017barowa: 40W \/ LED: 6W \/ CFL: 9W<br \/>\nKolor przewodu: Przezroczysty<br \/>\nD\u0142ugo\u015b\u0107 przewodu: 250 cm<br \/>\nMateria\u0142 przewodu: Tworzywo sztuczne<br \/>\nW\u0142\u0105cz przew\u00f3d.<br \/>\nDo u\u017cytku na zewn\u0105trz: Nie<br \/>\nInstrukcja piel\u0119gnacji: Przetrze\u0107 wilgotn\u0105 szmatk\u0105.<\/p>","protected":false},"excerpt":{"rendered":"<p>Lampa sto\u0142owa wykonana z kamionki w kolorze bia\u0142ym, z zabawnym kszta\u0142tem twarzy i aba\u017curem wykonanym z jutowych sznurk\u00f3w.<\/p>","protected":false},"featured_media":3614,"comment_status":"closed","ping_status":"closed","template":"","meta":{"_acf_changed":false,"_kad_post_transparent":"default","_kad_post_title":"","_kad_post_layout":"default","_kad_post_sidebar_id":"","_kad_post_content_style":"default","_kad_post_vertical_padding":"default","_kad_post_feature":"","_kad_post_feature_position":"","_kad_post_header":false,"_kad_post_footer":false,"_kad_post_classname":""},"pwb-brand":[17],"product_brand":[],"product_cat":[73,72],"product_tag":[398,397,34,117,396],"gyarto":[],"class_list":{"0":"post-3678","1":"product","2":"type-product","3":"status-publish","4":"has-post-thumbnail","6":"pwb-brand-bloomingville","7":"product_cat-desk-and-table-lamp","8":"product_cat-lamp","9":"product_tag-nordic-design","10":"product_tag-nordic-home","11":"product_tag-nordic-interior-design","12":"product_tag-nordic-lamp","13":"product_tag-nordic-style","14":"pa_colour-white","15":"pa_material-stoneware","17":"first","18":"instock","19":"taxable","20":"shipping-taxable","21":"purchasable","22":"product-type-simple","23":"entry","24":"content-bg","25":"loop-entry"},"acf":[],"brands":[{"id":17,"name":"Bloomingville","slug":"bloomingville"}],"_links":{"self":[{"href":"https:\/\/yournordichome.com\/pl\/wp-json\/wp\/v2\/product\/3678","targetHints":{"allow":["GET"]}}],"collection":[{"href":"https:\/\/yournordichome.com\/pl\/wp-json\/wp\/v2\/product"}],"about":[{"href":"https:\/\/yournordichome.com\/pl\/wp-json\/wp\/v2\/types\/product"}],"replies":[{"embeddable":true,"href":"https:\/\/yournordichome.com\/pl\/wp-json\/wp\/v2\/comments?post=3678"}],"wp:featuredmedia":[{"embeddable":true,"href":"https:\/\/yournordichome.com\/pl\/wp-json\/wp\/v2\/media\/3614"}],"wp:attachment":[{"href":"https:\/\/yournordichome.com\/pl\/wp-json\/wp\/v2\/media?parent=3678"}],"wp:term":[{"taxonomy":"pwb-brand","embeddable":true,"href":"https:\/\/yournordichome.com\/pl\/wp-json\/wp\/v2\/pwb-brand?post=3678"},{"taxonomy":"product_brand","embeddable":true,"href":"https:\/\/yournordichome.com\/pl\/wp-json\/wp\/v2\/product_brand?post=3678"},{"taxonomy":"product_cat","embeddable":true,"href":"https:\/\/yournordichome.com\/pl\/wp-json\/wp\/v2\/product_cat?post=3678"},{"taxonomy":"product_tag","embeddable":true,"href":"https:\/\/yournordichome.com\/pl\/wp-json\/wp\/v2\/product_tag?post=3678"},{"taxonomy":"gyarto","embeddable":true,"href":"https:\/\/yournordichome.com\/pl\/wp-json\/wp\/v2\/gyarto?post=3678"}],"curies":[{"name":"wp","href":"https:\/\/api.w.org\/{rel}","templated":true}]}}