{"id":3529,"date":"2023-10-23T14:35:20","date_gmt":"2023-10-23T14:35:20","guid":{"rendered":"https:\/\/yournordichome.com\/product\/rug-nature-cotton\/"},"modified":"2025-07-31T13:11:55","modified_gmt":"2025-07-31T13:11:55","slug":"dywan-natura-bawelna","status":"publish","type":"product","link":"https:\/\/yournordichome.com\/pl\/product\/rug-nature-cotton\/","title":{"rendered":"Dywan, Natura, Bawe\u0142na"},"content":{"rendered":"<p><strong>Dywanik<\/strong> Bloomingville w ciep\u0142ych kolorach, kt\u00f3re wprowadz\u0105 przytuln\u0105 atmosfer\u0119 do wystroju domu.<br \/>\nDywan jest prostok\u0105tny i idealnie pasuje do salonu - sprawi, \u017ce b\u0119dziesz chcia\u0142 chodzi\u0107 boso przez ca\u0142y dzie\u0144!<\/p>\n<p>Wymiary produktu: L210xW150 cm<br \/>\nKolor: naturalny<br \/>\nSk\u0142ad: 100% Bawe\u0142na<br \/>\nWyko\u0144czenie kolorystyczne: Barwiona prz\u0119dza<br \/>\nCzyszczenie na sucho: Czyszczenie punktowe<br \/>\nWyko\u0144czenie produktu: Tkane<br \/>\nInne specyfikacje: Tuftowane detale<\/p>","protected":false},"excerpt":{"rendered":"<p>R\u0119cznie tkany dywan z bawe\u0142ny w naturalnym kolorze z pi\u0119knym tuftowanym wzorem wykonanym w r\u00f3\u017cnych d\u0142ugo\u015bciach.<\/p>","protected":false},"featured_media":3486,"comment_status":"closed","ping_status":"closed","template":"","meta":{"_acf_changed":false,"_kad_post_transparent":"default","_kad_post_title":"","_kad_post_layout":"default","_kad_post_sidebar_id":"","_kad_post_content_style":"default","_kad_post_vertical_padding":"default","_kad_post_feature":"","_kad_post_feature_position":"","_kad_post_header":false,"_kad_post_footer":false,"_kad_post_classname":""},"pwb-brand":[17],"product_brand":[],"product_cat":[88,65],"product_tag":[82,79,398,397,34,396,80],"gyarto":[],"class_list":{"0":"post-3529","1":"product","2":"type-product","3":"status-publish","4":"has-post-thumbnail","6":"pwb-brand-bloomingville","7":"product_cat-rug","8":"product_cat-rugs-and-textiles","9":"product_tag-carpet","10":"product_tag-cotton-rug","11":"product_tag-nordic-design","12":"product_tag-nordic-home","13":"product_tag-nordic-interior-design","14":"product_tag-nordic-style","15":"product_tag-nordic-style-rug","16":"pa_colour-nature","17":"pa_material-cotton","19":"first","20":"instock","21":"taxable","22":"shipping-taxable","23":"purchasable","24":"product-type-simple","25":"entry","26":"content-bg","27":"loop-entry"},"acf":[],"brands":[{"id":17,"name":"Bloomingville","slug":"bloomingville"}],"_links":{"self":[{"href":"https:\/\/yournordichome.com\/pl\/wp-json\/wp\/v2\/product\/3529","targetHints":{"allow":["GET"]}}],"collection":[{"href":"https:\/\/yournordichome.com\/pl\/wp-json\/wp\/v2\/product"}],"about":[{"href":"https:\/\/yournordichome.com\/pl\/wp-json\/wp\/v2\/types\/product"}],"replies":[{"embeddable":true,"href":"https:\/\/yournordichome.com\/pl\/wp-json\/wp\/v2\/comments?post=3529"}],"wp:featuredmedia":[{"embeddable":true,"href":"https:\/\/yournordichome.com\/pl\/wp-json\/wp\/v2\/media\/3486"}],"wp:attachment":[{"href":"https:\/\/yournordichome.com\/pl\/wp-json\/wp\/v2\/media?parent=3529"}],"wp:term":[{"taxonomy":"pwb-brand","embeddable":true,"href":"https:\/\/yournordichome.com\/pl\/wp-json\/wp\/v2\/pwb-brand?post=3529"},{"taxonomy":"product_brand","embeddable":true,"href":"https:\/\/yournordichome.com\/pl\/wp-json\/wp\/v2\/product_brand?post=3529"},{"taxonomy":"product_cat","embeddable":true,"href":"https:\/\/yournordichome.com\/pl\/wp-json\/wp\/v2\/product_cat?post=3529"},{"taxonomy":"product_tag","embeddable":true,"href":"https:\/\/yournordichome.com\/pl\/wp-json\/wp\/v2\/product_tag?post=3529"},{"taxonomy":"gyarto","embeddable":true,"href":"https:\/\/yournordichome.com\/pl\/wp-json\/wp\/v2\/gyarto?post=3529"}],"curies":[{"name":"wp","href":"https:\/\/api.w.org\/{rel}","templated":true}]}}