{"id":3245,"date":"2023-09-29T11:30:15","date_gmt":"2023-09-29T11:30:15","guid":{"rendered":"https:\/\/yournordichome.com\/product\/tealight-holder-w-pattern\/"},"modified":"2025-07-31T13:46:09","modified_gmt":"2025-07-31T13:46:09","slug":"swiecznik-na-tealight-z-wzorem","status":"publish","type":"product","link":"https:\/\/yournordichome.com\/pl\/product\/tealight-holder-w-pattern\/","title":{"rendered":"Uchwyt na tealight z wzorem"},"content":{"rendered":"<p>\u015awiecznik na tealight w kszta\u0142cie sosny. Przytulne \u017ar\u00f3d\u0142o \u015bwiat\u0142a na p\u00f3\u0142ce, komodzie lub stole w jadalni. Wykonany z metalu w kolorze br\u0105zu, jego wz\u00f3r tworzy przytuln\u0105 po\u015bwiat\u0119 na \u015bcianie.<\/p>\n<p>Wymiary produktu: H16,5 \/ L10 \/ W5,5 cm<br \/>\nSk\u0142ad: Metal<br \/>\nKolor: antyczny mosi\u0105dz<\/p>","protected":false},"excerpt":{"rendered":"<p>\u015awiecznik na tealight w kszta\u0142cie sosny wykonany z metalu w kolorze br\u0105zu z dekoracyjnym wzorem.<\/p>","protected":false},"featured_media":3233,"comment_status":"closed","ping_status":"closed","template":"","meta":{"_acf_changed":false,"_kad_post_transparent":"default","_kad_post_title":"","_kad_post_layout":"default","_kad_post_sidebar_id":"","_kad_post_content_style":"default","_kad_post_vertical_padding":"default","_kad_post_feature":"","_kad_post_feature_position":"","_kad_post_header":false,"_kad_post_footer":false,"_kad_post_classname":""},"pwb-brand":[19],"product_brand":[],"product_cat":[123,23],"product_tag":[450,334,452,398,397,454],"gyarto":[],"class_list":{"0":"post-3245","1":"product","2":"type-product","3":"status-publish","4":"has-post-thumbnail","6":"pwb-brand-chic-antique","7":"product_cat-decorative-accessories","8":"product_cat-home-decor","9":"product_tag-home-decoration","10":"product_tag-new-arrivals","11":"product_tag-nordic-decoration","12":"product_tag-nordic-design","13":"product_tag-nordic-home","14":"product_tag-tealight-holder","15":"pa_colour-antique-brass","16":"pa_material-metal","18":"first","19":"instock","20":"taxable","21":"shipping-taxable","22":"purchasable","23":"product-type-simple","24":"entry","25":"content-bg","26":"loop-entry"},"acf":[],"brands":[{"id":19,"name":"Chic Antique","slug":"szykowny-antyk"}],"_links":{"self":[{"href":"https:\/\/yournordichome.com\/pl\/wp-json\/wp\/v2\/product\/3245","targetHints":{"allow":["GET"]}}],"collection":[{"href":"https:\/\/yournordichome.com\/pl\/wp-json\/wp\/v2\/product"}],"about":[{"href":"https:\/\/yournordichome.com\/pl\/wp-json\/wp\/v2\/types\/product"}],"replies":[{"embeddable":true,"href":"https:\/\/yournordichome.com\/pl\/wp-json\/wp\/v2\/comments?post=3245"}],"wp:featuredmedia":[{"embeddable":true,"href":"https:\/\/yournordichome.com\/pl\/wp-json\/wp\/v2\/media\/3233"}],"wp:attachment":[{"href":"https:\/\/yournordichome.com\/pl\/wp-json\/wp\/v2\/media?parent=3245"}],"wp:term":[{"taxonomy":"pwb-brand","embeddable":true,"href":"https:\/\/yournordichome.com\/pl\/wp-json\/wp\/v2\/pwb-brand?post=3245"},{"taxonomy":"product_brand","embeddable":true,"href":"https:\/\/yournordichome.com\/pl\/wp-json\/wp\/v2\/product_brand?post=3245"},{"taxonomy":"product_cat","embeddable":true,"href":"https:\/\/yournordichome.com\/pl\/wp-json\/wp\/v2\/product_cat?post=3245"},{"taxonomy":"product_tag","embeddable":true,"href":"https:\/\/yournordichome.com\/pl\/wp-json\/wp\/v2\/product_tag?post=3245"},{"taxonomy":"gyarto","embeddable":true,"href":"https:\/\/yournordichome.com\/pl\/wp-json\/wp\/v2\/gyarto?post=3245"}],"curies":[{"name":"wp","href":"https:\/\/api.w.org\/{rel}","templated":true}]}}