{"id":3106,"date":"2023-09-03T12:19:23","date_gmt":"2023-09-03T12:19:23","guid":{"rendered":"https:\/\/yournordichome.com\/product\/side-table-brown-marble\/"},"modified":"2025-07-31T13:46:24","modified_gmt":"2025-07-31T13:46:24","slug":"stolik-boczny-brazowy-marmur","status":"publish","type":"product","link":"https:\/\/yournordichome.com\/pl\/product\/side-table-brown-marble\/","title":{"rendered":"Stolik boczny - br\u0105zowy - marmur"},"content":{"rendered":"<p>Stolik boczny wykonany z br\u0105zowego marmuru z okr\u0105g\u0142ym blatem. Poniewa\u017c marmur jest materia\u0142em naturalnym, ka\u017cdy stolik b\u0119dzie wyj\u0105tkowy i b\u0119dzie r\u00f3\u017cni\u0142 si\u0119 odcieniami i wzorami.<\/p>\n<p>Rozmiar: H42 \/ D46 cm<br \/>\nKolor: br\u0105zowy<br \/>\nSk\u0142ad: Marmur<br \/>\nInstrukcja piel\u0119gnacji: Przetrze\u0107 wilgotn\u0105 \u015bciereczk\u0105<br \/>\nMaksymalny ud\u017awig: 20 kg<br \/>\nZe wzgl\u0119du na materia\u0142y mog\u0105 wyst\u0105pi\u0107 r\u00f3\u017cnice<\/p>","protected":false},"excerpt":{"rendered":"<p>Stolik boczny wykonany z br\u0105zowego marmuru o prostym, skandynawskim designie.<\/p>","protected":false},"featured_media":3091,"comment_status":"closed","ping_status":"closed","template":"","meta":{"_acf_changed":false,"_kad_post_transparent":"default","_kad_post_title":"","_kad_post_layout":"default","_kad_post_sidebar_id":"","_kad_post_content_style":"default","_kad_post_vertical_padding":"default","_kad_post_feature":"","_kad_post_feature_position":"","_kad_post_header":false,"_kad_post_footer":false,"_kad_post_classname":""},"pwb-brand":[17],"product_brand":[],"product_cat":[341,157],"product_tag":[34],"gyarto":[],"class_list":{"0":"post-3106","1":"product","2":"type-product","3":"status-publish","4":"has-post-thumbnail","6":"pwb-brand-bloomingville","7":"product_cat-side-table","8":"product_cat-table","9":"product_tag-nordic-interior-design","10":"pa_colour-brown","11":"pa_material-marble","13":"first","14":"instock","15":"taxable","16":"shipping-taxable","17":"purchasable","18":"product-type-simple","19":"entry","20":"content-bg","21":"loop-entry"},"acf":[],"brands":[{"id":17,"name":"Bloomingville","slug":"bloomingville"}],"_links":{"self":[{"href":"https:\/\/yournordichome.com\/pl\/wp-json\/wp\/v2\/product\/3106","targetHints":{"allow":["GET"]}}],"collection":[{"href":"https:\/\/yournordichome.com\/pl\/wp-json\/wp\/v2\/product"}],"about":[{"href":"https:\/\/yournordichome.com\/pl\/wp-json\/wp\/v2\/types\/product"}],"replies":[{"embeddable":true,"href":"https:\/\/yournordichome.com\/pl\/wp-json\/wp\/v2\/comments?post=3106"}],"wp:featuredmedia":[{"embeddable":true,"href":"https:\/\/yournordichome.com\/pl\/wp-json\/wp\/v2\/media\/3091"}],"wp:attachment":[{"href":"https:\/\/yournordichome.com\/pl\/wp-json\/wp\/v2\/media?parent=3106"}],"wp:term":[{"taxonomy":"pwb-brand","embeddable":true,"href":"https:\/\/yournordichome.com\/pl\/wp-json\/wp\/v2\/pwb-brand?post=3106"},{"taxonomy":"product_brand","embeddable":true,"href":"https:\/\/yournordichome.com\/pl\/wp-json\/wp\/v2\/product_brand?post=3106"},{"taxonomy":"product_cat","embeddable":true,"href":"https:\/\/yournordichome.com\/pl\/wp-json\/wp\/v2\/product_cat?post=3106"},{"taxonomy":"product_tag","embeddable":true,"href":"https:\/\/yournordichome.com\/pl\/wp-json\/wp\/v2\/product_tag?post=3106"},{"taxonomy":"gyarto","embeddable":true,"href":"https:\/\/yournordichome.com\/pl\/wp-json\/wp\/v2\/gyarto?post=3106"}],"curies":[{"name":"wp","href":"https:\/\/api.w.org\/{rel}","templated":true}]}}