{"id":2949,"date":"2023-08-16T15:23:19","date_gmt":"2023-08-16T15:23:19","guid":{"rendered":"https:\/\/yournordichome.com\/product\/fabric-foot-stool\/"},"modified":"2025-07-31T13:56:52","modified_gmt":"2025-07-31T13:56:52","slug":"materialowy-podnozek","status":"publish","type":"product","link":"https:\/\/yournordichome.com\/pl\/product\/fabric-foot-stool\/","title":{"rendered":"Podn\u00f3\u017cek z tkaniny"},"content":{"rendered":"<p>Podn\u00f3\u017cek z tkaniny w naturalnych kolorach. U\u017cyj go jako dodatkowego miejsca do siedzenia lub jako dekoracyjnego dodatku do swojego wn\u0119trza. Ten wszechstronny sto\u0142ek doda przytulnego i stylowego elementu do ka\u017cdego pomieszczenia w domu.<\/p>\n<p>Wymiary produktu: L70xH45xW40 cm<br \/>\nKolor: naturalny<br \/>\nSk\u0142ad: Poliester 95%, akryl 5%, drewno sosnowe, sklejka<br \/>\nInstrukcja piel\u0119gnacji: Spot clean &amp; Vacuum<br \/>\nTrwa\u0142o\u015b\u0107 tkaniny (Martindale): 80.000<br \/>\nMaksymalny ud\u017awig: 120 kg<\/p>","protected":false},"excerpt":{"rendered":"<p>Pufa o organicznym kszta\u0142cie wykonana z tkaniny boucle w kolorze z\u0142amanej bieli.<\/p>","protected":false},"featured_media":2806,"comment_status":"closed","ping_status":"closed","template":"","meta":{"_acf_changed":false,"_kad_post_transparent":"default","_kad_post_title":"","_kad_post_layout":"default","_kad_post_sidebar_id":"","_kad_post_content_style":"default","_kad_post_vertical_padding":"default","_kad_post_feature":"","_kad_post_feature_position":"","_kad_post_header":false,"_kad_post_footer":false,"_kad_post_classname":""},"pwb-brand":[17],"product_brand":[],"product_cat":[152,233],"product_tag":[424,398,397,34,396],"gyarto":[],"class_list":{"0":"post-2949","1":"product","2":"type-product","3":"status-publish","4":"has-post-thumbnail","6":"pwb-brand-bloomingville","7":"product_cat-chair","8":"product_cat-stool","9":"product_tag-foot-stool","10":"product_tag-nordic-design","11":"product_tag-nordic-home","12":"product_tag-nordic-interior-design","13":"product_tag-nordic-style","14":"pa_colour-nature","15":"pa_material-polyester","17":"first","18":"instock","19":"taxable","20":"shipping-taxable","21":"purchasable","22":"product-type-simple","23":"entry","24":"content-bg","25":"loop-entry"},"acf":[],"brands":[{"id":17,"name":"Bloomingville","slug":"bloomingville"}],"_links":{"self":[{"href":"https:\/\/yournordichome.com\/pl\/wp-json\/wp\/v2\/product\/2949","targetHints":{"allow":["GET"]}}],"collection":[{"href":"https:\/\/yournordichome.com\/pl\/wp-json\/wp\/v2\/product"}],"about":[{"href":"https:\/\/yournordichome.com\/pl\/wp-json\/wp\/v2\/types\/product"}],"replies":[{"embeddable":true,"href":"https:\/\/yournordichome.com\/pl\/wp-json\/wp\/v2\/comments?post=2949"}],"wp:featuredmedia":[{"embeddable":true,"href":"https:\/\/yournordichome.com\/pl\/wp-json\/wp\/v2\/media\/2806"}],"wp:attachment":[{"href":"https:\/\/yournordichome.com\/pl\/wp-json\/wp\/v2\/media?parent=2949"}],"wp:term":[{"taxonomy":"pwb-brand","embeddable":true,"href":"https:\/\/yournordichome.com\/pl\/wp-json\/wp\/v2\/pwb-brand?post=2949"},{"taxonomy":"product_brand","embeddable":true,"href":"https:\/\/yournordichome.com\/pl\/wp-json\/wp\/v2\/product_brand?post=2949"},{"taxonomy":"product_cat","embeddable":true,"href":"https:\/\/yournordichome.com\/pl\/wp-json\/wp\/v2\/product_cat?post=2949"},{"taxonomy":"product_tag","embeddable":true,"href":"https:\/\/yournordichome.com\/pl\/wp-json\/wp\/v2\/product_tag?post=2949"},{"taxonomy":"gyarto","embeddable":true,"href":"https:\/\/yournordichome.com\/pl\/wp-json\/wp\/v2\/gyarto?post=2949"}],"curies":[{"name":"wp","href":"https:\/\/api.w.org\/{rel}","templated":true}]}}