{"id":2948,"date":"2023-08-16T15:23:19","date_gmt":"2023-08-16T15:23:19","guid":{"rendered":"https:\/\/yournordichome.com\/product\/lounge-chair-brown\/"},"modified":"2025-07-15T16:17:24","modified_gmt":"2025-07-15T16:17:24","slug":"fotel-wypoczynkowy-brazowy","status":"publish","type":"product","link":"https:\/\/yournordichome.com\/pl\/product\/lounge-chair-brown\/","title":{"rendered":"Fotel wypoczynkowy br\u0105zowy"},"content":{"rendered":"<p>Fotel wypoczynkowy w kolorze br\u0105zowym ze smuk\u0142ymi metalowymi nogami, kt\u00f3re nadaj\u0105 mu nowoczesny i elegancki wygl\u0105d. Ten fotel wypoczynkowy b\u0119dzie idealnym wyborem do stworzenia przytulnej atmosfery w ka\u017cdym pomieszczeniu w domu, w kt\u00f3rym mo\u017cna si\u0119 zrelaksowa\u0107.<\/p>\n<p>Wymiary produktu: L78xH71xW76 cm<br \/>\nWysoko\u015b\u0107 siedziska: 40 cm<br \/>\nG\u0142\u0119boko\u015b\u0107 siedziska: 52 cm<br \/>\nWysoko\u015b\u0107 ramienia: 71 cm<br \/>\nWysoko\u015b\u0107 n\u00f3g: 19 cm<br \/>\nKolor: br\u0105zowy<br \/>\nSk\u0142ad: Poliester, Drewno bukowe, \u017belazo<br \/>\nInstrukcja piel\u0119gnacji: Spot clean &amp; Vacuum<br \/>\nSk\u0142ad materia\u0142u: 100% poliester<br \/>\nWytrzyma\u0142o\u015b\u0107 tkaniny (Martindale): 40.000<br \/>\nMaksymalny ud\u017awig: 150 kg<br \/>\nDo u\u017cytku na zewn\u0105trz: Nie<\/p>","protected":false},"excerpt":{"rendered":"<p>Fotel wypoczynkowy wykonany z mi\u0119kkiej i puszystej tkaniny poliestrowej z ma\u0142\u0105 poduszk\u0105, kt\u00f3ra zapewnia dodatkowe wsparcie dla plec\u00f3w.<\/p>","protected":false},"featured_media":2822,"comment_status":"closed","ping_status":"closed","template":"","meta":{"_acf_changed":false,"_kad_post_transparent":"default","_kad_post_title":"","_kad_post_layout":"default","_kad_post_sidebar_id":"","_kad_post_content_style":"default","_kad_post_vertical_padding":"default","_kad_post_feature":"","_kad_post_feature_position":"","_kad_post_header":false,"_kad_post_footer":false,"_kad_post_classname":""},"pwb-brand":[17],"product_brand":[],"product_cat":[152,153],"product_tag":[398,397,34,396],"gyarto":[],"class_list":{"0":"post-2948","1":"product","2":"type-product","3":"status-publish","4":"has-post-thumbnail","6":"pwb-brand-bloomingville","7":"product_cat-chair","8":"product_cat-lounge-chair","9":"product_tag-nordic-design","10":"product_tag-nordic-home","11":"product_tag-nordic-interior-design","12":"product_tag-nordic-style","13":"pa_colour-brown","14":"pa_material-polyester","16":"first","17":"outofstock","18":"taxable","19":"shipping-taxable","20":"purchasable","21":"product-type-simple","22":"entry","23":"content-bg","24":"loop-entry"},"acf":[],"brands":[{"id":17,"name":"Bloomingville","slug":"bloomingville"}],"_links":{"self":[{"href":"https:\/\/yournordichome.com\/pl\/wp-json\/wp\/v2\/product\/2948","targetHints":{"allow":["GET"]}}],"collection":[{"href":"https:\/\/yournordichome.com\/pl\/wp-json\/wp\/v2\/product"}],"about":[{"href":"https:\/\/yournordichome.com\/pl\/wp-json\/wp\/v2\/types\/product"}],"replies":[{"embeddable":true,"href":"https:\/\/yournordichome.com\/pl\/wp-json\/wp\/v2\/comments?post=2948"}],"wp:featuredmedia":[{"embeddable":true,"href":"https:\/\/yournordichome.com\/pl\/wp-json\/wp\/v2\/media\/2822"}],"wp:attachment":[{"href":"https:\/\/yournordichome.com\/pl\/wp-json\/wp\/v2\/media?parent=2948"}],"wp:term":[{"taxonomy":"pwb-brand","embeddable":true,"href":"https:\/\/yournordichome.com\/pl\/wp-json\/wp\/v2\/pwb-brand?post=2948"},{"taxonomy":"product_brand","embeddable":true,"href":"https:\/\/yournordichome.com\/pl\/wp-json\/wp\/v2\/product_brand?post=2948"},{"taxonomy":"product_cat","embeddable":true,"href":"https:\/\/yournordichome.com\/pl\/wp-json\/wp\/v2\/product_cat?post=2948"},{"taxonomy":"product_tag","embeddable":true,"href":"https:\/\/yournordichome.com\/pl\/wp-json\/wp\/v2\/product_tag?post=2948"},{"taxonomy":"gyarto","embeddable":true,"href":"https:\/\/yournordichome.com\/pl\/wp-json\/wp\/v2\/gyarto?post=2948"}],"curies":[{"name":"wp","href":"https:\/\/api.w.org\/{rel}","templated":true}]}}