{"id":2947,"date":"2023-08-16T15:23:19","date_gmt":"2023-08-16T15:23:19","guid":{"rendered":"https:\/\/yournordichome.com\/product\/wall-decor-bamboo-nature\/"},"modified":"2025-07-31T13:55:51","modified_gmt":"2025-07-31T13:55:51","slug":"dekor-scienny-bambus-natura","status":"publish","type":"product","link":"https:\/\/yournordichome.com\/pl\/product\/wall-decor-bamboo-nature\/","title":{"rendered":"Dekoracja \u015bcienna bambusowa natura"},"content":{"rendered":"<p>Dekoracja \u015bcienna wykonana z bambusa w naturalnym, jasnym kolorze. Umie\u015b\u0107 wentylator na \u015bcianie w salonie, nad \u0142\u00f3\u017ckiem lub w dowolnym innym pomieszczeniu, w kt\u00f3rym chcesz doda\u0107 ciekawy i stylowy element do swojego wystroju.<\/p>\n<p>Wymiary produktu: L150xH77 cm<br \/>\nKolor: naturalny<br \/>\nSk\u0142ad: Bambus<\/p>","protected":false},"excerpt":{"rendered":"<p>Unikalna dekoracja wykonana z bambusa i bawe\u0142ny w jasnych odcieniach. Ta dekoracja \u015bcienna doda naturalnego i przytulnego charakteru ka\u017cdemu pomieszczeniu w domu.<\/p>","protected":false},"featured_media":2846,"comment_status":"closed","ping_status":"closed","template":"","meta":{"_acf_changed":false,"_kad_post_transparent":"default","_kad_post_title":"","_kad_post_layout":"default","_kad_post_sidebar_id":"","_kad_post_content_style":"default","_kad_post_vertical_padding":"default","_kad_post_feature":"","_kad_post_feature_position":"","_kad_post_header":false,"_kad_post_footer":false,"_kad_post_classname":""},"pwb-brand":[17],"product_brand":[],"product_cat":[123,23],"product_tag":[398,397,34,396],"gyarto":[],"class_list":{"0":"post-2947","1":"product","2":"type-product","3":"status-publish","4":"has-post-thumbnail","6":"pwb-brand-bloomingville","7":"product_cat-decorative-accessories","8":"product_cat-home-decor","9":"product_tag-nordic-design","10":"product_tag-nordic-home","11":"product_tag-nordic-interior-design","12":"product_tag-nordic-style","13":"pa_colour-nature","14":"pa_material-bamboo","16":"first","17":"instock","18":"taxable","19":"shipping-taxable","20":"purchasable","21":"product-type-simple","22":"entry","23":"content-bg","24":"loop-entry"},"acf":[],"brands":[{"id":17,"name":"Bloomingville","slug":"bloomingville"}],"_links":{"self":[{"href":"https:\/\/yournordichome.com\/pl\/wp-json\/wp\/v2\/product\/2947","targetHints":{"allow":["GET"]}}],"collection":[{"href":"https:\/\/yournordichome.com\/pl\/wp-json\/wp\/v2\/product"}],"about":[{"href":"https:\/\/yournordichome.com\/pl\/wp-json\/wp\/v2\/types\/product"}],"replies":[{"embeddable":true,"href":"https:\/\/yournordichome.com\/pl\/wp-json\/wp\/v2\/comments?post=2947"}],"wp:featuredmedia":[{"embeddable":true,"href":"https:\/\/yournordichome.com\/pl\/wp-json\/wp\/v2\/media\/2846"}],"wp:attachment":[{"href":"https:\/\/yournordichome.com\/pl\/wp-json\/wp\/v2\/media?parent=2947"}],"wp:term":[{"taxonomy":"pwb-brand","embeddable":true,"href":"https:\/\/yournordichome.com\/pl\/wp-json\/wp\/v2\/pwb-brand?post=2947"},{"taxonomy":"product_brand","embeddable":true,"href":"https:\/\/yournordichome.com\/pl\/wp-json\/wp\/v2\/product_brand?post=2947"},{"taxonomy":"product_cat","embeddable":true,"href":"https:\/\/yournordichome.com\/pl\/wp-json\/wp\/v2\/product_cat?post=2947"},{"taxonomy":"product_tag","embeddable":true,"href":"https:\/\/yournordichome.com\/pl\/wp-json\/wp\/v2\/product_tag?post=2947"},{"taxonomy":"gyarto","embeddable":true,"href":"https:\/\/yournordichome.com\/pl\/wp-json\/wp\/v2\/gyarto?post=2947"}],"curies":[{"name":"wp","href":"https:\/\/api.w.org\/{rel}","templated":true}]}}