{"id":2945,"date":"2023-08-16T15:23:19","date_gmt":"2023-08-16T15:23:19","guid":{"rendered":"https:\/\/yournordichome.com\/product\/cotton-rug-nature-150x210-cm\/"},"modified":"2025-07-31T13:56:04","modified_gmt":"2025-07-31T13:56:04","slug":"bawelniany-dywanik-nature-150x210-cm","status":"publish","type":"product","link":"https:\/\/yournordichome.com\/pl\/product\/cotton-rug-nature-150x210-cm\/","title":{"rendered":"Dywan bawe\u0142niany nature 150\u00d7210 cm"},"content":{"rendered":"<p>Bawe\u0142niany dywan w naturalnym kolorze. Spokojny kolor dywanu tworzy przytuln\u0105 atmosfer\u0119 w domu. Prostok\u0105tny dywan idealnie pasuje do salonu i jest stylowym i praktycznym dodatkiem do wystroju.<\/p>\n<p>Wymiary produktu: L210xW150 cm<br \/>\nKolor: naturalny<br \/>\nSk\u0142ad: 95% bawe\u0142na, 5% inne w\u0142\u00f3kna<br \/>\nWybielanie: Nie<br \/>\nWyko\u0144czenie kolorystyczne: Barwiona prz\u0119dza<br \/>\nCzyszczenie na sucho: Tak<br \/>\nWyko\u0144czenie produktu: Tuftowany<br \/>\nInstrukcja prania: Tylko czyszczenie punktowe<\/p>","protected":false},"excerpt":{"rendered":"<p>R\u0119cznie tkany dywan z bawe\u0142ny z pi\u0119knym tuftowanym wzorem w naturalnych kolorach ziemi.<\/p>","protected":false},"featured_media":2798,"comment_status":"closed","ping_status":"closed","template":"","meta":{"_acf_changed":false,"_kad_post_transparent":"default","_kad_post_title":"","_kad_post_layout":"default","_kad_post_sidebar_id":"","_kad_post_content_style":"default","_kad_post_vertical_padding":"default","_kad_post_feature":"","_kad_post_feature_position":"","_kad_post_header":false,"_kad_post_footer":false,"_kad_post_classname":""},"pwb-brand":[17],"product_brand":[],"product_cat":[88,65],"product_tag":[79,398,397,34,396],"gyarto":[],"class_list":{"0":"post-2945","1":"product","2":"type-product","3":"status-publish","4":"has-post-thumbnail","6":"pwb-brand-bloomingville","7":"product_cat-rug","8":"product_cat-rugs-and-textiles","9":"product_tag-cotton-rug","10":"product_tag-nordic-design","11":"product_tag-nordic-home","12":"product_tag-nordic-interior-design","13":"product_tag-nordic-style","14":"pa_colour-nature","15":"pa_material-cotton","17":"first","18":"instock","19":"taxable","20":"shipping-taxable","21":"purchasable","22":"product-type-simple","23":"entry","24":"content-bg","25":"loop-entry"},"acf":[],"brands":[{"id":17,"name":"Bloomingville","slug":"bloomingville"}],"_links":{"self":[{"href":"https:\/\/yournordichome.com\/pl\/wp-json\/wp\/v2\/product\/2945","targetHints":{"allow":["GET"]}}],"collection":[{"href":"https:\/\/yournordichome.com\/pl\/wp-json\/wp\/v2\/product"}],"about":[{"href":"https:\/\/yournordichome.com\/pl\/wp-json\/wp\/v2\/types\/product"}],"replies":[{"embeddable":true,"href":"https:\/\/yournordichome.com\/pl\/wp-json\/wp\/v2\/comments?post=2945"}],"wp:featuredmedia":[{"embeddable":true,"href":"https:\/\/yournordichome.com\/pl\/wp-json\/wp\/v2\/media\/2798"}],"wp:attachment":[{"href":"https:\/\/yournordichome.com\/pl\/wp-json\/wp\/v2\/media?parent=2945"}],"wp:term":[{"taxonomy":"pwb-brand","embeddable":true,"href":"https:\/\/yournordichome.com\/pl\/wp-json\/wp\/v2\/pwb-brand?post=2945"},{"taxonomy":"product_brand","embeddable":true,"href":"https:\/\/yournordichome.com\/pl\/wp-json\/wp\/v2\/product_brand?post=2945"},{"taxonomy":"product_cat","embeddable":true,"href":"https:\/\/yournordichome.com\/pl\/wp-json\/wp\/v2\/product_cat?post=2945"},{"taxonomy":"product_tag","embeddable":true,"href":"https:\/\/yournordichome.com\/pl\/wp-json\/wp\/v2\/product_tag?post=2945"},{"taxonomy":"gyarto","embeddable":true,"href":"https:\/\/yournordichome.com\/pl\/wp-json\/wp\/v2\/gyarto?post=2945"}],"curies":[{"name":"wp","href":"https:\/\/api.w.org\/{rel}","templated":true}]}}