{"id":2944,"date":"2023-08-16T15:23:19","date_gmt":"2023-08-16T15:23:19","guid":{"rendered":"https:\/\/yournordichome.com\/product\/jute-rug-nature-black-pattern-70x140-cm\/"},"modified":"2024-04-06T10:33:42","modified_gmt":"2024-04-06T10:33:42","slug":"dywan-jutowy-natura-czarny-wzor-70x140-cm","status":"publish","type":"product","link":"https:\/\/yournordichome.com\/pl\/product\/jute-rug-nature-black-pattern-70x140-cm\/","title":{"rendered":"Dywan jutowy natura czarny wz\u00f3r 70\u00d7140 cm"},"content":{"rendered":"<p>Jutowy dywan w naturalnym kolorze z czarnym wzorem. Idealny do umieszczenia w przedpokoju lub obok \u0142\u00f3\u017cka, jego prosty, ale stylowy design dodaje ciep\u0142ej i przytulnej atmosfery do ka\u017cdej przestrzeni.<\/p>\n<p>Wymiary produktu: L140xW70 cm<br \/>\nSk\u0142ad: 100% Juta<br \/>\nWybielanie: Nie<br \/>\nWyko\u0144czenie kolorystyczne: Barwiona prz\u0119dza<br \/>\nCzyszczenie na sucho: Nie<br \/>\nInstrukcja prania: Tylko czyszczenie punktowe<\/p>","protected":false},"excerpt":{"rendered":"<p>Dywan wykonany z juty z przyci\u0105gaj\u0105cym wzrok czarnym zygzakowatym wzorem.<\/p>","protected":false},"featured_media":2817,"comment_status":"closed","ping_status":"closed","template":"","meta":{"_acf_changed":false,"_kad_post_transparent":"","_kad_post_title":"","_kad_post_layout":"","_kad_post_sidebar_id":"","_kad_post_content_style":"","_kad_post_vertical_padding":"","_kad_post_feature":"","_kad_post_feature_position":"","_kad_post_header":false,"_kad_post_footer":false,"_kad_post_classname":""},"pwb-brand":[17],"product_brand":[],"product_cat":[88,65],"product_tag":[112,398,397,34,396],"gyarto":[],"class_list":{"0":"post-2944","1":"product","2":"type-product","3":"status-publish","4":"has-post-thumbnail","6":"pwb-brand-bloomingville","7":"product_cat-rug","8":"product_cat-rugs-and-textiles","9":"product_tag-jute-rug","10":"product_tag-nordic-design","11":"product_tag-nordic-home","12":"product_tag-nordic-interior-design","13":"product_tag-nordic-style","14":"pa_colour-black","15":"pa_colour-nature","16":"pa_material-jute","18":"first","19":"outofstock","20":"taxable","21":"shipping-taxable","22":"purchasable","23":"product-type-simple","24":"entry","25":"content-bg","26":"loop-entry"},"acf":[],"brands":[{"id":17,"name":"Bloomingville","slug":"bloomingville"}],"_links":{"self":[{"href":"https:\/\/yournordichome.com\/pl\/wp-json\/wp\/v2\/product\/2944","targetHints":{"allow":["GET"]}}],"collection":[{"href":"https:\/\/yournordichome.com\/pl\/wp-json\/wp\/v2\/product"}],"about":[{"href":"https:\/\/yournordichome.com\/pl\/wp-json\/wp\/v2\/types\/product"}],"replies":[{"embeddable":true,"href":"https:\/\/yournordichome.com\/pl\/wp-json\/wp\/v2\/comments?post=2944"}],"wp:featuredmedia":[{"embeddable":true,"href":"https:\/\/yournordichome.com\/pl\/wp-json\/wp\/v2\/media\/2817"}],"wp:attachment":[{"href":"https:\/\/yournordichome.com\/pl\/wp-json\/wp\/v2\/media?parent=2944"}],"wp:term":[{"taxonomy":"pwb-brand","embeddable":true,"href":"https:\/\/yournordichome.com\/pl\/wp-json\/wp\/v2\/pwb-brand?post=2944"},{"taxonomy":"product_brand","embeddable":true,"href":"https:\/\/yournordichome.com\/pl\/wp-json\/wp\/v2\/product_brand?post=2944"},{"taxonomy":"product_cat","embeddable":true,"href":"https:\/\/yournordichome.com\/pl\/wp-json\/wp\/v2\/product_cat?post=2944"},{"taxonomy":"product_tag","embeddable":true,"href":"https:\/\/yournordichome.com\/pl\/wp-json\/wp\/v2\/product_tag?post=2944"},{"taxonomy":"gyarto","embeddable":true,"href":"https:\/\/yournordichome.com\/pl\/wp-json\/wp\/v2\/gyarto?post=2944"}],"curies":[{"name":"wp","href":"https:\/\/api.w.org\/{rel}","templated":true}]}}