{"id":2751,"date":"2023-06-18T14:55:39","date_gmt":"2023-06-18T14:55:39","guid":{"rendered":"https:\/\/yournordichome.com\/product\/green-cotton-blanket-130-x-170-cm\/"},"modified":"2026-01-04T16:10:02","modified_gmt":"2026-01-04T16:10:02","slug":"zielony-koc-bawelniany-130-x-170-cm","status":"publish","type":"product","link":"https:\/\/yournordichome.com\/pl\/product\/green-cotton-blanket-130-x-170-cm\/","title":{"rendered":"Zielony koc bawe\u0142niany 130 x 170 cm"},"content":{"rendered":"<p>Zielony bawe\u0142niany koc o subtelnym odcieniu, kt\u00f3ry dobrze pasuje do dom\u00f3w w stylu nordyckim.<\/p>\n<p>Roz\u0142\u00f3\u017c go na brzegu sofy, zabierz ze sob\u0105 na taras. Dekoracyjny i mi\u0119kki, przyjemny w dotyku.<\/p>\n<p>Wymiary produktu: L170xW130 cm<br \/>\nKolor: Zielony<br \/>\nSk\u0142ad: Bawe\u0142na, Wiskoza<br \/>\nInstrukcja prania: Pra\u0107 w pralce w 30 stopniach<\/p>","protected":false},"excerpt":{"rendered":"<p>Zielony bawe\u0142niany koc w pastelowym kolorze z delikatnym wzorem.<\/p>","protected":false},"featured_media":2670,"comment_status":"closed","ping_status":"closed","template":"","meta":{"_acf_changed":false,"_kad_post_transparent":"default","_kad_post_title":"","_kad_post_layout":"default","_kad_post_sidebar_id":"","_kad_post_content_style":"default","_kad_post_vertical_padding":"default","_kad_post_feature":"","_kad_post_feature_position":"","_kad_post_header":false,"_kad_post_footer":false,"_kad_post_classname":""},"pwb-brand":[19],"product_brand":[],"product_cat":[66,65],"product_tag":[67,34,376],"gyarto":[],"class_list":{"0":"post-2751","1":"product","2":"type-product","3":"status-publish","4":"has-post-thumbnail","6":"pwb-brand-chic-antique","7":"product_cat-blanket","8":"product_cat-rugs-and-textiles","9":"product_tag-cotton-blanket","10":"product_tag-nordic-interior-design","11":"product_tag-throw","12":"pa_colour-green","13":"pa_material-cotton","15":"first","16":"instock","17":"taxable","18":"shipping-taxable","19":"purchasable","20":"product-type-simple","21":"entry","22":"content-bg","23":"loop-entry"},"acf":[],"brands":[{"id":19,"name":"Chic Antique","slug":"szykowny-antyk"}],"_links":{"self":[{"href":"https:\/\/yournordichome.com\/pl\/wp-json\/wp\/v2\/product\/2751","targetHints":{"allow":["GET"]}}],"collection":[{"href":"https:\/\/yournordichome.com\/pl\/wp-json\/wp\/v2\/product"}],"about":[{"href":"https:\/\/yournordichome.com\/pl\/wp-json\/wp\/v2\/types\/product"}],"replies":[{"embeddable":true,"href":"https:\/\/yournordichome.com\/pl\/wp-json\/wp\/v2\/comments?post=2751"}],"wp:featuredmedia":[{"embeddable":true,"href":"https:\/\/yournordichome.com\/pl\/wp-json\/wp\/v2\/media\/2670"}],"wp:attachment":[{"href":"https:\/\/yournordichome.com\/pl\/wp-json\/wp\/v2\/media?parent=2751"}],"wp:term":[{"taxonomy":"pwb-brand","embeddable":true,"href":"https:\/\/yournordichome.com\/pl\/wp-json\/wp\/v2\/pwb-brand?post=2751"},{"taxonomy":"product_brand","embeddable":true,"href":"https:\/\/yournordichome.com\/pl\/wp-json\/wp\/v2\/product_brand?post=2751"},{"taxonomy":"product_cat","embeddable":true,"href":"https:\/\/yournordichome.com\/pl\/wp-json\/wp\/v2\/product_cat?post=2751"},{"taxonomy":"product_tag","embeddable":true,"href":"https:\/\/yournordichome.com\/pl\/wp-json\/wp\/v2\/product_tag?post=2751"},{"taxonomy":"gyarto","embeddable":true,"href":"https:\/\/yournordichome.com\/pl\/wp-json\/wp\/v2\/gyarto?post=2751"}],"curies":[{"name":"wp","href":"https:\/\/api.w.org\/{rel}","templated":true}]}}