{"id":2628,"date":"2023-06-18T10:06:03","date_gmt":"2023-06-18T10:06:03","guid":{"rendered":"https:\/\/yournordichome.com\/product\/lounge-chair-teak\/"},"modified":"2025-07-31T14:30:28","modified_gmt":"2025-07-31T14:30:28","slug":"fotel-wypoczynkowy-teak","status":"publish","type":"product","link":"https:\/\/yournordichome.com\/pl\/product\/lounge-chair-teak\/","title":{"rendered":"Fotel wypoczynkowy z drewna tekowego"},"content":{"rendered":"<p>Fotel wypoczynkowy wykonany z drewna tekowego z rattanowym siedziskiem i oparciem o klasycznym nordyckim designie.<\/p>\n<p>Wymiary produktu: L70xH75xW78 cm<br \/>\nG\u0142\u0119boko\u015b\u0107 siedziska: 30 cm<br \/>\nWysoko\u015b\u0107 siedziska: 49 cm<br \/>\nKolor: naturalny<br \/>\nSk\u0142ad: Drewno tekowe, Rattan<br \/>\nInstrukcja piel\u0119gnacji: Przetrze\u0107 wilgotn\u0105 szmatk\u0105.<br \/>\nMaksymalny ud\u017awig: 125 kg<br \/>\nDo u\u017cytku na zewn\u0105trz: Nie<\/p>","protected":false},"excerpt":{"rendered":"<p>Krzes\u0142o do salonu wykonane z mocnego drewna tekowego z fajnym czarnym i naturalnym wzorem graficznym. Krzes\u0142o jest idealne do ulubionego przytulnego k\u0105cika z ma\u0142\u0105 poduszk\u0105 do wyboru.<\/p>","protected":false},"featured_media":2594,"comment_status":"closed","ping_status":"closed","template":"","meta":{"_acf_changed":false,"_kad_post_transparent":"default","_kad_post_title":"","_kad_post_layout":"default","_kad_post_sidebar_id":"","_kad_post_content_style":"default","_kad_post_vertical_padding":"default","_kad_post_feature":"","_kad_post_feature_position":"","_kad_post_header":false,"_kad_post_footer":false,"_kad_post_classname":""},"pwb-brand":[17],"product_brand":[],"product_cat":[152,153],"product_tag":[154,34,252],"gyarto":[],"class_list":{"0":"post-2628","1":"product","2":"type-product","3":"status-publish","4":"has-post-thumbnail","6":"pwb-brand-bloomingville","7":"product_cat-chair","8":"product_cat-lounge-chair","9":"product_tag-armchair","10":"product_tag-nordic-interior-design","11":"product_tag-teak-furniture","12":"pa_colour-nature","13":"pa_material-teak-wood","15":"first","16":"instock","17":"taxable","18":"shipping-taxable","19":"purchasable","20":"product-type-simple","21":"entry","22":"content-bg","23":"loop-entry"},"acf":[],"brands":[{"id":17,"name":"Bloomingville","slug":"bloomingville"}],"_links":{"self":[{"href":"https:\/\/yournordichome.com\/pl\/wp-json\/wp\/v2\/product\/2628","targetHints":{"allow":["GET"]}}],"collection":[{"href":"https:\/\/yournordichome.com\/pl\/wp-json\/wp\/v2\/product"}],"about":[{"href":"https:\/\/yournordichome.com\/pl\/wp-json\/wp\/v2\/types\/product"}],"replies":[{"embeddable":true,"href":"https:\/\/yournordichome.com\/pl\/wp-json\/wp\/v2\/comments?post=2628"}],"wp:featuredmedia":[{"embeddable":true,"href":"https:\/\/yournordichome.com\/pl\/wp-json\/wp\/v2\/media\/2594"}],"wp:attachment":[{"href":"https:\/\/yournordichome.com\/pl\/wp-json\/wp\/v2\/media?parent=2628"}],"wp:term":[{"taxonomy":"pwb-brand","embeddable":true,"href":"https:\/\/yournordichome.com\/pl\/wp-json\/wp\/v2\/pwb-brand?post=2628"},{"taxonomy":"product_brand","embeddable":true,"href":"https:\/\/yournordichome.com\/pl\/wp-json\/wp\/v2\/product_brand?post=2628"},{"taxonomy":"product_cat","embeddable":true,"href":"https:\/\/yournordichome.com\/pl\/wp-json\/wp\/v2\/product_cat?post=2628"},{"taxonomy":"product_tag","embeddable":true,"href":"https:\/\/yournordichome.com\/pl\/wp-json\/wp\/v2\/product_tag?post=2628"},{"taxonomy":"gyarto","embeddable":true,"href":"https:\/\/yournordichome.com\/pl\/wp-json\/wp\/v2\/gyarto?post=2628"}],"curies":[{"name":"wp","href":"https:\/\/api.w.org\/{rel}","templated":true}]}}