{"id":2625,"date":"2023-06-18T10:06:03","date_gmt":"2023-06-18T10:06:03","guid":{"rendered":"https:\/\/yournordichome.com\/product\/wall-decor-linen\/"},"modified":"2025-07-31T14:27:52","modified_gmt":"2025-07-31T14:27:52","slug":"dekoracja-scienna-len","status":"publish","type":"product","link":"https:\/\/yournordichome.com\/pl\/product\/wall-decor-linen\/","title":{"rendered":"Po\u015bciel do dekoracji \u015bcian"},"content":{"rendered":"<p>Sztuka \u015bcienna do dekoracji domu.<\/p>\n<p>Wymiary produktu: L50xH70xW3,5 cm<br \/>\nKolor: br\u0105zowy<br \/>\nSk\u0142ad: P\u0142\u00f3tno, Drewno jod\u0142owe<\/p>","protected":false},"excerpt":{"rendered":"<p>Obraz \u015bcienny namalowany na p\u0142\u00f3tnie na drewnianej ramie w kolorach ziemi. Idealna do ka\u017cdego pomieszczenia.<\/p>","protected":false},"featured_media":2614,"comment_status":"closed","ping_status":"closed","template":"","meta":{"_acf_changed":false,"_kad_post_transparent":"default","_kad_post_title":"","_kad_post_layout":"default","_kad_post_sidebar_id":"","_kad_post_content_style":"default","_kad_post_vertical_padding":"default","_kad_post_feature":"","_kad_post_feature_position":"","_kad_post_header":false,"_kad_post_footer":false,"_kad_post_classname":""},"pwb-brand":[17],"product_brand":[],"product_cat":[23,355],"product_tag":[26,34],"gyarto":[],"class_list":{"0":"post-2625","1":"product","2":"type-product","3":"status-publish","4":"has-post-thumbnail","6":"pwb-brand-bloomingville","7":"product_cat-home-decor","8":"product_cat-poster","9":"product_tag-nordic-home-decor","10":"product_tag-nordic-interior-design","11":"pa_colour-brown","12":"pa_material-linen","14":"first","15":"instock","16":"taxable","17":"shipping-taxable","18":"purchasable","19":"product-type-simple","20":"entry","21":"content-bg","22":"loop-entry"},"acf":[],"brands":[{"id":17,"name":"Bloomingville","slug":"bloomingville"}],"_links":{"self":[{"href":"https:\/\/yournordichome.com\/pl\/wp-json\/wp\/v2\/product\/2625","targetHints":{"allow":["GET"]}}],"collection":[{"href":"https:\/\/yournordichome.com\/pl\/wp-json\/wp\/v2\/product"}],"about":[{"href":"https:\/\/yournordichome.com\/pl\/wp-json\/wp\/v2\/types\/product"}],"replies":[{"embeddable":true,"href":"https:\/\/yournordichome.com\/pl\/wp-json\/wp\/v2\/comments?post=2625"}],"wp:featuredmedia":[{"embeddable":true,"href":"https:\/\/yournordichome.com\/pl\/wp-json\/wp\/v2\/media\/2614"}],"wp:attachment":[{"href":"https:\/\/yournordichome.com\/pl\/wp-json\/wp\/v2\/media?parent=2625"}],"wp:term":[{"taxonomy":"pwb-brand","embeddable":true,"href":"https:\/\/yournordichome.com\/pl\/wp-json\/wp\/v2\/pwb-brand?post=2625"},{"taxonomy":"product_brand","embeddable":true,"href":"https:\/\/yournordichome.com\/pl\/wp-json\/wp\/v2\/product_brand?post=2625"},{"taxonomy":"product_cat","embeddable":true,"href":"https:\/\/yournordichome.com\/pl\/wp-json\/wp\/v2\/product_cat?post=2625"},{"taxonomy":"product_tag","embeddable":true,"href":"https:\/\/yournordichome.com\/pl\/wp-json\/wp\/v2\/product_tag?post=2625"},{"taxonomy":"gyarto","embeddable":true,"href":"https:\/\/yournordichome.com\/pl\/wp-json\/wp\/v2\/gyarto?post=2625"}],"curies":[{"name":"wp","href":"https:\/\/api.w.org\/{rel}","templated":true}]}}