{"id":2622,"date":"2023-06-18T10:06:03","date_gmt":"2023-06-18T10:06:03","guid":{"rendered":"https:\/\/yournordichome.com\/product\/brown-pedestal-mango\/"},"modified":"2025-11-07T10:52:28","modified_gmt":"2025-11-07T10:52:28","slug":"brazowy-cokol-mango","status":"publish","type":"product","link":"https:\/\/yournordichome.com\/pl\/product\/brown-pedestal-mango\/","title":{"rendered":"Br\u0105zowy cok\u00f3\u0142 mango"},"content":{"rendered":"<p>Cok\u00f3\u0142 wykonany z drewna mango w naturalnych kolorach i czarnymi malowanymi nogami w pi\u0119knie wykonanym projekcie. Idealny do wszystkich pomieszcze\u0144. Ka\u017cdy z nich b\u0119dzie si\u0119 r\u00f3\u017cni\u0107 i b\u0119dzie wyj\u0105tkowy ze wzgl\u0119du na naturalny materia\u0142.<\/p>\n<p>Wymiary produktu: L45,5xH30,5xW20,5 cm<br \/>\nKolor: br\u0105zowy<br \/>\nSk\u0142ad: Drewno mango<\/p>","protected":false},"excerpt":{"rendered":"<p>Sto\u0142ek wykonany z drewna mango z malowanymi na czarno nogami. U\u017cyj go jako ma\u0142ego sto\u0142ka dla ro\u015bliny lub jako stolika bocznego - Ty decydujesz!<\/p>","protected":false},"featured_media":2561,"comment_status":"closed","ping_status":"closed","template":"","meta":{"_acf_changed":false,"_kad_post_transparent":"default","_kad_post_title":"","_kad_post_layout":"default","_kad_post_sidebar_id":"","_kad_post_content_style":"default","_kad_post_vertical_padding":"default","_kad_post_feature":"","_kad_post_feature_position":"","_kad_post_header":false,"_kad_post_footer":false,"_kad_post_classname":""},"pwb-brand":[17],"product_brand":[],"product_cat":[152,233],"product_tag":[205,34],"gyarto":[],"class_list":{"0":"post-2622","1":"product","2":"type-product","3":"status-publish","4":"has-post-thumbnail","6":"pwb-brand-bloomingville","7":"product_cat-chair","8":"product_cat-stool","9":"product_tag-mango-wood-furniture","10":"product_tag-nordic-interior-design","11":"pa_colour-brown","12":"pa_material-mango-wood","14":"first","15":"outofstock","16":"taxable","17":"shipping-taxable","18":"purchasable","19":"product-type-simple","20":"entry","21":"content-bg","22":"loop-entry"},"acf":[],"brands":[{"id":17,"name":"Bloomingville","slug":"bloomingville"}],"_links":{"self":[{"href":"https:\/\/yournordichome.com\/pl\/wp-json\/wp\/v2\/product\/2622","targetHints":{"allow":["GET"]}}],"collection":[{"href":"https:\/\/yournordichome.com\/pl\/wp-json\/wp\/v2\/product"}],"about":[{"href":"https:\/\/yournordichome.com\/pl\/wp-json\/wp\/v2\/types\/product"}],"replies":[{"embeddable":true,"href":"https:\/\/yournordichome.com\/pl\/wp-json\/wp\/v2\/comments?post=2622"}],"wp:featuredmedia":[{"embeddable":true,"href":"https:\/\/yournordichome.com\/pl\/wp-json\/wp\/v2\/media\/2561"}],"wp:attachment":[{"href":"https:\/\/yournordichome.com\/pl\/wp-json\/wp\/v2\/media?parent=2622"}],"wp:term":[{"taxonomy":"pwb-brand","embeddable":true,"href":"https:\/\/yournordichome.com\/pl\/wp-json\/wp\/v2\/pwb-brand?post=2622"},{"taxonomy":"product_brand","embeddable":true,"href":"https:\/\/yournordichome.com\/pl\/wp-json\/wp\/v2\/product_brand?post=2622"},{"taxonomy":"product_cat","embeddable":true,"href":"https:\/\/yournordichome.com\/pl\/wp-json\/wp\/v2\/product_cat?post=2622"},{"taxonomy":"product_tag","embeddable":true,"href":"https:\/\/yournordichome.com\/pl\/wp-json\/wp\/v2\/product_tag?post=2622"},{"taxonomy":"gyarto","embeddable":true,"href":"https:\/\/yournordichome.com\/pl\/wp-json\/wp\/v2\/gyarto?post=2622"}],"curies":[{"name":"wp","href":"https:\/\/api.w.org\/{rel}","templated":true}]}}