{"id":2509,"date":"2023-06-16T15:22:19","date_gmt":"2023-06-16T15:22:19","guid":{"rendered":"https:\/\/yournordichome.com\/product\/pixy-elfie-in-matchbox\/"},"modified":"2023-12-12T13:18:05","modified_gmt":"2023-12-12T13:18:05","slug":"pixy-elfie-w-pudelku-zapalek","status":"publish","type":"product","link":"https:\/\/yournordichome.com\/pl\/product\/pixy-elfie-in-matchbox\/","title":{"rendered":"Pixy Elfie w pude\u0142ku zapa\u0142ek"},"content":{"rendered":"<p>Pixy Elfie w pude\u0142ku zapa\u0142ek od Maileg z pi\u0119kn\u0105 czerwon\u0105 czapeczk\u0105. Ch\u0119tnie wychodzi z pude\u0142ka zapa\u0142ek, aby bawi\u0107 si\u0119 w dowolnym momencie. Dzieci szczeg\u00f3lnie go lubi\u0105, poniewa\u017c o\u017cywia bajeczny \u015bwiat, wok\u00f3\u0142 kt\u00f3rego \u0142atwo jest zbudowa\u0107 fantastyczn\u0105 histori\u0119.<\/p>\n<p>Starannie wykonana, pi\u0119kna zabawka du\u0144skiego producenta Maileg zawiera wszystkie akcesoria, kt\u00f3re mog\u0105 by\u0107 potrzebne podczas gry, ale nadal pozostawia miejsce na wyobra\u017ani\u0119 dzieci.<\/p>\n<p>Wysoko\u015b\u0107: 14 cm<br \/>\nMateria\u0142: Bawe\u0142na<br \/>\nWype\u0142nienie: Poliester z recyklingu<br \/>\nPranie: 30\u00b0C<\/p>","protected":false},"excerpt":{"rendered":"<p>Urocza ma\u0142a Elfie, kt\u00f3ra mieszka w wygodnie wy\u015bcie\u0142anym pude\u0142ku zapa\u0142ek. Jej \u015bliczna czerwona czapeczka zapewnia jej ciep\u0142o nawet w najzimniejsze dni, a ona z rado\u015bci\u0105 do\u0142\u0105cza do zabawy w swojej uroczej sp\u00f3dniczce. Kto nie chcia\u0142by mie\u0107 prawdziwego elfa w\u015br\u00f3d swoich przyjaci\u00f3\u0142?<\/p>","protected":false},"featured_media":2492,"comment_status":"closed","ping_status":"closed","template":"","meta":{"_acf_changed":false,"_kad_post_transparent":"","_kad_post_title":"","_kad_post_layout":"","_kad_post_sidebar_id":"","_kad_post_content_style":"","_kad_post_vertical_padding":"","_kad_post_feature":"","_kad_post_feature_position":"","_kad_post_header":false,"_kad_post_footer":false,"_kad_post_classname":""},"pwb-brand":[18],"product_brand":[],"product_cat":[47,48],"product_tag":[],"gyarto":[],"class_list":{"0":"post-2509","1":"product","2":"type-product","3":"status-publish","4":"has-post-thumbnail","6":"pwb-brand-maileg","7":"product_cat-kids","8":"product_cat-toy","9":"pa_colour-multi","10":"pa_material-cotton","12":"first","13":"outofstock","14":"taxable","15":"shipping-taxable","16":"purchasable","17":"product-type-simple","18":"entry","19":"content-bg","20":"loop-entry"},"acf":[],"brands":[{"id":18,"name":"Maileg","slug":"maileg"}],"_links":{"self":[{"href":"https:\/\/yournordichome.com\/pl\/wp-json\/wp\/v2\/product\/2509","targetHints":{"allow":["GET"]}}],"collection":[{"href":"https:\/\/yournordichome.com\/pl\/wp-json\/wp\/v2\/product"}],"about":[{"href":"https:\/\/yournordichome.com\/pl\/wp-json\/wp\/v2\/types\/product"}],"replies":[{"embeddable":true,"href":"https:\/\/yournordichome.com\/pl\/wp-json\/wp\/v2\/comments?post=2509"}],"wp:featuredmedia":[{"embeddable":true,"href":"https:\/\/yournordichome.com\/pl\/wp-json\/wp\/v2\/media\/2492"}],"wp:attachment":[{"href":"https:\/\/yournordichome.com\/pl\/wp-json\/wp\/v2\/media?parent=2509"}],"wp:term":[{"taxonomy":"pwb-brand","embeddable":true,"href":"https:\/\/yournordichome.com\/pl\/wp-json\/wp\/v2\/pwb-brand?post=2509"},{"taxonomy":"product_brand","embeddable":true,"href":"https:\/\/yournordichome.com\/pl\/wp-json\/wp\/v2\/product_brand?post=2509"},{"taxonomy":"product_cat","embeddable":true,"href":"https:\/\/yournordichome.com\/pl\/wp-json\/wp\/v2\/product_cat?post=2509"},{"taxonomy":"product_tag","embeddable":true,"href":"https:\/\/yournordichome.com\/pl\/wp-json\/wp\/v2\/product_tag?post=2509"},{"taxonomy":"gyarto","embeddable":true,"href":"https:\/\/yournordichome.com\/pl\/wp-json\/wp\/v2\/gyarto?post=2509"}],"curies":[{"name":"wp","href":"https:\/\/api.w.org\/{rel}","templated":true}]}}