{"id":2504,"date":"2023-06-16T15:22:19","date_gmt":"2023-06-16T15:22:19","guid":{"rendered":"https:\/\/yournordichome.com\/product\/blanket-with-leaf-pattern-130-x-160-cm\/"},"modified":"2025-07-31T14:30:58","modified_gmt":"2025-07-31T14:30:58","slug":"koc-z-motywem-lisci-130-x-160-cm","status":"publish","type":"product","link":"https:\/\/yournordichome.com\/pl\/product\/blanket-with-leaf-pattern-130-x-160-cm\/","title":{"rendered":"Koc z motywem li\u015bci 130 x 160 cm"},"content":{"rendered":"<p>Koc z motywem li\u015bci wykonany z bawe\u0142ny pochodz\u0105cej z recyklingu. Jego delikatne kolory tworz\u0105 domow\u0105 atmosfer\u0119.<\/p>\n<p>Wymiary produktu: L160xW130 cm<br \/>\nKolor: naturalny<br \/>\nSk\u0142ad: 69% Bawe\u0142na, 28% Poliester, 3% Wiskoza<br \/>\nWybielanie: Nie<br \/>\nCzyszczenie na sucho: Nie<br \/>\nSuszenie: Tumbler Low<br \/>\nPrasowanie: \u015aredni<br \/>\nInstrukcja prania: Pra\u0107 w pralce w 40 stopniach<\/p>","protected":false},"excerpt":{"rendered":"<p>Bawe\u0142niana narzuta w piaskowym kolorze z delikatnym wzorem. Jest wygodna wieczorem podczas czytania ksi\u0105\u017cki lub ogl\u0105dania filmu na tarasie, a tak\u017ce stanowi pi\u0119kn\u0105 dekoracj\u0119 domu.<\/p>","protected":false},"featured_media":2473,"comment_status":"closed","ping_status":"closed","template":"","meta":{"_acf_changed":false,"_kad_post_transparent":"default","_kad_post_title":"","_kad_post_layout":"default","_kad_post_sidebar_id":"","_kad_post_content_style":"default","_kad_post_vertical_padding":"default","_kad_post_feature":"","_kad_post_feature_position":"","_kad_post_header":false,"_kad_post_footer":false,"_kad_post_classname":""},"pwb-brand":[17],"product_brand":[],"product_cat":[66,65],"product_tag":[67,34],"gyarto":[],"class_list":{"0":"post-2504","1":"product","2":"type-product","3":"status-publish","4":"has-post-thumbnail","6":"pwb-brand-bloomingville","7":"product_cat-blanket","8":"product_cat-rugs-and-textiles","9":"product_tag-cotton-blanket","10":"product_tag-nordic-interior-design","11":"pa_colour-nature","12":"pa_material-cotton","14":"first","15":"instock","16":"taxable","17":"shipping-taxable","18":"purchasable","19":"product-type-simple","20":"entry","21":"content-bg","22":"loop-entry"},"acf":[],"brands":[{"id":17,"name":"Bloomingville","slug":"bloomingville"}],"_links":{"self":[{"href":"https:\/\/yournordichome.com\/pl\/wp-json\/wp\/v2\/product\/2504","targetHints":{"allow":["GET"]}}],"collection":[{"href":"https:\/\/yournordichome.com\/pl\/wp-json\/wp\/v2\/product"}],"about":[{"href":"https:\/\/yournordichome.com\/pl\/wp-json\/wp\/v2\/types\/product"}],"replies":[{"embeddable":true,"href":"https:\/\/yournordichome.com\/pl\/wp-json\/wp\/v2\/comments?post=2504"}],"wp:featuredmedia":[{"embeddable":true,"href":"https:\/\/yournordichome.com\/pl\/wp-json\/wp\/v2\/media\/2473"}],"wp:attachment":[{"href":"https:\/\/yournordichome.com\/pl\/wp-json\/wp\/v2\/media?parent=2504"}],"wp:term":[{"taxonomy":"pwb-brand","embeddable":true,"href":"https:\/\/yournordichome.com\/pl\/wp-json\/wp\/v2\/pwb-brand?post=2504"},{"taxonomy":"product_brand","embeddable":true,"href":"https:\/\/yournordichome.com\/pl\/wp-json\/wp\/v2\/product_brand?post=2504"},{"taxonomy":"product_cat","embeddable":true,"href":"https:\/\/yournordichome.com\/pl\/wp-json\/wp\/v2\/product_cat?post=2504"},{"taxonomy":"product_tag","embeddable":true,"href":"https:\/\/yournordichome.com\/pl\/wp-json\/wp\/v2\/product_tag?post=2504"},{"taxonomy":"gyarto","embeddable":true,"href":"https:\/\/yournordichome.com\/pl\/wp-json\/wp\/v2\/gyarto?post=2504"}],"curies":[{"name":"wp","href":"https:\/\/api.w.org\/{rel}","templated":true}]}}