{"id":2269,"date":"2023-06-12T18:39:24","date_gmt":"2023-06-12T18:39:24","guid":{"rendered":"https:\/\/yournordichome.com\/product\/paper-towel-holder\/"},"modified":"2025-11-17T20:45:03","modified_gmt":"2025-11-17T20:45:03","slug":"uchwyt-na-recznik-papierowy","status":"publish","type":"product","link":"https:\/\/yournordichome.com\/pl\/product\/paper-towel-holder\/","title":{"rendered":"Uchwyt na r\u0119cznik papierowy"},"content":{"rendered":"<p>Stojak na r\u0119czniki papierowe z ceramiczn\u0105 podstaw\u0105, dekoracyjny, r\u0119cznie malowany wz\u00f3r. Spraw, aby nawet proste narz\u0119dzia by\u0142y wyj\u0105tkowe, u\u017cywaj akcesori\u00f3w w kuchni, kt\u00f3re sprawiaj\u0105, \u017ce jeste\u015b szcz\u0119\u015bliwy!<\/p>\n<p>Wymiary: ? 16 x 32 cm<br \/>\nMateria\u0142: kamionka, bambus<br \/>\nR\u0119cznie t\u0142oczone<\/p>\n<p>Oszcz\u0119dzanie zasob\u00f3w<br \/>\nDzi\u0119ki temu produktowi kupujesz zr\u00f3wnowa\u017con\u0105 i przyjazn\u0105 dla \u015brodowiska alternatyw\u0119 dla konwencjonalnych produkt\u00f3w. Opakowanie zosta\u0142o zredukowane do minimum.<\/p>\n<p>Targi i spo\u0142ecze\u0144stwo<br \/>\nPartnerzy produkcyjni Tranquillo s\u0105 cz\u0142onkami Business Social Compliance Initiative (BSCI), kt\u00f3rej celem jest poprawa warunk\u00f3w pracy na ca\u0142ym \u015bwiecie. Tranquillo i jego partnerzy wsp\u00f3lnie definiuj\u0105 i realizuj\u0105 cele, kt\u00f3re zapewniaj\u0105 wytwarzanie zr\u00f3wnowa\u017conych produkt\u00f3w w etycznie dobrych warunkach. Zgodno\u015b\u0107 z kodeksem post\u0119powania BSCI jest regularnie sprawdzana przez niezale\u017cn\u0105 organizacj\u0119 testuj\u0105c\u0105.<\/p>","protected":false},"excerpt":{"rendered":"<p>Dzi\u0119ki uchwytowi na r\u0119cznik papierowy masz zawsze pod r\u0119k\u0105 \u015bwie\u017cy papier kuchenny, idealny pomocnik w kuchni. Uchwyt sk\u0142ada si\u0119 z okr\u0105g\u0142ego talerza wykonanego z kamionki ze szczeg\u00f3\u0142owymi nadrukami zapewniaj\u0105cymi dobr\u0105 stabilno\u015b\u0107 i wysokiego bambusowego pr\u0119ta, na kt\u00f3rym umieszczona jest rolka kuchenna.<\/p>","protected":false},"featured_media":2215,"comment_status":"closed","ping_status":"closed","template":"","meta":{"_acf_changed":false,"_kad_post_transparent":"default","_kad_post_title":"","_kad_post_layout":"default","_kad_post_sidebar_id":"","_kad_post_content_style":"default","_kad_post_vertical_padding":"default","_kad_post_feature":"","_kad_post_feature_position":"","_kad_post_header":false,"_kad_post_footer":false,"_kad_post_classname":""},"pwb-brand":[345],"product_brand":[],"product_cat":[299,36],"product_tag":[350,352,351],"gyarto":[],"class_list":{"0":"post-2269","1":"product","2":"type-product","3":"status-publish","4":"has-post-thumbnail","6":"pwb-brand-tranquillo","7":"product_cat-kitchen-accessories","8":"product_cat-kitchen-and-dining","9":"product_tag-kitchen-accessories","10":"product_tag-kitchen-ceramics","11":"product_tag-nordic-kitchen","12":"pa_colour-multi","13":"pa_material-stoneware","15":"first","16":"outofstock","17":"taxable","18":"shipping-taxable","19":"purchasable","20":"product-type-simple","21":"entry","22":"content-bg","23":"loop-entry"},"acf":[],"brands":[{"id":345,"name":"Tranquillo","slug":"tranquillo"}],"_links":{"self":[{"href":"https:\/\/yournordichome.com\/pl\/wp-json\/wp\/v2\/product\/2269","targetHints":{"allow":["GET"]}}],"collection":[{"href":"https:\/\/yournordichome.com\/pl\/wp-json\/wp\/v2\/product"}],"about":[{"href":"https:\/\/yournordichome.com\/pl\/wp-json\/wp\/v2\/types\/product"}],"replies":[{"embeddable":true,"href":"https:\/\/yournordichome.com\/pl\/wp-json\/wp\/v2\/comments?post=2269"}],"wp:featuredmedia":[{"embeddable":true,"href":"https:\/\/yournordichome.com\/pl\/wp-json\/wp\/v2\/media\/2215"}],"wp:attachment":[{"href":"https:\/\/yournordichome.com\/pl\/wp-json\/wp\/v2\/media?parent=2269"}],"wp:term":[{"taxonomy":"pwb-brand","embeddable":true,"href":"https:\/\/yournordichome.com\/pl\/wp-json\/wp\/v2\/pwb-brand?post=2269"},{"taxonomy":"product_brand","embeddable":true,"href":"https:\/\/yournordichome.com\/pl\/wp-json\/wp\/v2\/product_brand?post=2269"},{"taxonomy":"product_cat","embeddable":true,"href":"https:\/\/yournordichome.com\/pl\/wp-json\/wp\/v2\/product_cat?post=2269"},{"taxonomy":"product_tag","embeddable":true,"href":"https:\/\/yournordichome.com\/pl\/wp-json\/wp\/v2\/product_tag?post=2269"},{"taxonomy":"gyarto","embeddable":true,"href":"https:\/\/yournordichome.com\/pl\/wp-json\/wp\/v2\/gyarto?post=2269"}],"curies":[{"name":"wp","href":"https:\/\/api.w.org\/{rel}","templated":true}]}}