{"id":2184,"date":"2023-06-12T18:12:29","date_gmt":"2023-06-12T18:12:29","guid":{"rendered":"https:\/\/yournordichome.com\/product\/coffee-table-white-stone\/"},"modified":"2025-07-31T14:56:34","modified_gmt":"2025-07-31T14:56:34","slug":"stolik-kawowy-bialy-kamien","status":"publish","type":"product","link":"https:\/\/yournordichome.com\/pl\/product\/coffee-table-white-stone\/","title":{"rendered":"Stolik kawowy bia\u0142y kamie\u0144"},"content":{"rendered":"<p><strong>Stolik kawowy<\/strong> z czarnymi metalowymi nogami i kwadratowym blatem z bia\u0142\u0105 ceramik\u0105. Ma monochromatyczn\u0105 kolorystyk\u0119, kt\u00f3ra wygl\u0105da dobrze zar\u00f3wno w kolorowych, jak i czarno-bia\u0142ych domach.<\/p>\n<p>Wymiary produktu: L60xH45xW60 cm<br \/>\nKolor: bia\u0142y<br \/>\nSk\u0142ad: Kamie\u0144, Ceramika, Metal<br \/>\nInstrukcja piel\u0119gnacji: Przetrze\u0107 wilgotn\u0105 szmatk\u0105.<br \/>\nMaksymalny ud\u017awig: 20 kg<br \/>\nDo u\u017cytku na zewn\u0105trz: Nie<\/p>","protected":false},"excerpt":{"rendered":"<p>Stolik kawowy o minimalistycznym designie. Stolik wykonany jest z metalu z blatem wykonanym z kamienia i bia\u0142ej ceramiki. Stolik kawowy prezentuje \u0142adny, zgaszony bia\u0142y wz\u00f3r na p\u0142ytkach blatu, kt\u00f3ry doskonale kontrastuje z lekko\u015bci\u0105 konstrukcji.<\/p>","protected":false},"featured_media":2110,"comment_status":"closed","ping_status":"closed","template":"","meta":{"_acf_changed":false,"_kad_post_transparent":"default","_kad_post_title":"","_kad_post_layout":"default","_kad_post_sidebar_id":"","_kad_post_content_style":"default","_kad_post_vertical_padding":"default","_kad_post_feature":"","_kad_post_feature_position":"","_kad_post_header":false,"_kad_post_footer":false,"_kad_post_classname":""},"pwb-brand":[17],"product_brand":[],"product_cat":[158,157],"product_tag":[285,34],"gyarto":[],"class_list":{"0":"post-2184","1":"product","2":"type-product","3":"status-publish","4":"has-post-thumbnail","6":"pwb-brand-bloomingville","7":"product_cat-coffee-table","8":"product_cat-table","9":"product_tag-minimalist-furniture","10":"product_tag-nordic-interior-design","11":"pa_colour-white","12":"pa_material-metal","13":"pa_material-stone","15":"first","16":"instock","17":"taxable","18":"shipping-taxable","19":"purchasable","20":"product-type-simple","21":"entry","22":"content-bg","23":"loop-entry"},"acf":[],"brands":[{"id":17,"name":"Bloomingville","slug":"bloomingville"}],"_links":{"self":[{"href":"https:\/\/yournordichome.com\/pl\/wp-json\/wp\/v2\/product\/2184","targetHints":{"allow":["GET"]}}],"collection":[{"href":"https:\/\/yournordichome.com\/pl\/wp-json\/wp\/v2\/product"}],"about":[{"href":"https:\/\/yournordichome.com\/pl\/wp-json\/wp\/v2\/types\/product"}],"replies":[{"embeddable":true,"href":"https:\/\/yournordichome.com\/pl\/wp-json\/wp\/v2\/comments?post=2184"}],"wp:featuredmedia":[{"embeddable":true,"href":"https:\/\/yournordichome.com\/pl\/wp-json\/wp\/v2\/media\/2110"}],"wp:attachment":[{"href":"https:\/\/yournordichome.com\/pl\/wp-json\/wp\/v2\/media?parent=2184"}],"wp:term":[{"taxonomy":"pwb-brand","embeddable":true,"href":"https:\/\/yournordichome.com\/pl\/wp-json\/wp\/v2\/pwb-brand?post=2184"},{"taxonomy":"product_brand","embeddable":true,"href":"https:\/\/yournordichome.com\/pl\/wp-json\/wp\/v2\/product_brand?post=2184"},{"taxonomy":"product_cat","embeddable":true,"href":"https:\/\/yournordichome.com\/pl\/wp-json\/wp\/v2\/product_cat?post=2184"},{"taxonomy":"product_tag","embeddable":true,"href":"https:\/\/yournordichome.com\/pl\/wp-json\/wp\/v2\/product_tag?post=2184"},{"taxonomy":"gyarto","embeddable":true,"href":"https:\/\/yournordichome.com\/pl\/wp-json\/wp\/v2\/gyarto?post=2184"}],"curies":[{"name":"wp","href":"https:\/\/api.w.org\/{rel}","templated":true}]}}