{"id":2176,"date":"2023-06-12T18:12:29","date_gmt":"2023-06-12T18:12:29","guid":{"rendered":"https:\/\/yournordichome.com\/product\/round-rug-nature-seagrass\/"},"modified":"2025-07-31T14:55:51","modified_gmt":"2025-07-31T14:55:51","slug":"dywan-okragly-trawa-morska-natura","status":"publish","type":"product","link":"https:\/\/yournordichome.com\/pl\/product\/round-rug-nature-seagrass\/","title":{"rendered":"Okr\u0105g\u0142y dywan z trawy morskiej"},"content":{"rendered":"<p>Okr\u0105g\u0142y dywanik wykonany z juty 100% w okr\u0105g\u0142ym kszta\u0142cie z czarnymi paskami. Idealny pod st\u00f3\u0142, w przytulnym k\u0105cie, a mo\u017ce w \u0142azience, aby uzyska\u0107 przytulny i naturalny akcent. Dywan doda spokojnej i relaksuj\u0105cej atmosfery, gdziekolwiek go umie\u015bcisz.<\/p>\n<p>Wymiary produktu: D120 cm<br \/>\nKolor: czarny<br \/>\nMateria\u0142: Trawa morska, Juta<br \/>\nSk\u0142ad: 100% Juta<\/p>","protected":false},"excerpt":{"rendered":"<p>Okr\u0105g\u0142a juta wykonana z trawy morskiej z okr\u0105g\u0142ym wzorem w kolorze czarnym i naturalnym. Materia\u0142 jutowy zapewnia wygod\u0119 dla st\u00f3p, jednocze\u015bnie przyczyniaj\u0105c si\u0119 do naturalnego wygl\u0105du i stylu.<\/p>","protected":false},"featured_media":2143,"comment_status":"closed","ping_status":"closed","template":"","meta":{"_acf_changed":false,"_kad_post_transparent":"default","_kad_post_title":"","_kad_post_layout":"default","_kad_post_sidebar_id":"","_kad_post_content_style":"default","_kad_post_vertical_padding":"default","_kad_post_feature":"","_kad_post_feature_position":"","_kad_post_header":false,"_kad_post_footer":false,"_kad_post_classname":""},"pwb-brand":[17],"product_brand":[],"product_cat":[88,65],"product_tag":[82,112,34,80],"gyarto":[],"class_list":{"0":"post-2176","1":"product","2":"type-product","3":"status-publish","4":"has-post-thumbnail","6":"pwb-brand-bloomingville","7":"product_cat-rug","8":"product_cat-rugs-and-textiles","9":"product_tag-carpet","10":"product_tag-jute-rug","11":"product_tag-nordic-interior-design","12":"product_tag-nordic-style-rug","13":"pa_colour-black","14":"pa_material-seagrass","16":"first","17":"instock","18":"taxable","19":"shipping-taxable","20":"purchasable","21":"product-type-simple","22":"entry","23":"content-bg","24":"loop-entry"},"acf":[],"brands":[{"id":17,"name":"Bloomingville","slug":"bloomingville"}],"_links":{"self":[{"href":"https:\/\/yournordichome.com\/pl\/wp-json\/wp\/v2\/product\/2176","targetHints":{"allow":["GET"]}}],"collection":[{"href":"https:\/\/yournordichome.com\/pl\/wp-json\/wp\/v2\/product"}],"about":[{"href":"https:\/\/yournordichome.com\/pl\/wp-json\/wp\/v2\/types\/product"}],"replies":[{"embeddable":true,"href":"https:\/\/yournordichome.com\/pl\/wp-json\/wp\/v2\/comments?post=2176"}],"wp:featuredmedia":[{"embeddable":true,"href":"https:\/\/yournordichome.com\/pl\/wp-json\/wp\/v2\/media\/2143"}],"wp:attachment":[{"href":"https:\/\/yournordichome.com\/pl\/wp-json\/wp\/v2\/media?parent=2176"}],"wp:term":[{"taxonomy":"pwb-brand","embeddable":true,"href":"https:\/\/yournordichome.com\/pl\/wp-json\/wp\/v2\/pwb-brand?post=2176"},{"taxonomy":"product_brand","embeddable":true,"href":"https:\/\/yournordichome.com\/pl\/wp-json\/wp\/v2\/product_brand?post=2176"},{"taxonomy":"product_cat","embeddable":true,"href":"https:\/\/yournordichome.com\/pl\/wp-json\/wp\/v2\/product_cat?post=2176"},{"taxonomy":"product_tag","embeddable":true,"href":"https:\/\/yournordichome.com\/pl\/wp-json\/wp\/v2\/product_tag?post=2176"},{"taxonomy":"gyarto","embeddable":true,"href":"https:\/\/yournordichome.com\/pl\/wp-json\/wp\/v2\/gyarto?post=2176"}],"curies":[{"name":"wp","href":"https:\/\/api.w.org\/{rel}","templated":true}]}}