{"id":2079,"date":"2023-06-04T16:19:15","date_gmt":"2023-06-04T16:19:15","guid":{"rendered":"https:\/\/yournordichome.com\/product\/superhero-mouse-maileg\/"},"modified":"2025-11-17T20:39:47","modified_gmt":"2025-11-17T20:39:47","slug":"superbohater-mysz-maileg","status":"publish","type":"product","link":"https:\/\/yournordichome.com\/pl\/product\/superhero-mouse-maileg\/","title":{"rendered":"Mysz superbohatera Maileg"},"content":{"rendered":"<p><strong>Mysz superbohatera od Maileg<\/strong> mieszka w pude\u0142ku zapa\u0142ek. Jest tam dla ka\u017cdego dziecka, kt\u00f3re potrzebuje przyjaciela superbohatera i b\u0119dzie dzielnym towarzyszem ka\u017cdej przygody. Opr\u00f3cz maski ma r\u00f3wnie\u017c urocz\u0105 mask\u0119 na oczy na noc, kiedy chowa si\u0119 pod ko\u0142dr\u0105 w swoim ma\u0142ym pude\u0142ku zapa\u0142ek, kt\u00f3re mo\u017ce opowiada\u0107 o wielu przygodach.<\/p>\n<p>Wysoko\u015b\u0107 (mysz): 11 cm<br \/>\nMateria\u0142: Bawe\u0142na \/ Poliester<br \/>\nWype\u0142nienie: REC.POL.\/PE PELLE<br \/>\nPranie: 30\u00b0C<\/p>","protected":false},"excerpt":{"rendered":"<p>Myszka superbohater mieszka w pude\u0142ku zapa\u0142ek i ma peleryn\u0119 oraz mask\u0119. Kiedy nie robi rzeczy bohatera, odpoczywa w swoim ma\u0142ym pude\u0142ku zapa\u0142ek, gdzie wygodna poduszka i koc zapewniaj\u0105 mu sen. Je\u015bli jednak zajdzie potrzeba wkroczenia na scen\u0119, jest tam natychmiast!<\/p>","protected":false},"featured_media":2062,"comment_status":"closed","ping_status":"closed","template":"","meta":{"_acf_changed":false,"_kad_post_transparent":"default","_kad_post_title":"","_kad_post_layout":"default","_kad_post_sidebar_id":"","_kad_post_content_style":"default","_kad_post_vertical_padding":"default","_kad_post_feature":"","_kad_post_feature_position":"","_kad_post_header":false,"_kad_post_footer":false,"_kad_post_classname":""},"pwb-brand":[18],"product_brand":[],"product_cat":[47,48],"product_tag":[290],"gyarto":[],"class_list":{"0":"post-2079","1":"product","2":"type-product","3":"status-publish","4":"has-post-thumbnail","6":"pwb-brand-maileg","7":"product_cat-kids","8":"product_cat-toy","9":"product_tag-maileg-mouse","10":"pa_colour-multi","11":"pa_material-cotton","12":"pa_material-paper","14":"first","15":"outofstock","16":"taxable","17":"shipping-taxable","18":"purchasable","19":"product-type-simple","20":"entry","21":"content-bg","22":"loop-entry"},"acf":[],"brands":[{"id":18,"name":"Maileg","slug":"maileg"}],"_links":{"self":[{"href":"https:\/\/yournordichome.com\/pl\/wp-json\/wp\/v2\/product\/2079","targetHints":{"allow":["GET"]}}],"collection":[{"href":"https:\/\/yournordichome.com\/pl\/wp-json\/wp\/v2\/product"}],"about":[{"href":"https:\/\/yournordichome.com\/pl\/wp-json\/wp\/v2\/types\/product"}],"replies":[{"embeddable":true,"href":"https:\/\/yournordichome.com\/pl\/wp-json\/wp\/v2\/comments?post=2079"}],"wp:featuredmedia":[{"embeddable":true,"href":"https:\/\/yournordichome.com\/pl\/wp-json\/wp\/v2\/media\/2062"}],"wp:attachment":[{"href":"https:\/\/yournordichome.com\/pl\/wp-json\/wp\/v2\/media?parent=2079"}],"wp:term":[{"taxonomy":"pwb-brand","embeddable":true,"href":"https:\/\/yournordichome.com\/pl\/wp-json\/wp\/v2\/pwb-brand?post=2079"},{"taxonomy":"product_brand","embeddable":true,"href":"https:\/\/yournordichome.com\/pl\/wp-json\/wp\/v2\/product_brand?post=2079"},{"taxonomy":"product_cat","embeddable":true,"href":"https:\/\/yournordichome.com\/pl\/wp-json\/wp\/v2\/product_cat?post=2079"},{"taxonomy":"product_tag","embeddable":true,"href":"https:\/\/yournordichome.com\/pl\/wp-json\/wp\/v2\/product_tag?post=2079"},{"taxonomy":"gyarto","embeddable":true,"href":"https:\/\/yournordichome.com\/pl\/wp-json\/wp\/v2\/gyarto?post=2079"}],"curies":[{"name":"wp","href":"https:\/\/api.w.org\/{rel}","templated":true}]}}