{"id":2077,"date":"2023-06-04T16:19:15","date_gmt":"2023-06-04T16:19:15","guid":{"rendered":"https:\/\/yournordichome.com\/product\/hook-w-porcelain-knob\/"},"modified":"2025-07-31T15:01:17","modified_gmt":"2025-07-31T15:01:17","slug":"hak-z-porcelanowa-galka","status":"publish","type":"product","link":"https:\/\/yournordichome.com\/pl\/product\/hook-w-porcelain-knob\/","title":{"rendered":"Hak z porcelanow\u0105 ga\u0142k\u0105"},"content":{"rendered":"<p>Haczyk w stylu shabby chic z porcelanow\u0105 ga\u0142k\u0105 i dekorem serca w kolorze antycznej szaro\u015bci wykonanym z metalu.<\/p>\n<p>Wymiary produktu: H16\/L6\/W6 cm<br \/>\nKolor: Szary<br \/>\nMateria\u0142: Metal, porcelana<\/p>","protected":false},"excerpt":{"rendered":"<p>Haczyk w stylu shabby chic z porcelanow\u0105 ga\u0142k\u0105 i dekorem serca w kolorze antycznej szaro\u015bci wykonanym z metalu.<\/p>","protected":false},"featured_media":2054,"comment_status":"closed","ping_status":"closed","template":"","meta":{"_acf_changed":false,"_kad_post_transparent":"default","_kad_post_title":"","_kad_post_layout":"default","_kad_post_sidebar_id":"","_kad_post_content_style":"default","_kad_post_vertical_padding":"default","_kad_post_feature":"","_kad_post_feature_position":"","_kad_post_header":false,"_kad_post_footer":false,"_kad_post_classname":""},"pwb-brand":[19],"product_brand":[],"product_cat":[94,108],"product_tag":[34,25],"gyarto":[],"class_list":{"0":"post-2077","1":"product","2":"type-product","3":"status-publish","4":"has-post-thumbnail","6":"pwb-brand-chic-antique","7":"product_cat-furniture","8":"product_cat-home-accesories-furniture","9":"product_tag-nordic-interior-design","10":"product_tag-shabby-chic","11":"pa_colour-grey","12":"pa_material-metal","14":"first","15":"instock","16":"taxable","17":"shipping-taxable","18":"purchasable","19":"product-type-simple","20":"entry","21":"content-bg","22":"loop-entry"},"acf":[],"brands":[{"id":19,"name":"Chic Antique","slug":"szykowny-antyk"}],"_links":{"self":[{"href":"https:\/\/yournordichome.com\/pl\/wp-json\/wp\/v2\/product\/2077","targetHints":{"allow":["GET"]}}],"collection":[{"href":"https:\/\/yournordichome.com\/pl\/wp-json\/wp\/v2\/product"}],"about":[{"href":"https:\/\/yournordichome.com\/pl\/wp-json\/wp\/v2\/types\/product"}],"replies":[{"embeddable":true,"href":"https:\/\/yournordichome.com\/pl\/wp-json\/wp\/v2\/comments?post=2077"}],"wp:featuredmedia":[{"embeddable":true,"href":"https:\/\/yournordichome.com\/pl\/wp-json\/wp\/v2\/media\/2054"}],"wp:attachment":[{"href":"https:\/\/yournordichome.com\/pl\/wp-json\/wp\/v2\/media?parent=2077"}],"wp:term":[{"taxonomy":"pwb-brand","embeddable":true,"href":"https:\/\/yournordichome.com\/pl\/wp-json\/wp\/v2\/pwb-brand?post=2077"},{"taxonomy":"product_brand","embeddable":true,"href":"https:\/\/yournordichome.com\/pl\/wp-json\/wp\/v2\/product_brand?post=2077"},{"taxonomy":"product_cat","embeddable":true,"href":"https:\/\/yournordichome.com\/pl\/wp-json\/wp\/v2\/product_cat?post=2077"},{"taxonomy":"product_tag","embeddable":true,"href":"https:\/\/yournordichome.com\/pl\/wp-json\/wp\/v2\/product_tag?post=2077"},{"taxonomy":"gyarto","embeddable":true,"href":"https:\/\/yournordichome.com\/pl\/wp-json\/wp\/v2\/gyarto?post=2077"}],"curies":[{"name":"wp","href":"https:\/\/api.w.org\/{rel}","templated":true}]}}