{"id":2040,"date":"2023-06-04T13:16:44","date_gmt":"2023-06-04T13:16:44","guid":{"rendered":"https:\/\/yournordichome.com\/product\/basket-nature\/"},"modified":"2025-07-31T15:09:19","modified_gmt":"2025-07-31T15:09:19","slug":"koszyk-natura","status":"publish","type":"product","link":"https:\/\/yournordichome.com\/pl\/product\/basket-nature\/","title":{"rendered":"Koszyk natura"},"content":{"rendered":"<p>Koszyk w naturalnym kolorze do dekoracji. Unikalny element, kt\u00f3ry wyr\u00f3\u017cni si\u0119 z t\u0142umu. Jego nordycki design i organiczne elementy wprowadz\u0105 przytuln\u0105 atmosfer\u0119 do pomieszczenia.<\/p>\n<p>Wymiary produktu: D46xH43,5 cm<br \/>\nKolor: naturalny<br \/>\nSk\u0142ad: Gajih, Bawe\u0142na, \u017belazo<\/p>","protected":false},"excerpt":{"rendered":"<p>Koszyk o niesamowitym organicznym kszta\u0142cie z czarnymi detalami, kt\u00f3ry doda naturalnego charakteru ka\u017cdemu pomieszczeniu. Umie\u015b\u0107 w nim suszone kwiaty lub pozw\u00f3l mu sta\u0107 samodzielnie.<\/p>","protected":false},"featured_media":1997,"comment_status":"closed","ping_status":"closed","template":"","meta":{"_acf_changed":false,"_kad_post_transparent":"default","_kad_post_title":"","_kad_post_layout":"default","_kad_post_sidebar_id":"","_kad_post_content_style":"default","_kad_post_vertical_padding":"default","_kad_post_feature":"","_kad_post_feature_position":"","_kad_post_header":false,"_kad_post_footer":false,"_kad_post_classname":""},"pwb-brand":[17],"product_brand":[],"product_cat":[23,123],"product_tag":[34],"gyarto":[],"class_list":{"0":"post-2040","1":"product","2":"type-product","3":"status-publish","4":"has-post-thumbnail","6":"pwb-brand-bloomingville","7":"product_cat-home-decor","8":"product_cat-decorative-accessories","9":"product_tag-nordic-interior-design","10":"pa_colour-nature","11":"pa_material-raffia","13":"first","14":"instock","15":"taxable","16":"shipping-taxable","17":"purchasable","18":"product-type-simple","19":"entry","20":"content-bg","21":"loop-entry"},"acf":[],"brands":[{"id":17,"name":"Bloomingville","slug":"bloomingville"}],"_links":{"self":[{"href":"https:\/\/yournordichome.com\/pl\/wp-json\/wp\/v2\/product\/2040","targetHints":{"allow":["GET"]}}],"collection":[{"href":"https:\/\/yournordichome.com\/pl\/wp-json\/wp\/v2\/product"}],"about":[{"href":"https:\/\/yournordichome.com\/pl\/wp-json\/wp\/v2\/types\/product"}],"replies":[{"embeddable":true,"href":"https:\/\/yournordichome.com\/pl\/wp-json\/wp\/v2\/comments?post=2040"}],"wp:featuredmedia":[{"embeddable":true,"href":"https:\/\/yournordichome.com\/pl\/wp-json\/wp\/v2\/media\/1997"}],"wp:attachment":[{"href":"https:\/\/yournordichome.com\/pl\/wp-json\/wp\/v2\/media?parent=2040"}],"wp:term":[{"taxonomy":"pwb-brand","embeddable":true,"href":"https:\/\/yournordichome.com\/pl\/wp-json\/wp\/v2\/pwb-brand?post=2040"},{"taxonomy":"product_brand","embeddable":true,"href":"https:\/\/yournordichome.com\/pl\/wp-json\/wp\/v2\/product_brand?post=2040"},{"taxonomy":"product_cat","embeddable":true,"href":"https:\/\/yournordichome.com\/pl\/wp-json\/wp\/v2\/product_cat?post=2040"},{"taxonomy":"product_tag","embeddable":true,"href":"https:\/\/yournordichome.com\/pl\/wp-json\/wp\/v2\/product_tag?post=2040"},{"taxonomy":"gyarto","embeddable":true,"href":"https:\/\/yournordichome.com\/pl\/wp-json\/wp\/v2\/gyarto?post=2040"}],"curies":[{"name":"wp","href":"https:\/\/api.w.org\/{rel}","templated":true}]}}