{"id":1980,"date":"2023-06-04T10:19:44","date_gmt":"2023-06-04T10:19:44","guid":{"rendered":"https:\/\/yournordichome.com\/product\/floor-lamp-with-ginkgo-leaves\/"},"modified":"2025-09-18T14:01:51","modified_gmt":"2025-09-18T14:01:51","slug":"lampa-podlogowa-z-liscmi-milorzebu","status":"publish","type":"product","link":"https:\/\/yournordichome.com\/pl\/product\/floor-lamp-with-ginkgo-leaves\/","title":{"rendered":"Lampa pod\u0142ogowa z li\u015b\u0107mi mi\u0142orz\u0119bu"},"content":{"rendered":"<p>Lampa pod\u0142ogowa z antycznego mosi\u0105dzu o wyj\u0105tkowym designie. \u017bar\u00f3wki s\u0105 ukryte za czterema li\u015b\u0107mi mi\u0142orz\u0119bu, co tworzy magiczn\u0105 atmosfer\u0119 w pomieszczeniu.<\/p>\n<p>Wymiary produktu: H150\/L65\/W25 cm<br \/>\nKolor: antyczny mosi\u0105dz<br \/>\nMateria\u0142: \u017belazo<br \/>\nRozmiar \u017car\u00f3wki: E27<br \/>\nMoc \u017car\u00f3wki: 40 W<br \/>\nDrut: 190 cm<\/p>","protected":false},"excerpt":{"rendered":"<p>Lampa pod\u0142ogowa z 4 li\u015b\u0107mi mi\u0142orz\u0119bu w kolorze antycznego mosi\u0105dzu. Wyj\u0105tkowy element do dekoracji domu dzi\u0119ki organicznemu kszta\u0142towi i \u0142adnym kolorom.<\/p>","protected":false},"featured_media":1904,"comment_status":"closed","ping_status":"closed","template":"","meta":{"_acf_changed":false,"_kad_post_transparent":"default","_kad_post_title":"","_kad_post_layout":"default","_kad_post_sidebar_id":"","_kad_post_content_style":"default","_kad_post_vertical_padding":"default","_kad_post_feature":"","_kad_post_feature_position":"","_kad_post_header":false,"_kad_post_footer":false,"_kad_post_classname":""},"pwb-brand":[19],"product_brand":[],"product_cat":[176,72],"product_tag":[34,117,25],"gyarto":[],"class_list":{"0":"post-1980","1":"product","2":"type-product","3":"status-publish","4":"has-post-thumbnail","6":"pwb-brand-chic-antique","7":"product_cat-floor-lamp","8":"product_cat-lamp","9":"product_tag-nordic-interior-design","10":"product_tag-nordic-lamp","11":"product_tag-shabby-chic","12":"pa_colour-brass","13":"pa_material-metal","15":"first","16":"outofstock","17":"taxable","18":"shipping-taxable","19":"purchasable","20":"product-type-simple","21":"entry","22":"content-bg","23":"loop-entry"},"acf":[],"brands":[{"id":19,"name":"Chic Antique","slug":"szykowny-antyk"}],"_links":{"self":[{"href":"https:\/\/yournordichome.com\/pl\/wp-json\/wp\/v2\/product\/1980","targetHints":{"allow":["GET"]}}],"collection":[{"href":"https:\/\/yournordichome.com\/pl\/wp-json\/wp\/v2\/product"}],"about":[{"href":"https:\/\/yournordichome.com\/pl\/wp-json\/wp\/v2\/types\/product"}],"replies":[{"embeddable":true,"href":"https:\/\/yournordichome.com\/pl\/wp-json\/wp\/v2\/comments?post=1980"}],"wp:featuredmedia":[{"embeddable":true,"href":"https:\/\/yournordichome.com\/pl\/wp-json\/wp\/v2\/media\/1904"}],"wp:attachment":[{"href":"https:\/\/yournordichome.com\/pl\/wp-json\/wp\/v2\/media?parent=1980"}],"wp:term":[{"taxonomy":"pwb-brand","embeddable":true,"href":"https:\/\/yournordichome.com\/pl\/wp-json\/wp\/v2\/pwb-brand?post=1980"},{"taxonomy":"product_brand","embeddable":true,"href":"https:\/\/yournordichome.com\/pl\/wp-json\/wp\/v2\/product_brand?post=1980"},{"taxonomy":"product_cat","embeddable":true,"href":"https:\/\/yournordichome.com\/pl\/wp-json\/wp\/v2\/product_cat?post=1980"},{"taxonomy":"product_tag","embeddable":true,"href":"https:\/\/yournordichome.com\/pl\/wp-json\/wp\/v2\/product_tag?post=1980"},{"taxonomy":"gyarto","embeddable":true,"href":"https:\/\/yournordichome.com\/pl\/wp-json\/wp\/v2\/gyarto?post=1980"}],"curies":[{"name":"wp","href":"https:\/\/api.w.org\/{rel}","templated":true}]}}