{"id":1973,"date":"2023-06-04T10:19:44","date_gmt":"2023-06-04T10:19:44","guid":{"rendered":"https:\/\/yournordichome.com\/product\/black-stool-bamboo\/"},"modified":"2025-07-31T15:11:02","modified_gmt":"2025-07-31T15:11:02","slug":"czarny-stolek-bambusowy","status":"publish","type":"product","link":"https:\/\/yournordichome.com\/pl\/product\/black-stool-bamboo\/","title":{"rendered":"Czarny sto\u0142ek bambusowy"},"content":{"rendered":"<p>Czarny sto\u0142ek wykonany z bambusa, stoj\u0105cy na czterech nogach. Pomalowany na czarno, aby uzyska\u0107 nordycki wygl\u0105d, idealnie pasuje zar\u00f3wno do monochromatycznych, jak i kolorowych wn\u0119trz. U\u017cyj go jako powierzchni do siedzenia lub jako stolika bocznego, umieszczaj\u0105c na nim ulubion\u0105 ro\u015blin\u0119 domow\u0105. Ka\u017cdy egzemplarz b\u0119dzie si\u0119 r\u00f3\u017cni\u0142 i b\u0119dzie wyj\u0105tkowy ze wzgl\u0119du na naturalny materia\u0142.<\/p>\n<p>Wymiary produktu: D30xH44 cm<br \/>\nKolor: czarny<br \/>\nSk\u0142ad: Bambus<br \/>\nInstrukcja piel\u0119gnacji: Przetrze\u0107 wilgotn\u0105 szmatk\u0105.<br \/>\nMaksymalny ud\u017awig: 110 kg<br \/>\nDo u\u017cytku na zewn\u0105trz: Nie<\/p>","protected":false},"excerpt":{"rendered":"<p>Czarny sto\u0142ek wykonany z bambusa z okr\u0105g\u0142ym siedziskiem i nordyckim wygl\u0105dem. Idealny do wszystkich pomieszcze\u0144, jako sto\u0142ek, ma\u0142a ro\u015blina lub stolik boczny - Ty decydujesz!<\/p>","protected":false},"featured_media":1875,"comment_status":"closed","ping_status":"closed","template":"","meta":{"_acf_changed":false,"_kad_post_transparent":"default","_kad_post_title":"","_kad_post_layout":"default","_kad_post_sidebar_id":"","_kad_post_content_style":"default","_kad_post_vertical_padding":"default","_kad_post_feature":"","_kad_post_feature_position":"","_kad_post_header":false,"_kad_post_footer":false,"_kad_post_classname":""},"pwb-brand":[17],"product_brand":[],"product_cat":[152,233],"product_tag":[160,285,34],"gyarto":[],"class_list":{"0":"post-1973","1":"product","2":"type-product","3":"status-publish","4":"has-post-thumbnail","6":"pwb-brand-bloomingville","7":"product_cat-chair","8":"product_cat-stool","9":"product_tag-bamboo-furniture","10":"product_tag-minimalist-furniture","11":"product_tag-nordic-interior-design","12":"pa_colour-black","13":"pa_material-bamboo","15":"first","16":"instock","17":"taxable","18":"shipping-taxable","19":"purchasable","20":"product-type-simple","21":"entry","22":"content-bg","23":"loop-entry"},"acf":[],"brands":[{"id":17,"name":"Bloomingville","slug":"bloomingville"}],"_links":{"self":[{"href":"https:\/\/yournordichome.com\/pl\/wp-json\/wp\/v2\/product\/1973","targetHints":{"allow":["GET"]}}],"collection":[{"href":"https:\/\/yournordichome.com\/pl\/wp-json\/wp\/v2\/product"}],"about":[{"href":"https:\/\/yournordichome.com\/pl\/wp-json\/wp\/v2\/types\/product"}],"replies":[{"embeddable":true,"href":"https:\/\/yournordichome.com\/pl\/wp-json\/wp\/v2\/comments?post=1973"}],"wp:featuredmedia":[{"embeddable":true,"href":"https:\/\/yournordichome.com\/pl\/wp-json\/wp\/v2\/media\/1875"}],"wp:attachment":[{"href":"https:\/\/yournordichome.com\/pl\/wp-json\/wp\/v2\/media?parent=1973"}],"wp:term":[{"taxonomy":"pwb-brand","embeddable":true,"href":"https:\/\/yournordichome.com\/pl\/wp-json\/wp\/v2\/pwb-brand?post=1973"},{"taxonomy":"product_brand","embeddable":true,"href":"https:\/\/yournordichome.com\/pl\/wp-json\/wp\/v2\/product_brand?post=1973"},{"taxonomy":"product_cat","embeddable":true,"href":"https:\/\/yournordichome.com\/pl\/wp-json\/wp\/v2\/product_cat?post=1973"},{"taxonomy":"product_tag","embeddable":true,"href":"https:\/\/yournordichome.com\/pl\/wp-json\/wp\/v2\/product_tag?post=1973"},{"taxonomy":"gyarto","embeddable":true,"href":"https:\/\/yournordichome.com\/pl\/wp-json\/wp\/v2\/gyarto?post=1973"}],"curies":[{"name":"wp","href":"https:\/\/api.w.org\/{rel}","templated":true}]}}