{"id":1778,"date":"2023-06-01T20:38:55","date_gmt":"2023-06-01T20:38:55","guid":{"rendered":"https:\/\/yournordichome.com\/product\/brown-cotton-rug-200-x-140-cm\/"},"modified":"2025-08-01T17:10:22","modified_gmt":"2025-08-01T17:10:22","slug":"brazowy-bawelniany-dywanik-200-x-140-cm","status":"publish","type":"product","link":"https:\/\/yournordichome.com\/pl\/product\/brown-cotton-rug-200-x-140-cm\/","title":{"rendered":"Br\u0105zowy bawe\u0142niany dywanik 200 x 140 cm"},"content":{"rendered":"<p>Br\u0105zowy dywan wykonany z bawe\u0142ny z pi\u0119knym wzorem kwiat\u00f3w w naturalnym odcieniu, kt\u00f3ry wprowadzi przytuln\u0105 atmosfer\u0119 do Twojego domu. Wygl\u0105da dobrze zar\u00f3wno na jasnych, jak i ciemnych pod\u0142ogach. Dywan jest prostok\u0105tny z ma\u0142ymi fr\u0119dzlami na ka\u017cdym ko\u0144cu.<\/p>\n<p>Materia\u0142: 100% Bawe\u0142na<br \/>\nWybielanie: Nie<br \/>\nCzyszczenie na sucho: Nie<br \/>\nSuszenie: Nie<br \/>\nPrasowanie: Nie<\/p>","protected":false},"excerpt":{"rendered":"<p>Br\u0105zowy bawe\u0142niany dywan z delikatnym kwiatowym wzorem. Jego ciep\u0142e kolory wprowadz\u0105 przytuln\u0105 atmosfer\u0119 do Twojego domu. Kraw\u0119dzie ozdobione s\u0105 fr\u0119dzlami.<\/p>","protected":false},"featured_media":1726,"comment_status":"closed","ping_status":"closed","template":"","meta":{"_acf_changed":false,"_kad_post_transparent":"default","_kad_post_title":"","_kad_post_layout":"default","_kad_post_sidebar_id":"","_kad_post_content_style":"default","_kad_post_vertical_padding":"default","_kad_post_feature":"","_kad_post_feature_position":"","_kad_post_header":false,"_kad_post_footer":false,"_kad_post_classname":""},"pwb-brand":[17],"product_brand":[],"product_cat":[88,65],"product_tag":[79,34,80],"gyarto":[],"class_list":{"0":"post-1778","1":"product","2":"type-product","3":"status-publish","4":"has-post-thumbnail","6":"pwb-brand-bloomingville","7":"product_cat-rug","8":"product_cat-rugs-and-textiles","9":"product_tag-cotton-rug","10":"product_tag-nordic-interior-design","11":"product_tag-nordic-style-rug","12":"pa_colour-brown","13":"pa_material-cotton","15":"first","16":"instock","17":"taxable","18":"shipping-taxable","19":"purchasable","20":"product-type-simple","21":"entry","22":"content-bg","23":"loop-entry"},"acf":[],"brands":[{"id":17,"name":"Bloomingville","slug":"bloomingville"}],"_links":{"self":[{"href":"https:\/\/yournordichome.com\/pl\/wp-json\/wp\/v2\/product\/1778","targetHints":{"allow":["GET"]}}],"collection":[{"href":"https:\/\/yournordichome.com\/pl\/wp-json\/wp\/v2\/product"}],"about":[{"href":"https:\/\/yournordichome.com\/pl\/wp-json\/wp\/v2\/types\/product"}],"replies":[{"embeddable":true,"href":"https:\/\/yournordichome.com\/pl\/wp-json\/wp\/v2\/comments?post=1778"}],"wp:featuredmedia":[{"embeddable":true,"href":"https:\/\/yournordichome.com\/pl\/wp-json\/wp\/v2\/media\/1726"}],"wp:attachment":[{"href":"https:\/\/yournordichome.com\/pl\/wp-json\/wp\/v2\/media?parent=1778"}],"wp:term":[{"taxonomy":"pwb-brand","embeddable":true,"href":"https:\/\/yournordichome.com\/pl\/wp-json\/wp\/v2\/pwb-brand?post=1778"},{"taxonomy":"product_brand","embeddable":true,"href":"https:\/\/yournordichome.com\/pl\/wp-json\/wp\/v2\/product_brand?post=1778"},{"taxonomy":"product_cat","embeddable":true,"href":"https:\/\/yournordichome.com\/pl\/wp-json\/wp\/v2\/product_cat?post=1778"},{"taxonomy":"product_tag","embeddable":true,"href":"https:\/\/yournordichome.com\/pl\/wp-json\/wp\/v2\/product_tag?post=1778"},{"taxonomy":"gyarto","embeddable":true,"href":"https:\/\/yournordichome.com\/pl\/wp-json\/wp\/v2\/gyarto?post=1778"}],"curies":[{"name":"wp","href":"https:\/\/api.w.org\/{rel}","templated":true}]}}