{"id":1717,"date":"2023-05-31T19:53:39","date_gmt":"2023-05-31T19:53:39","guid":{"rendered":"https:\/\/yournordichome.com\/product\/pillow-with-art-deco-pattern-beige-45x45-cm\/"},"modified":"2025-08-01T17:12:26","modified_gmt":"2025-08-01T17:12:26","slug":"poduszka-z-wzorem-art-deco-bezowa-45x45-cm","status":"publish","type":"product","link":"https:\/\/yournordichome.com\/pl\/product\/pillow-with-art-deco-pattern-beige-45x45-cm\/","title":{"rendered":"Poduszka z wzorem art deco be\u017cowa 45\u00d745 cm"},"content":{"rendered":"<p>Poszewka na poduszk\u0119 z wzorem art deco. Z bocznym zamkiem b\u0142yskawicznym.<\/p>\n<p>Rozmiar: 45\u00d745 cm<br \/>\nMateria\u0142: 100% poliester<\/p>","protected":false},"excerpt":{"rendered":"<p>Poszewka na poduszk\u0119 z pi\u0119knym wzorem w stylu art deco w kolorze miedzianego br\u0105zu.<\/p>","protected":false},"featured_media":1713,"comment_status":"closed","ping_status":"closed","template":"","meta":{"_acf_changed":false,"_kad_post_transparent":"default","_kad_post_title":"","_kad_post_layout":"default","_kad_post_sidebar_id":"","_kad_post_content_style":"default","_kad_post_vertical_padding":"default","_kad_post_feature":"","_kad_post_feature_position":"","_kad_post_header":false,"_kad_post_footer":false,"_kad_post_classname":""},"pwb-brand":[20],"product_brand":[],"product_cat":[294,65],"product_tag":[325,1058,26,34],"gyarto":[],"class_list":{"0":"post-1717","1":"product","2":"type-product","3":"status-publish","4":"has-post-thumbnail","6":"pwb-brand-miljogarden","7":"product_cat-pillow","8":"product_cat-rugs-and-textiles","9":"product_tag-art-deco","10":"product_tag-new-year-sale","11":"product_tag-nordic-home-decor","12":"product_tag-nordic-interior-design","13":"pa_colour-beige","14":"pa_material-cotton","16":"first","17":"instock","18":"sale","19":"taxable","20":"shipping-taxable","21":"purchasable","22":"product-type-simple","23":"entry","24":"content-bg","25":"loop-entry"},"acf":[],"brands":[{"id":20,"name":"Milj\u00f6garden","slug":"miljogarden"}],"_links":{"self":[{"href":"https:\/\/yournordichome.com\/pl\/wp-json\/wp\/v2\/product\/1717","targetHints":{"allow":["GET"]}}],"collection":[{"href":"https:\/\/yournordichome.com\/pl\/wp-json\/wp\/v2\/product"}],"about":[{"href":"https:\/\/yournordichome.com\/pl\/wp-json\/wp\/v2\/types\/product"}],"replies":[{"embeddable":true,"href":"https:\/\/yournordichome.com\/pl\/wp-json\/wp\/v2\/comments?post=1717"}],"wp:featuredmedia":[{"embeddable":true,"href":"https:\/\/yournordichome.com\/pl\/wp-json\/wp\/v2\/media\/1713"}],"wp:attachment":[{"href":"https:\/\/yournordichome.com\/pl\/wp-json\/wp\/v2\/media?parent=1717"}],"wp:term":[{"taxonomy":"pwb-brand","embeddable":true,"href":"https:\/\/yournordichome.com\/pl\/wp-json\/wp\/v2\/pwb-brand?post=1717"},{"taxonomy":"product_brand","embeddable":true,"href":"https:\/\/yournordichome.com\/pl\/wp-json\/wp\/v2\/product_brand?post=1717"},{"taxonomy":"product_cat","embeddable":true,"href":"https:\/\/yournordichome.com\/pl\/wp-json\/wp\/v2\/product_cat?post=1717"},{"taxonomy":"product_tag","embeddable":true,"href":"https:\/\/yournordichome.com\/pl\/wp-json\/wp\/v2\/product_tag?post=1717"},{"taxonomy":"gyarto","embeddable":true,"href":"https:\/\/yournordichome.com\/pl\/wp-json\/wp\/v2\/gyarto?post=1717"}],"curies":[{"name":"wp","href":"https:\/\/api.w.org\/{rel}","templated":true}]}}