{"id":1635,"date":"2023-05-30T16:15:12","date_gmt":"2023-05-30T16:15:12","guid":{"rendered":"https:\/\/yournordichome.com\/product\/wall-decoration-made-of-bamboo\/"},"modified":"2025-09-18T14:01:59","modified_gmt":"2025-09-18T14:01:59","slug":"dekoracja-scienna-wykonana-z-bambusa","status":"publish","type":"product","link":"https:\/\/yournordichome.com\/pl\/product\/wall-decoration-made-of-bamboo\/","title":{"rendered":"Dekoracja \u015bcienna wykonana z bambusa"},"content":{"rendered":"<p>Wentylator dekoracyjny wykonany z bambusa i bawe\u0142ny w naturalnych kolorach. Umie\u015b\u0107 go na \u015bcianie w salonie lub nad \u0142\u00f3\u017ckiem - b\u0119dzie pi\u0119knie wygl\u0105da\u0142 w ka\u017cdym miejscu.<\/p>\n<p>Wymiary produktu: L145xH72 cm<br \/>\nKolor: czarny<br \/>\nSk\u0142ad: Karagumoy, Bambus, Bawe\u0142na<br \/>\nZe wzgl\u0119du na materia\u0142y mog\u0105 wyst\u0105pi\u0107 r\u00f3\u017cnice<\/p>","protected":false},"excerpt":{"rendered":"<p>Dekoracja \u015bcienna w kszta\u0142cie wachlarza wykonana z bambusa i bawe\u0142ny. Naturalny materia\u0142 i kolory, wygl\u0105da pi\u0119knie na ka\u017cdej powierzchni \u015bciany.<\/p>","protected":false},"featured_media":1610,"comment_status":"closed","ping_status":"closed","template":"","meta":{"_acf_changed":false,"_kad_post_transparent":"default","_kad_post_title":"","_kad_post_layout":"default","_kad_post_sidebar_id":"","_kad_post_content_style":"default","_kad_post_vertical_padding":"default","_kad_post_feature":"","_kad_post_feature_position":"","_kad_post_header":false,"_kad_post_footer":false,"_kad_post_classname":""},"pwb-brand":[17],"product_brand":[],"product_cat":[123,23],"product_tag":[26,34,289],"gyarto":[],"class_list":{"0":"post-1635","1":"product","2":"type-product","3":"status-publish","4":"has-post-thumbnail","6":"pwb-brand-bloomingville","7":"product_cat-decorative-accessories","8":"product_cat-home-decor","9":"product_tag-nordic-home-decor","10":"product_tag-nordic-interior-design","11":"product_tag-wall-decor","12":"pa_colour-beige","13":"pa_colour-black","14":"pa_material-bamboo","16":"first","17":"instock","18":"taxable","19":"shipping-taxable","20":"purchasable","21":"product-type-simple","22":"entry","23":"content-bg","24":"loop-entry"},"acf":[],"brands":[{"id":17,"name":"Bloomingville","slug":"bloomingville"}],"_links":{"self":[{"href":"https:\/\/yournordichome.com\/pl\/wp-json\/wp\/v2\/product\/1635","targetHints":{"allow":["GET"]}}],"collection":[{"href":"https:\/\/yournordichome.com\/pl\/wp-json\/wp\/v2\/product"}],"about":[{"href":"https:\/\/yournordichome.com\/pl\/wp-json\/wp\/v2\/types\/product"}],"replies":[{"embeddable":true,"href":"https:\/\/yournordichome.com\/pl\/wp-json\/wp\/v2\/comments?post=1635"}],"wp:featuredmedia":[{"embeddable":true,"href":"https:\/\/yournordichome.com\/pl\/wp-json\/wp\/v2\/media\/1610"}],"wp:attachment":[{"href":"https:\/\/yournordichome.com\/pl\/wp-json\/wp\/v2\/media?parent=1635"}],"wp:term":[{"taxonomy":"pwb-brand","embeddable":true,"href":"https:\/\/yournordichome.com\/pl\/wp-json\/wp\/v2\/pwb-brand?post=1635"},{"taxonomy":"product_brand","embeddable":true,"href":"https:\/\/yournordichome.com\/pl\/wp-json\/wp\/v2\/product_brand?post=1635"},{"taxonomy":"product_cat","embeddable":true,"href":"https:\/\/yournordichome.com\/pl\/wp-json\/wp\/v2\/product_cat?post=1635"},{"taxonomy":"product_tag","embeddable":true,"href":"https:\/\/yournordichome.com\/pl\/wp-json\/wp\/v2\/product_tag?post=1635"},{"taxonomy":"gyarto","embeddable":true,"href":"https:\/\/yournordichome.com\/pl\/wp-json\/wp\/v2\/gyarto?post=1635"}],"curies":[{"name":"wp","href":"https:\/\/api.w.org\/{rel}","templated":true}]}}