{"id":1622,"date":"2023-05-30T16:15:12","date_gmt":"2023-05-30T16:15:12","guid":{"rendered":"https:\/\/yournordichome.com\/product\/white-glass-pendant-lamp\/"},"modified":"2025-08-07T15:25:52","modified_gmt":"2025-08-07T15:25:52","slug":"lampa-wiszaca-z-bialego-szkla","status":"publish","type":"product","link":"https:\/\/yournordichome.com\/pl\/product\/white-glass-pendant-lamp\/","title":{"rendered":"Lampa wisz\u0105ca z bia\u0142ego szk\u0142a"},"content":{"rendered":"<p>Lampa wisz\u0105ca z bia\u0142ego szk\u0142a, kt\u00f3ra zapewnia ciep\u0142e \u015bwiat\u0142o. \u015awietnym pomys\u0142em jest umieszczenie wi\u0119cej ni\u017c jednej lampy nad sto\u0142em w jadalni, aby o\u015bwietli\u0107 wieczory.<\/p>\n<p>Wymiary produktu: D25xH34 cm<br \/>\nKolor: bia\u0142y<br \/>\nSk\u0142ad: Szk\u0142o, \u017belazo<br \/>\nCertyfikat CE: Tak<br \/>\nKlasa energetyczna \u017car\u00f3wki: Wszystkie<br \/>\n\u017bar\u00f3wka w zestawie: Nie<br \/>\nRozmiar \u017car\u00f3wki: E27<br \/>\nTyp \u017car\u00f3wki: LED lub energooszcz\u0119dna (CFL)<br \/>\nMoc \u017car\u00f3wki: Max: Incandescent: 40W \/ LED: W \/ CFL: W<br \/>\nInstrukcja obs\u0142ugi: Przetrze\u0107 wilgotn\u0105 szmatk\u0105.<br \/>\nKubek sufitowy: Tak<br \/>\nKolor przewodu: czarny<br \/>\nD\u0142ugo\u015b\u0107 przewodu: 250 cm<br \/>\nMateria\u0142 przewodu: Tkanina<br \/>\nOsprz\u0119t: Tak<br \/>\nDo u\u017cytku na zewn\u0105trz: Nie<br \/>\nRozmiar klosza cm: \u00df25xH30 cm<br \/>\nPrze\u0142\u0105cznik: Nie<\/p>","protected":false},"excerpt":{"rendered":"<p>Lampa wisz\u0105ca o eleganckim designie wykonana z bia\u0142ego szk\u0142a i \u017celaza.<\/p>","protected":false},"featured_media":1613,"comment_status":"closed","ping_status":"closed","template":"","meta":{"_acf_changed":false,"_kad_post_transparent":"default","_kad_post_title":"","_kad_post_layout":"default","_kad_post_sidebar_id":"","_kad_post_content_style":"default","_kad_post_vertical_padding":"default","_kad_post_feature":"","_kad_post_feature_position":"","_kad_post_header":false,"_kad_post_footer":false,"_kad_post_classname":""},"pwb-brand":[17],"product_brand":[],"product_cat":[72,114],"product_tag":[116,34,117],"gyarto":[],"class_list":{"0":"post-1622","1":"product","2":"type-product","3":"status-publish","4":"has-post-thumbnail","6":"pwb-brand-bloomingville","7":"product_cat-lamp","8":"product_cat-pendant-lamp","9":"product_tag-ceiling-lamp","10":"product_tag-nordic-interior-design","11":"product_tag-nordic-lamp","12":"pa_colour-white","13":"pa_material-glass","15":"first","16":"instock","17":"taxable","18":"shipping-taxable","19":"purchasable","20":"product-type-simple","21":"entry","22":"content-bg","23":"loop-entry"},"acf":[],"brands":[{"id":17,"name":"Bloomingville","slug":"bloomingville"}],"_links":{"self":[{"href":"https:\/\/yournordichome.com\/pl\/wp-json\/wp\/v2\/product\/1622","targetHints":{"allow":["GET"]}}],"collection":[{"href":"https:\/\/yournordichome.com\/pl\/wp-json\/wp\/v2\/product"}],"about":[{"href":"https:\/\/yournordichome.com\/pl\/wp-json\/wp\/v2\/types\/product"}],"replies":[{"embeddable":true,"href":"https:\/\/yournordichome.com\/pl\/wp-json\/wp\/v2\/comments?post=1622"}],"wp:featuredmedia":[{"embeddable":true,"href":"https:\/\/yournordichome.com\/pl\/wp-json\/wp\/v2\/media\/1613"}],"wp:attachment":[{"href":"https:\/\/yournordichome.com\/pl\/wp-json\/wp\/v2\/media?parent=1622"}],"wp:term":[{"taxonomy":"pwb-brand","embeddable":true,"href":"https:\/\/yournordichome.com\/pl\/wp-json\/wp\/v2\/pwb-brand?post=1622"},{"taxonomy":"product_brand","embeddable":true,"href":"https:\/\/yournordichome.com\/pl\/wp-json\/wp\/v2\/product_brand?post=1622"},{"taxonomy":"product_cat","embeddable":true,"href":"https:\/\/yournordichome.com\/pl\/wp-json\/wp\/v2\/product_cat?post=1622"},{"taxonomy":"product_tag","embeddable":true,"href":"https:\/\/yournordichome.com\/pl\/wp-json\/wp\/v2\/product_tag?post=1622"},{"taxonomy":"gyarto","embeddable":true,"href":"https:\/\/yournordichome.com\/pl\/wp-json\/wp\/v2\/gyarto?post=1622"}],"curies":[{"name":"wp","href":"https:\/\/api.w.org\/{rel}","templated":true}]}}