{"id":1375,"date":"2023-05-29T12:43:00","date_gmt":"2023-05-29T12:43:00","guid":{"rendered":"https:\/\/yournordichome.com\/product\/basket-with-lion-face\/"},"modified":"2026-04-15T07:12:33","modified_gmt":"2026-04-15T07:12:33","slug":"koszyk-z-twarza-lwa","status":"publish","type":"product","link":"https:\/\/yournordichome.com\/pl\/product\/basket-with-lion-face\/","title":{"rendered":"Koszyk z twarz\u0105 lwa"},"content":{"rendered":"<p>Kosz z twarz\u0105 lwa do pokoju dzieci\u0119cego. Jest idealny do przechowywania wszystkich zabawek i rzeczy. Wykonany jest z trawy Bankuan, kt\u00f3ra jest naturalnym materia\u0142em. Jego urocza dekoracja sprawia, \u017ce jest magiczn\u0105 ozdob\u0105 pokoju.<\/p>\n<p>Rozmiar<br \/>\nWysoko\u015b\u0107: 36 cm<br \/>\nSzeroko\u015b\u0107: 52 cm<br \/>\nD\u0142ugo\u015b\u0107: 32 cm<br \/>\nMateria\u0142: Trawa bananowa, \u017celazo<br \/>\nKolor: naturalny<\/p>","protected":false},"excerpt":{"rendered":"<p>Kosz do przechowywania do pokoju dzieci\u0119cego ozdobiony s\u0142odk\u0105 twarz\u0105 lwa. Wykonany z trawy Bankuan ze wzmocnionymi bokami, jest trwa\u0142ym, naturalnym elementem.<\/p>","protected":false},"featured_media":1313,"comment_status":"closed","ping_status":"closed","template":"","meta":{"_acf_changed":false,"_kad_post_transparent":"default","_kad_post_title":"","_kad_post_layout":"default","_kad_post_sidebar_id":"","_kad_post_content_style":"default","_kad_post_vertical_padding":"default","_kad_post_feature":"","_kad_post_feature_position":"","_kad_post_header":false,"_kad_post_footer":false,"_kad_post_classname":""},"pwb-brand":[17],"product_brand":[],"product_cat":[77,47],"product_tag":[148,34,187],"gyarto":[],"class_list":{"0":"post-1375","1":"product","2":"type-product","3":"status-publish","4":"has-post-thumbnail","6":"pwb-brand-bloomingville","7":"product_cat-childrens-furniture","8":"product_cat-kids","9":"product_tag-kids-room-storage","10":"product_tag-nordic-interior-design","11":"product_tag-storage-basket","12":"pa_colour-nature","13":"pa_material-bankuan-grass","14":"pa_material-iron","16":"first","17":"instock","18":"taxable","19":"shipping-taxable","20":"purchasable","21":"product-type-simple","22":"entry","23":"content-bg","24":"loop-entry"},"acf":[],"brands":[{"id":17,"name":"Bloomingville","slug":"bloomingville"}],"_links":{"self":[{"href":"https:\/\/yournordichome.com\/pl\/wp-json\/wp\/v2\/product\/1375","targetHints":{"allow":["GET"]}}],"collection":[{"href":"https:\/\/yournordichome.com\/pl\/wp-json\/wp\/v2\/product"}],"about":[{"href":"https:\/\/yournordichome.com\/pl\/wp-json\/wp\/v2\/types\/product"}],"replies":[{"embeddable":true,"href":"https:\/\/yournordichome.com\/pl\/wp-json\/wp\/v2\/comments?post=1375"}],"wp:featuredmedia":[{"embeddable":true,"href":"https:\/\/yournordichome.com\/pl\/wp-json\/wp\/v2\/media\/1313"}],"wp:attachment":[{"href":"https:\/\/yournordichome.com\/pl\/wp-json\/wp\/v2\/media?parent=1375"}],"wp:term":[{"taxonomy":"pwb-brand","embeddable":true,"href":"https:\/\/yournordichome.com\/pl\/wp-json\/wp\/v2\/pwb-brand?post=1375"},{"taxonomy":"product_brand","embeddable":true,"href":"https:\/\/yournordichome.com\/pl\/wp-json\/wp\/v2\/product_brand?post=1375"},{"taxonomy":"product_cat","embeddable":true,"href":"https:\/\/yournordichome.com\/pl\/wp-json\/wp\/v2\/product_cat?post=1375"},{"taxonomy":"product_tag","embeddable":true,"href":"https:\/\/yournordichome.com\/pl\/wp-json\/wp\/v2\/product_tag?post=1375"},{"taxonomy":"gyarto","embeddable":true,"href":"https:\/\/yournordichome.com\/pl\/wp-json\/wp\/v2\/gyarto?post=1375"}],"curies":[{"name":"wp","href":"https:\/\/api.w.org\/{rel}","templated":true}]}}