{"id":1308,"date":"2023-05-29T11:12:07","date_gmt":"2023-05-29T11:12:07","guid":{"rendered":"https:\/\/yournordichome.com\/product\/old-wall-fountain-for-decoration-white\/"},"modified":"2025-01-23T16:07:19","modified_gmt":"2025-01-23T16:07:19","slug":"stara-fontanna-scienna-do-dekoracji-biala","status":"publish","type":"product","link":"https:\/\/yournordichome.com\/pl\/product\/old-wall-fountain-for-decoration-white\/","title":{"rendered":"Stara fontanna \u015bcienna do dekoracji - bia\u0142a"},"content":{"rendered":"<p>Stara fontanna \u015bcienna do dekoracji. Ta prawdziwie autentyczna fontanna \u015bcienna tworzy zabytkow\u0105, rustykaln\u0105 atmosfer\u0119 w ogrodzie i na tarasie. Jest to pi\u0119kna dekoracja sama w sobie, ale mo\u017cna r\u00f3wnie\u017c umie\u015bci\u0107 w niej ro\u015bliny i stworzy\u0107 kompozycj\u0119.<\/p>\n<p>Wysoko\u015b\u0107: 54 cm<br \/>\nMateria\u0142: \u017celazo<br \/>\nKolor: bia\u0142y<\/p>","protected":false},"excerpt":{"rendered":"<p>Stara fontanna \u015bcienna w stylu francuskim - dekoracja, stojak na kwiaty.<\/p>","protected":false},"featured_media":699,"comment_status":"closed","ping_status":"closed","template":"","meta":{"_acf_changed":false,"_kad_post_transparent":"default","_kad_post_title":"","_kad_post_layout":"default","_kad_post_sidebar_id":"","_kad_post_content_style":"default","_kad_post_vertical_padding":"default","_kad_post_feature":"","_kad_post_feature_position":"","_kad_post_header":false,"_kad_post_footer":false,"_kad_post_classname":""},"pwb-brand":[19],"product_brand":[],"product_cat":[31,23],"product_tag":[34,33,98],"gyarto":[],"class_list":{"0":"post-1308","1":"product","2":"type-product","3":"status-publish","4":"has-post-thumbnail","6":"pwb-brand-chic-antique","7":"product_cat-flower-stand","8":"product_cat-home-decor","9":"product_tag-nordic-interior-design","10":"product_tag-outdoor-furniture","11":"product_tag-vintage-style","12":"pa_colour-antique-cream","13":"pa_material-metal","15":"first","16":"outofstock","17":"taxable","18":"shipping-taxable","19":"purchasable","20":"product-type-simple","21":"entry","22":"content-bg","23":"loop-entry"},"acf":[],"brands":[{"id":19,"name":"Chic Antique","slug":"szykowny-antyk"}],"_links":{"self":[{"href":"https:\/\/yournordichome.com\/pl\/wp-json\/wp\/v2\/product\/1308","targetHints":{"allow":["GET"]}}],"collection":[{"href":"https:\/\/yournordichome.com\/pl\/wp-json\/wp\/v2\/product"}],"about":[{"href":"https:\/\/yournordichome.com\/pl\/wp-json\/wp\/v2\/types\/product"}],"replies":[{"embeddable":true,"href":"https:\/\/yournordichome.com\/pl\/wp-json\/wp\/v2\/comments?post=1308"}],"wp:featuredmedia":[{"embeddable":true,"href":"https:\/\/yournordichome.com\/pl\/wp-json\/wp\/v2\/media\/699"}],"wp:attachment":[{"href":"https:\/\/yournordichome.com\/pl\/wp-json\/wp\/v2\/media?parent=1308"}],"wp:term":[{"taxonomy":"pwb-brand","embeddable":true,"href":"https:\/\/yournordichome.com\/pl\/wp-json\/wp\/v2\/pwb-brand?post=1308"},{"taxonomy":"product_brand","embeddable":true,"href":"https:\/\/yournordichome.com\/pl\/wp-json\/wp\/v2\/product_brand?post=1308"},{"taxonomy":"product_cat","embeddable":true,"href":"https:\/\/yournordichome.com\/pl\/wp-json\/wp\/v2\/product_cat?post=1308"},{"taxonomy":"product_tag","embeddable":true,"href":"https:\/\/yournordichome.com\/pl\/wp-json\/wp\/v2\/product_tag?post=1308"},{"taxonomy":"gyarto","embeddable":true,"href":"https:\/\/yournordichome.com\/pl\/wp-json\/wp\/v2\/gyarto?post=1308"}],"curies":[{"name":"wp","href":"https:\/\/api.w.org\/{rel}","templated":true}]}}