{"id":1299,"date":"2023-05-29T11:12:07","date_gmt":"2023-05-29T11:12:07","guid":{"rendered":"https:\/\/yournordichome.com\/product\/round-beige-wool-rug\/"},"modified":"2025-12-01T00:19:06","modified_gmt":"2025-12-01T00:19:06","slug":"okragly-dywan-z-bezowej-welny","status":"publish","type":"product","link":"https:\/\/yournordichome.com\/pl\/product\/round-beige-wool-rug\/","title":{"rendered":"Okr\u0105g\u0142y dywan z be\u017cowej we\u0142ny"},"content":{"rendered":"<p>Okr\u0105g\u0142y be\u017cowy dywan we\u0142niany do wn\u0119trza w stylu skandynawskim. We\u0142na jest \u015bwietnym materia\u0142em, ma szczeg\u00f3ln\u0105 zdolno\u015b\u0107 do odpychania brudu, dzi\u0119ki czemu dywan pozostaje pi\u0119kny. Jego naturalno\u015b\u0107 jest warto\u015bci\u0105 dodan\u0105, a bogata tekstura tworzy zupe\u0142nie inny efekt ni\u017c inne tekstylia domowe.<\/p>\n<p>Okr\u0105g\u0142y dywan mo\u017ce by\u0107 u\u017cywany na wiele sposob\u00f3w, umieszczony pod sto\u0142em tworzy kontekst, w pustej przestrzeni zaokr\u0105gla kraw\u0119dzie i nadaje kszta\u0142t.<\/p>\n<p>Jego be\u017cowy kolor pozwala na dopasowanie go do ka\u017cdego pomieszczenia. Idealnie pasuje do czystej, klasycznej przestrzeni w stylu skandynawskim, ale tak\u017ce doskonale uzupe\u0142nia jasne odcienie.<\/p>\n<p>Jest to produkt du\u0144skiej marki Bloomingville, kt\u00f3ra s\u0142ynie z wysokiej jako\u015bci i wymagaj\u0105cego wykonania. Znany skandynawski producent tym razem stworzy\u0142 co\u015b doskona\u0142ego, ten be\u017cowy dywan b\u0119dzie jednym z ulubionych dodatk\u00f3w do Twojego domu.<\/p>\n<p>Materia\u0142: We\u0142na 100%<br \/>\n\u015arednica: 110 cm<br \/>\nDoskona\u0142y materia\u0142 odporny na zabrudzenia, popro\u015b o profesjonaln\u0105 pomoc w czyszczeniu.<\/p>","protected":false},"excerpt":{"rendered":"<p>We\u0142niany dywan w naturalnym be\u017cowym odcieniu. Niesamowity materia\u0142, czysty design.<\/p>","protected":false},"featured_media":566,"comment_status":"closed","ping_status":"closed","template":"","meta":{"_acf_changed":false,"_kad_post_transparent":"default","_kad_post_title":"","_kad_post_layout":"default","_kad_post_sidebar_id":"","_kad_post_content_style":"default","_kad_post_vertical_padding":"default","_kad_post_feature":"","_kad_post_feature_position":"","_kad_post_header":false,"_kad_post_footer":false,"_kad_post_classname":""},"pwb-brand":[17],"product_brand":[],"product_cat":[88,65],"product_tag":[24,1109,1058,34,80,89],"gyarto":[],"class_list":{"0":"post-1299","1":"product","2":"type-product","3":"status-publish","4":"has-post-thumbnail","6":"pwb-brand-bloomingville","7":"product_cat-rug","8":"product_cat-rugs-and-textiles","9":"product_tag-christmas-gift-ideas","10":"product_tag-last-item-in-stock","11":"product_tag-new-year-sale","12":"product_tag-nordic-interior-design","13":"product_tag-nordic-style-rug","14":"product_tag-wool-rug","15":"pa_colour-beige","16":"pa_material-wool","18":"first","19":"instock","20":"taxable","21":"shipping-taxable","22":"purchasable","23":"product-type-simple","24":"entry","25":"content-bg","26":"loop-entry"},"acf":[],"brands":[{"id":17,"name":"Bloomingville","slug":"bloomingville"}],"_links":{"self":[{"href":"https:\/\/yournordichome.com\/pl\/wp-json\/wp\/v2\/product\/1299","targetHints":{"allow":["GET"]}}],"collection":[{"href":"https:\/\/yournordichome.com\/pl\/wp-json\/wp\/v2\/product"}],"about":[{"href":"https:\/\/yournordichome.com\/pl\/wp-json\/wp\/v2\/types\/product"}],"replies":[{"embeddable":true,"href":"https:\/\/yournordichome.com\/pl\/wp-json\/wp\/v2\/comments?post=1299"}],"wp:featuredmedia":[{"embeddable":true,"href":"https:\/\/yournordichome.com\/pl\/wp-json\/wp\/v2\/media\/566"}],"wp:attachment":[{"href":"https:\/\/yournordichome.com\/pl\/wp-json\/wp\/v2\/media?parent=1299"}],"wp:term":[{"taxonomy":"pwb-brand","embeddable":true,"href":"https:\/\/yournordichome.com\/pl\/wp-json\/wp\/v2\/pwb-brand?post=1299"},{"taxonomy":"product_brand","embeddable":true,"href":"https:\/\/yournordichome.com\/pl\/wp-json\/wp\/v2\/product_brand?post=1299"},{"taxonomy":"product_cat","embeddable":true,"href":"https:\/\/yournordichome.com\/pl\/wp-json\/wp\/v2\/product_cat?post=1299"},{"taxonomy":"product_tag","embeddable":true,"href":"https:\/\/yournordichome.com\/pl\/wp-json\/wp\/v2\/product_tag?post=1299"},{"taxonomy":"gyarto","embeddable":true,"href":"https:\/\/yournordichome.com\/pl\/wp-json\/wp\/v2\/gyarto?post=1299"}],"curies":[{"name":"wp","href":"https:\/\/api.w.org\/{rel}","templated":true}]}}