{"id":1216,"date":"2023-05-27T12:19:05","date_gmt":"2023-05-27T12:19:05","guid":{"rendered":"https:\/\/yournordichome.com\/product\/patterned-round-rug-seagrass\/"},"modified":"2025-08-03T10:28:53","modified_gmt":"2025-08-03T10:28:53","slug":"wzorzysty-okragly-dywan-z-trawy-morskiej","status":"publish","type":"product","link":"https:\/\/yournordichome.com\/pl\/product\/patterned-round-rug-seagrass\/","title":{"rendered":"Wzorzysty okr\u0105g\u0142y dywan z trawy morskiej"},"content":{"rendered":"<p>Wzorzysty okr\u0105g\u0142y dywan wykonany z trawy morskiej, kt\u00f3rego cech\u0105 szczeg\u00f3ln\u0105 jest to, \u017ce r\u00f3\u017cne odcienie br\u0105zu s\u0105 u\u0142o\u017cone warstwowo w okr\u0105g\u0142ym kszta\u0142cie. \u015awietnie wygl\u0105da pod okr\u0105g\u0142ym stolikiem kawowym, a tak\u017ce wyr\u00f3\u017cnia si\u0119 w przestrzeni samodzielnie.<\/p>\n<p>W\u0142\u00f3kna trawy morskiej w r\u00f3\u017cnych kolorach s\u0105 splecione ze sob\u0105, tworz\u0105c regularny wz\u00f3r. Trawa morska jest trwa\u0142ym, mocnym materia\u0142em, dlatego te\u017c jest powszechnie stosowana do produkcji dywan\u00f3w. Jest to materia\u0142 zr\u00f3wnowa\u017cony i nadaj\u0105cy si\u0119 do recyklingu, wi\u0119c jest to r\u00f3wnie\u017c dobry wyb\u00f3r z punktu widzenia ochrony \u015brodowiska.<\/p>\n<p>Wymiary produktu: D150 cm<br \/>\nKolor: naturalny<br \/>\nSk\u0142ad: Hiacynt wodny, trawa morska<\/p>","protected":false},"excerpt":{"rendered":"<p>Dywan z trawy morskiej w naturalnych odcieniach br\u0105zu o okr\u0105g\u0142ym kszta\u0142cie. Jego wyj\u0105tkowo\u015b\u0107 wynika z naturalnego wzoru.<\/p>","protected":false},"featured_media":487,"comment_status":"closed","ping_status":"closed","template":"","meta":{"_acf_changed":false,"_kad_post_transparent":"default","_kad_post_title":"","_kad_post_layout":"default","_kad_post_sidebar_id":"","_kad_post_content_style":"default","_kad_post_vertical_padding":"default","_kad_post_feature":"","_kad_post_feature_position":"","_kad_post_header":false,"_kad_post_footer":false,"_kad_post_classname":""},"pwb-brand":[17],"product_brand":[],"product_cat":[88,65],"product_tag":[34,80],"gyarto":[],"class_list":{"0":"post-1216","1":"product","2":"type-product","3":"status-publish","4":"has-post-thumbnail","6":"pwb-brand-bloomingville","7":"product_cat-rug","8":"product_cat-rugs-and-textiles","9":"product_tag-nordic-interior-design","10":"product_tag-nordic-style-rug","11":"pa_colour-nature","12":"pa_material-seagrass","14":"first","15":"instock","16":"taxable","17":"shipping-taxable","18":"purchasable","19":"product-type-simple","20":"entry","21":"content-bg","22":"loop-entry"},"acf":[],"brands":[{"id":17,"name":"Bloomingville","slug":"bloomingville"}],"_links":{"self":[{"href":"https:\/\/yournordichome.com\/pl\/wp-json\/wp\/v2\/product\/1216","targetHints":{"allow":["GET"]}}],"collection":[{"href":"https:\/\/yournordichome.com\/pl\/wp-json\/wp\/v2\/product"}],"about":[{"href":"https:\/\/yournordichome.com\/pl\/wp-json\/wp\/v2\/types\/product"}],"replies":[{"embeddable":true,"href":"https:\/\/yournordichome.com\/pl\/wp-json\/wp\/v2\/comments?post=1216"}],"wp:featuredmedia":[{"embeddable":true,"href":"https:\/\/yournordichome.com\/pl\/wp-json\/wp\/v2\/media\/487"}],"wp:attachment":[{"href":"https:\/\/yournordichome.com\/pl\/wp-json\/wp\/v2\/media?parent=1216"}],"wp:term":[{"taxonomy":"pwb-brand","embeddable":true,"href":"https:\/\/yournordichome.com\/pl\/wp-json\/wp\/v2\/pwb-brand?post=1216"},{"taxonomy":"product_brand","embeddable":true,"href":"https:\/\/yournordichome.com\/pl\/wp-json\/wp\/v2\/product_brand?post=1216"},{"taxonomy":"product_cat","embeddable":true,"href":"https:\/\/yournordichome.com\/pl\/wp-json\/wp\/v2\/product_cat?post=1216"},{"taxonomy":"product_tag","embeddable":true,"href":"https:\/\/yournordichome.com\/pl\/wp-json\/wp\/v2\/product_tag?post=1216"},{"taxonomy":"gyarto","embeddable":true,"href":"https:\/\/yournordichome.com\/pl\/wp-json\/wp\/v2\/gyarto?post=1216"}],"curies":[{"name":"wp","href":"https:\/\/api.w.org\/{rel}","templated":true}]}}